{"id":74890,"date":"2022-12-21T10:24:41","date_gmt":"2022-12-21T08:24:41","guid":{"rendered":"https:\/\/totalblue.ro\/?post_type=product&#038;p=74890"},"modified":"2024-05-11T08:57:03","modified_gmt":"2024-05-11T05:57:03","slug":"look-o-look-cherrysticks-115-g","status":"publish","type":"product","link":"https:\/\/totalblue.ro\/fr\/produs\/look-o-look-cherrysticks-115-g\/","title":{"rendered":"Look-O-Look B\u00e2tons aromatis\u00e9s \u00e0 la cerise, 12 pi\u00e8ces, 115g import\u00e9 des Pays-Bas"},"content":{"rendered":"<p>Look-O-Look B\u00e2tons aromatis\u00e9s \u00e0 la cerise, 12 pi\u00e8ces, 115g import\u00e9 des Pays-Bas<\/p>\n<p>1 paquet contient environ 12 d\u00e9licieux b\u00e2tonnets aigre-doux au go\u00fbt intense de cerise.<\/p>\n<p>Ingr\u00e9dient :<br \/>\nSucre, sirop de glucose, farine GRAU, amidon, amidon modifi\u00e9, stabilisants (sirop de sorbitol, glyc\u00e9rol), acides alimentaires (acide citrique, acide malique, acide lactique, acide fumarique), dextrose, huile de coco, g\u00e9latine, \u00e9mulsifiant (mono- et diglyc\u00e9rides d'acides gras), ar\u00f4me, r\u00e9gulateur d'acidit\u00e9 (citrate trisodique), agent d'enrobage (cire d'abeille), colorant (carmin).<\/p>\n<p>Informations sur les allergies :<br \/>\nContient : c\u00e9r\u00e9ales contenant du gluten, bl\u00e9.<\/p>\n<p>Valeurs nutritionnelles pour 100g :<\/p>\n<p id=\"tw-target-text\" class=\"tw-data-text tw-text-large tw-ta\" dir=\"ltr\" data-placeholder=\"Traducere\"><span class=\"Y2IQFc\" lang=\"ro\">\u00c9nergie 1527 kJ (360 kcal)<br \/>\nGraisses 1,4 g dont graisses satur\u00e9es 1,2 g<br \/>\nGlucides 85 g dont sucres 56 g<br \/>\nProt\u00e9ines 1,5 g<br \/>\nSel 0,07 g<\/span><\/p>\n<p dir=\"ltr\" data-placeholder=\"Traducere\">Fabriqu\u00e9 par Leverancier Perfetti Van Melle Benelux B.V., P.O. Box 3000 4800 DA Breda Holland<br \/>\nImportateur et distributeur Total Blue Impex SRL<\/p>","protected":false},"excerpt":{"rendered":"<p>Look-O-Look Sticksuri cu aroma de cirese, 12 bucati, 115g import Olanda 1 pachet contine aproximativ 12\u00a0 beti\u0219oare dulci acrisoare delicioase cu aroma intensa de cirese. Ingrediente: Zahar, sirop de glucoza, faina de GRAU, amidon, amidon modificat, stabilizatori (sirop de sorbitol, glicerol), acizi alimentari (acid citric, acid malic, acid lactic, acid fumaric), dextroza, ulei de cocos, [&#8230;]\n","protected":false},"featured_media":74894,"comment_status":"open","ping_status":"closed","template":"","meta":{"_acf_changed":false,"_seopress_robots_primary_cat":"none","_seopress_titles_title":"Look-O-Look Sticksuri cu aroma de cirese, dulci acrisoare Olanda","_seopress_titles_desc":"Cauti bomboane dulci acrisoare cu aroma de cirese? Cumpara acum online, ieftin cu livrare rapida\r\nLook-O-Look Sticksuri cu aroma de cirese Olanda","_seopress_robots_index":""},"product_brand":[3734],"product_cat":[1555,3338,7021,1767],"giftcard-category":[],"class_list":{"0":"post-74890","1":"product","2":"type-product","3":"status-publish","4":"has-post-thumbnail","6":"product_brand-look-o-look","7":"product_cat-bacanie","8":"product_cat-dulciuri-snacksuri","9":"product_cat-dulciuri-snacks","10":"product_cat-produse-olanda","12":"first","13":"outofstock","14":"taxable","15":"shipping-taxable","16":"purchasable","17":"product-type-simple"},"acf":[],"_links":{"self":[{"href":"https:\/\/totalblue.ro\/fr\/wp-json\/wp\/v2\/product\/74890","targetHints":{"allow":["GET"]}}],"collection":[{"href":"https:\/\/totalblue.ro\/fr\/wp-json\/wp\/v2\/product"}],"about":[{"href":"https:\/\/totalblue.ro\/fr\/wp-json\/wp\/v2\/types\/product"}],"replies":[{"embeddable":true,"href":"https:\/\/totalblue.ro\/fr\/wp-json\/wp\/v2\/comments?post=74890"}],"wp:featuredmedia":[{"embeddable":true,"href":"https:\/\/totalblue.ro\/fr\/wp-json\/wp\/v2\/media\/74894"}],"wp:attachment":[{"href":"https:\/\/totalblue.ro\/fr\/wp-json\/wp\/v2\/media?parent=74890"}],"wp:term":[{"taxonomy":"product_brand","embeddable":true,"href":"https:\/\/totalblue.ro\/fr\/wp-json\/wp\/v2\/product_brand?post=74890"},{"taxonomy":"product_cat","embeddable":true,"href":"https:\/\/totalblue.ro\/fr\/wp-json\/wp\/v2\/product_cat?post=74890"},{"taxonomy":"giftcard-category","embeddable":true,"href":"https:\/\/totalblue.ro\/fr\/wp-json\/wp\/v2\/giftcard-category?post=74890"}],"curies":[{"name":"wp","href":"https:\/\/api.w.org\/{rel}","templated":true}]}}