{"id":75762,"date":"2022-12-27T09:35:48","date_gmt":"2022-12-27T07:35:48","guid":{"rendered":"https:\/\/totalblue.ro\/?post_type=product&#038;p=75762"},"modified":"2025-08-04T10:22:13","modified_gmt":"2025-08-04T07:22:13","slug":"fristi-iaurt-de-baut-cu-piersica-0-grasimi-bogat-in-calciu-1-l","status":"publish","type":"product","link":"https:\/\/totalblue.ro\/fr\/produs\/fristi-iaurt-de-baut-cu-piersica-0-grasimi-bogat-in-calciu-1-l\/","title":{"rendered":"Yaourt \u00e0 boire Fristi \u00e0 la p\u00eache, 0% gras et riche en Calcium 1 L"},"content":{"rendered":"<p>Ingrediente: LAPTE degresat fermentat, componente lichide din LAPTE (permeat de zer), apa, zahar, sirop de fructoza, suc de piersici 3%, agent de ingrosare (guma guar), stabilizatori (pectina, fosfat dipotasic si citrat trisodic), acid alimentar (acid lactic), aroma naturala, culoare (beta-caroten).<br \/>\nAlergeni: contine lapte<br \/>\nMode d'emploi : agiter avant consommation. A boire de pr\u00e9f\u00e9rence froid.<br \/>\nStockage : Conserver dans un endroit frais (max 7\u00b0C). Produit p\u00e9rissable apr\u00e8s ouverture. Conserver \u00e0 l'abri de la lumi\u00e8re du soleil.<br \/>\nConsommer avant : voir sur l'emballage.<br \/>\nValeurs nutritionnelles pour 100 ml :<br \/>\nEnergie 184 kJ (44 kcal)<br \/>\nGraisses 0 g dont graisses satur\u00e9es 0 g<br \/>\nCarbohidrati 7,8g din care zaharuri 7,7g<br \/>\nProteine \u200b\u200b2g<br \/>\nSare 0,13 g<br \/>\nCalciu 70 mg<br \/>\nProducator: Friesland Campina Consumentenservice: Antwoordnummer 390 3800 VB Amersfoort, The Netherlands<br \/>\nImportateur et distributeur : Total Blue Impex SRL, Bucarest, Roumanie.<\/p>","protected":false},"excerpt":{"rendered":"<p>Ingrediente: LAPTE degresat fermentat, componente lichide din LAPTE (permeat de zer), apa, zahar, sirop de fructoza, suc de piersici 3%, agent de ingrosare (guma guar), stabilizatori (pectina, fosfat dipotasic si citrat trisodic), acid alimentar (acid lactic), aroma naturala, culoare (beta-caroten). Alergeni: contine lapte Mod de utilizare: a se agita inainte de consum. A se consuma [&#8230;]\n","protected":false},"featured_media":75764,"comment_status":"open","ping_status":"closed","template":"","meta":{"_acf_changed":false,"_seopress_robots_primary_cat":"none","_seopress_titles_title":"","_seopress_titles_desc":"","_seopress_robots_index":""},"product_brand":[5427],"product_cat":[1555,4226,3288,3304,1767],"giftcard-category":[],"class_list":{"0":"post-75762","1":"product","2":"type-product","3":"status-publish","4":"has-post-thumbnail","6":"product_brand-fristi","7":"product_cat-bacanie","8":"product_cat-branzeturi-bacanie","9":"product_cat-branzeturi","10":"product_cat-mic-dejun-produse-olanda","11":"product_cat-produse-olanda","13":"first","14":"outofstock","15":"taxable","16":"shipping-taxable","17":"purchasable","18":"product-type-simple"},"acf":[],"_links":{"self":[{"href":"https:\/\/totalblue.ro\/fr\/wp-json\/wp\/v2\/product\/75762","targetHints":{"allow":["GET"]}}],"collection":[{"href":"https:\/\/totalblue.ro\/fr\/wp-json\/wp\/v2\/product"}],"about":[{"href":"https:\/\/totalblue.ro\/fr\/wp-json\/wp\/v2\/types\/product"}],"replies":[{"embeddable":true,"href":"https:\/\/totalblue.ro\/fr\/wp-json\/wp\/v2\/comments?post=75762"}],"wp:featuredmedia":[{"embeddable":true,"href":"https:\/\/totalblue.ro\/fr\/wp-json\/wp\/v2\/media\/75764"}],"wp:attachment":[{"href":"https:\/\/totalblue.ro\/fr\/wp-json\/wp\/v2\/media?parent=75762"}],"wp:term":[{"taxonomy":"product_brand","embeddable":true,"href":"https:\/\/totalblue.ro\/fr\/wp-json\/wp\/v2\/product_brand?post=75762"},{"taxonomy":"product_cat","embeddable":true,"href":"https:\/\/totalblue.ro\/fr\/wp-json\/wp\/v2\/product_cat?post=75762"},{"taxonomy":"giftcard-category","embeddable":true,"href":"https:\/\/totalblue.ro\/fr\/wp-json\/wp\/v2\/giftcard-category?post=75762"}],"curies":[{"name":"wp","href":"https:\/\/api.w.org\/{rel}","templated":true}]}}