{"id":75824,"date":"2022-12-27T10:18:26","date_gmt":"2022-12-27T08:18:26","guid":{"rendered":"https:\/\/totalblue.ro\/?post_type=product&#038;p=75824"},"modified":"2026-02-25T14:58:18","modified_gmt":"2026-02-25T12:58:18","slug":"conimex-mix-de-condimente-pentru-babi-ketjap-92-g","status":"publish","type":"product","link":"https:\/\/totalblue.ro\/fr\/produs\/conimex-mix-de-condimente-pentru-babi-ketjap-92-g\/","title":{"rendered":"Conimex Mix de Condimente pentru Babi Ketjap 92 g"},"content":{"rendered":"<p><span class=\"HwtZe\" lang=\"ro\"><span class=\"jCAhz JxVs2d ChMk0b\"><span class=\"ryNqvb\">Ingrediente ale amestecului de marinat\u0103: Ghimbir, zah\u0103r, sare, arome (con\u021bine gr\u00e2u), usturoi, coriandru, ceap\u0103, praf de boia de ardei, maltodextrin\u0103, piper negru, gr\u0103sime de sl\u0103nin\u0103, sos de soia (maltodextrin\u0103, sare, soia, gr\u00e2u), extract de drojdie, trassi (extract de creve\u021bi), chimion, acid (acid citric), cui\u0219oare, \u021belin\u0103, ulei vegetal.<\/span><\/span> <span class=\"jCAhz JxVs2d ChMk0b\"><span class=\"ryNqvb\">(2) Amestec de sos: zah\u0103r, amidon de cartofi, arom\u0103, sare, maltodextrin\u0103, ro\u0219ii, zah\u0103r ars, ulei vegetal (con\u021bine susan), sos de soia (soia, gr\u00e2u, sare), ceap\u0103, extract de mal\u021b de orz (con\u021bine gluten), drojdie extract, r\u0103d\u0103cin\u0103 de ghimbir, chimen, piper negru, acid-acid citric.<br \/>\nValeurs nutritionnelles \/ 100 g :<br \/>\nEnergie 1493 kJ \/ 352 kcal<br \/>\nGrasimi 1.6 g din care saturate 0,2 g<br \/>\nCarbohidrati 79 g din care zaharuri 56 g<br \/>\nFibre alimentare 2.9 g<br \/>\nProteine \u200b\u200b3.5 g<br \/>\nsare 6.9 g<\/span><\/span><\/span><br \/>\nFabricat de Unilever Nederland, Conimex, Postbus 160 3000 AD Rotterdam, Olanda<br \/>\nImportateur et distributeur Total Blue Impex SRL<\/p>","protected":false},"excerpt":{"rendered":"<p>Ingrediente ale amestecului de marinat\u0103: Ghimbir, zah\u0103r, sare, arome (con\u021bine gr\u00e2u), usturoi, coriandru, ceap\u0103, praf de boia de ardei, maltodextrin\u0103, piper negru, gr\u0103sime de sl\u0103nin\u0103, sos de soia (maltodextrin\u0103, sare, soia, gr\u00e2u), extract de drojdie, trassi (extract de creve\u021bi), chimion, acid (acid citric), cui\u0219oare, \u021belin\u0103, ulei vegetal. (2) Amestec de sos: zah\u0103r, amidon de cartofi, [&#8230;]\n","protected":false},"featured_media":75826,"comment_status":"open","ping_status":"closed","template":"","meta":{"_acf_changed":false,"_seopress_robots_primary_cat":"none","_seopress_titles_title":"","_seopress_titles_desc":"Comanda acum Pasta de condimente Bami Goreng Conimex Olanda 95g. Bami Goreng - Bomboe Voor Kruidig Noedelgerecht","_seopress_robots_index":""},"product_brand":[1949],"product_cat":[1555,3280,1451,17494,1767],"giftcard-category":[],"class_list":{"0":"post-75824","1":"product","2":"type-product","3":"status-publish","4":"has-post-thumbnail","6":"product_brand-conimex","7":"product_cat-bacanie","8":"product_cat-condimente-sosuri","9":"product_cat-condimente-produse-instant","10":"product_cat-influente-asiatice","11":"product_cat-produse-olanda","13":"first","14":"instock","15":"taxable","16":"shipping-taxable","17":"purchasable","18":"product-type-simple"},"acf":[],"_links":{"self":[{"href":"https:\/\/totalblue.ro\/fr\/wp-json\/wp\/v2\/product\/75824","targetHints":{"allow":["GET"]}}],"collection":[{"href":"https:\/\/totalblue.ro\/fr\/wp-json\/wp\/v2\/product"}],"about":[{"href":"https:\/\/totalblue.ro\/fr\/wp-json\/wp\/v2\/types\/product"}],"replies":[{"embeddable":true,"href":"https:\/\/totalblue.ro\/fr\/wp-json\/wp\/v2\/comments?post=75824"}],"wp:featuredmedia":[{"embeddable":true,"href":"https:\/\/totalblue.ro\/fr\/wp-json\/wp\/v2\/media\/75826"}],"wp:attachment":[{"href":"https:\/\/totalblue.ro\/fr\/wp-json\/wp\/v2\/media?parent=75824"}],"wp:term":[{"taxonomy":"product_brand","embeddable":true,"href":"https:\/\/totalblue.ro\/fr\/wp-json\/wp\/v2\/product_brand?post=75824"},{"taxonomy":"product_cat","embeddable":true,"href":"https:\/\/totalblue.ro\/fr\/wp-json\/wp\/v2\/product_cat?post=75824"},{"taxonomy":"giftcard-category","embeddable":true,"href":"https:\/\/totalblue.ro\/fr\/wp-json\/wp\/v2\/giftcard-category?post=75824"}],"curies":[{"name":"wp","href":"https:\/\/api.w.org\/{rel}","templated":true}]}}