{"id":75930,"date":"2022-12-27T13:00:03","date_gmt":"2022-12-27T11:00:03","guid":{"rendered":"https:\/\/totalblue.ro\/?post_type=product&#038;p=75930"},"modified":"2025-08-06T10:13:34","modified_gmt":"2025-08-06T07:13:34","slug":"honig-mie-paste-taietei-cuiburi-500g-import-olanda","status":"publish","type":"product","link":"https:\/\/totalblue.ro\/fr\/produs\/honig-mie-paste-taietei-cuiburi-500g-import-olanda\/","title":{"rendered":"Honig Mie Paste, taietei cuiburi 500g, import Olanda"},"content":{"rendered":"<p>Informatii suplimentare<br \/>\nHonig mie taietei cuiburi au fost introduse in 1950 si de atunci este imposibil sa ne imaginam bucataria olandeza fara ele. Baza perfecta pentru mancarurile tale orientale preferate. Adaugand ingrediente proaspete, precum piept de pui si legume nasi\/bami, puteti pune rapid si usor pe masa un preparat de familie delicios, de casa! Honig mie cuiburi este potrivit pentru 6 persoane si este pe masa gata in 10 minute. Pregatiti vasul conform metodei generale de preparare sau serviti bami-ul cu sos Wijko Sate pentru variatie. Deci la masa cu Honig!<br \/>\nIngrediente: faina de grau, grau tare.<\/p>\n<p>Poate contine urme de ou de gaina si soia.<br \/>\nInformations sur les allergies<br \/>\nContient : bl\u00e9, c\u00e9r\u00e9ales contenant du gluten<br \/>\nPoate contine: oua, soia<\/p>\n<p>Valeurs nutritionnelles pour 100g :<br \/>\nEnergie 1495 kJ (353 kcal)<br \/>\nGrasimi 1,5 g din care grasimi saturate 0,1 g<br \/>\nGlucide 72 g din care zaharuri 3,5 g<br \/>\nFibre alimentare 2,5 g<br \/>\nProteine \u200b\u200b11 g<br \/>\nSel 0,03 g<\/p>\n<p>Preparare:<br \/>\nGatiti 9-10 minute<\/p>\n<p>Metoda generala de preparare<br \/>\nLuati 2 pana la 3 Mie Cuiburi Original de persoana. Puneti Mie Cuiburi intr-o cantitate mare de apa clocotita (4 l pentru 500 g Mie Nestjes) si gatiti timp de 10 minute in timp ce amestecati. Tineti timp de 9 minute pentru paste mai tari, al dente. Scurgeti apa, clatiti putin cu apa calduta, tineti cald in tigaie si amestecati cu un strop de ulei (de masline), daca este necesar.<\/p>\n<p>Conditii pastrare: A se pastra intr-un loc uscat si intunecat.<\/p>\n<p>Fabricat de Honig Consumentenservice Antwoordnummer 98057, 1000 VA Amsterdam<br \/>\nImportateur et distributeur Total Blue Impex SRL<\/p>","protected":false},"excerpt":{"rendered":"<p>Informatii suplimentare Honig mie taietei cuiburi au fost introduse in 1950 si de atunci este imposibil sa ne imaginam bucataria olandeza fara ele. Baza perfecta pentru mancarurile tale orientale preferate. Adaugand ingrediente proaspete, precum piept de pui si legume nasi\/bami, puteti pune rapid si usor pe masa un preparat de familie delicios, de casa! Honig [&#8230;]\n","protected":false},"featured_media":75933,"comment_status":"open","ping_status":"closed","template":"","meta":{"_acf_changed":false,"_seopress_robots_primary_cat":"1767","_seopress_titles_title":"","_seopress_titles_desc":"","_seopress_robots_index":""},"product_brand":[2066],"product_cat":[1555,1463,3328,1767],"giftcard-category":[],"class_list":{"0":"post-75930","1":"product","2":"type-product","3":"status-publish","4":"has-post-thumbnail","6":"product_brand-honig","7":"product_cat-bacanie","8":"product_cat-orez","9":"product_cat-paste-orez-ulei-otet","10":"product_cat-produse-olanda","12":"first","13":"outofstock","14":"taxable","15":"shipping-taxable","16":"purchasable","17":"product-type-simple"},"acf":[],"_links":{"self":[{"href":"https:\/\/totalblue.ro\/fr\/wp-json\/wp\/v2\/product\/75930","targetHints":{"allow":["GET"]}}],"collection":[{"href":"https:\/\/totalblue.ro\/fr\/wp-json\/wp\/v2\/product"}],"about":[{"href":"https:\/\/totalblue.ro\/fr\/wp-json\/wp\/v2\/types\/product"}],"replies":[{"embeddable":true,"href":"https:\/\/totalblue.ro\/fr\/wp-json\/wp\/v2\/comments?post=75930"}],"wp:featuredmedia":[{"embeddable":true,"href":"https:\/\/totalblue.ro\/fr\/wp-json\/wp\/v2\/media\/75933"}],"wp:attachment":[{"href":"https:\/\/totalblue.ro\/fr\/wp-json\/wp\/v2\/media?parent=75930"}],"wp:term":[{"taxonomy":"product_brand","embeddable":true,"href":"https:\/\/totalblue.ro\/fr\/wp-json\/wp\/v2\/product_brand?post=75930"},{"taxonomy":"product_cat","embeddable":true,"href":"https:\/\/totalblue.ro\/fr\/wp-json\/wp\/v2\/product_cat?post=75930"},{"taxonomy":"giftcard-category","embeddable":true,"href":"https:\/\/totalblue.ro\/fr\/wp-json\/wp\/v2\/giftcard-category?post=75930"}],"curies":[{"name":"wp","href":"https:\/\/api.w.org\/{rel}","templated":true}]}}