{"id":78190,"date":"2023-01-13T13:36:49","date_gmt":"2023-01-13T11:36:49","guid":{"rendered":"https:\/\/totalblue.ro\/?post_type=product&#038;p=78190"},"modified":"2025-08-01T10:27:39","modified_gmt":"2025-08-01T07:27:39","slug":"pachet-olvarit-mancare-bebelusi-vita-orez-fasole-rosie-si-mere-6-luni-200g-x-6-borcane","status":"publish","type":"product","link":"https:\/\/totalblue.ro\/fr\/produs\/pachet-olvarit-mancare-bebelusi-vita-orez-fasole-rosie-si-mere-6-luni-200g-x-6-borcane\/","title":{"rendered":"Pachet Olvarit mancare bebelusi Vita, Orez, Fasole Rosie si Mere 6+ luni, 200g x 6 borcane"},"content":{"rendered":"<p id=\"tw-target-text\" class=\"tw-data-text tw-text-large tw-ta\" dir=\"ltr\" data-placeholder=\"Traducere\">Olvarit cu Vita, Orez, Fasole Rosie si Mere pentru bebelusi cu ingrediente pure \u0219i naturale pentru bebelusii cu varsta peste 6 luni.<br \/>\nLes aliments pour b\u00e9b\u00e9s ont un go\u00fbt et une texture reconnaissables qui contribuent au d\u00e9veloppement du go\u00fbt.<br \/>\nUn d\u00e9licieux go\u00fbter pour b\u00e9b\u00e9 avec des ingr\u00e9dients purs et naturels.<br \/>\n<strong>Ingr\u00e9dient :<\/strong> 40,078% mere, 33% fasole, apa, 9,5% carne de vita, 7,22% orez. fara gluten, lapte de vaca fara proteine.<br \/>\nEmball\u00e9 dans un bocal en verre avec couvercle \u00e0 cliquer.<br \/>\n<strong>Avant de l'ouvrir, appuyez sur le couvercle. S'il n'y a pas de d\u00e9clic, n'utilisez pas le contenu !<\/strong><br \/>\n<strong>Pr\u00e9paration<\/strong>M\u00e9langer le contenu et d\u00e9poser la quantit\u00e9 souhait\u00e9e sur une assiette. Utilisez une cuill\u00e8re en plastique pour cette op\u00e9ration.<br \/>\nConserver le reste du contenu scell\u00e9 au r\u00e9frig\u00e9rateur et l'utiliser dans les 24 heures.<br \/>\nChauffer au micro-ondes pendant environ 30 secondes \u00e0 600 W.<br \/>\nApr\u00e8s le chauffage, bien remuer \u00e0 nouveau et v\u00e9rifier la temp\u00e9rature.<br \/>\nNe pas r\u00e9utiliser les restes.<br \/>\n<strong>Valeurs nutritionnelles\/100g :<br \/>\n<\/strong>Energie 318 kJ (76 kcal)<br \/>\nGrasimi 2,1 g din care saturate 0,8 g<br \/>\nGlucide 9 g din care zaharuri 3,8 g<br \/>\nFibre alimentare 3,3 g<br \/>\nProteine \u200b\u200b3,6 g<br \/>\nSare 0,025 g<\/p>\n<p>Fabriqu\u00e9 aux Pays-Bas par Nutricia, Antwoordnummer 10061 2700 VB Zoetermeer<br \/>\nImportateur et distributeur Total Blue Impex SRL<br \/>\n<a href=\"https:\/\/totalblue.ro\/wp-content\/uploads\/2021\/03\/bcorporation.jpg\"><img loading=\"lazy\" decoding=\"async\" class=\"alignnone wp-image-43908\" src=\"https:\/\/totalblue.ro\/wp-content\/uploads\/2021\/03\/bcorporation-269x400.jpg\" alt=\"\" width=\"59\" height=\"88\" srcset=\"https:\/\/totalblue.ro\/wp-content\/uploads\/2021\/03\/bcorporation-269x400.jpg 269w, https:\/\/totalblue.ro\/wp-content\/uploads\/2021\/03\/bcorporation-100x149.jpg 100w, https:\/\/totalblue.ro\/wp-content\/uploads\/2021\/03\/bcorporation.jpg 320w\" sizes=\"auto, (max-width: 59px) 100vw, 59px\" \/><\/a><\/p>","protected":false},"excerpt":{"rendered":"<p>Olvarit cu Vita, Orez, Fasole Rosie si Mere pentru bebelusi cu ingrediente pure \u0219i naturale pentru bebelusii cu varsta peste 6 luni. Mancarea pentru copii are un gust si o textura recunoscute care contribuie la dezvoltarea gustului. O gustare delicioasa pentru bebelusi cu ingrediente pure si naturale. Ingrediente: 40,078% mere, 33% fasole, apa, 9,5% carne [&#8230;]\n","protected":false},"featured_media":78192,"comment_status":"open","ping_status":"closed","template":"","meta":{"_acf_changed":false,"_seopress_robots_primary_cat":"1767","_seopress_titles_title":"","_seopress_titles_desc":"","_seopress_robots_index":""},"product_brand":[6175],"product_cat":[1984,1520,5677,1767],"giftcard-category":[],"class_list":{"0":"post-78190","1":"product","2":"type-product","3":"status-publish","4":"has-post-thumbnail","6":"product_brand-olvarit","7":"product_cat-hrana-bebelusi","8":"product_cat-mama-copilul","9":"product_cat-mancare-si-accesorii-bebe","10":"product_cat-produse-olanda","12":"first","13":"outofstock","14":"sale","15":"taxable","16":"shipping-taxable","17":"purchasable","18":"product-type-simple"},"acf":[],"_links":{"self":[{"href":"https:\/\/totalblue.ro\/fr\/wp-json\/wp\/v2\/product\/78190","targetHints":{"allow":["GET"]}}],"collection":[{"href":"https:\/\/totalblue.ro\/fr\/wp-json\/wp\/v2\/product"}],"about":[{"href":"https:\/\/totalblue.ro\/fr\/wp-json\/wp\/v2\/types\/product"}],"replies":[{"embeddable":true,"href":"https:\/\/totalblue.ro\/fr\/wp-json\/wp\/v2\/comments?post=78190"}],"wp:featuredmedia":[{"embeddable":true,"href":"https:\/\/totalblue.ro\/fr\/wp-json\/wp\/v2\/media\/78192"}],"wp:attachment":[{"href":"https:\/\/totalblue.ro\/fr\/wp-json\/wp\/v2\/media?parent=78190"}],"wp:term":[{"taxonomy":"product_brand","embeddable":true,"href":"https:\/\/totalblue.ro\/fr\/wp-json\/wp\/v2\/product_brand?post=78190"},{"taxonomy":"product_cat","embeddable":true,"href":"https:\/\/totalblue.ro\/fr\/wp-json\/wp\/v2\/product_cat?post=78190"},{"taxonomy":"giftcard-category","embeddable":true,"href":"https:\/\/totalblue.ro\/fr\/wp-json\/wp\/v2\/giftcard-category?post=78190"}],"curies":[{"name":"wp","href":"https:\/\/api.w.org\/{rel}","templated":true}]}}