{"id":78285,"date":"2023-01-13T16:43:13","date_gmt":"2023-01-13T14:43:13","guid":{"rendered":"https:\/\/totalblue.ro\/?post_type=product&#038;p=78285"},"modified":"2026-01-24T21:12:32","modified_gmt":"2026-01-24T19:12:32","slug":"unox-bockworsten-550-g","status":"publish","type":"product","link":"https:\/\/totalblue.ro\/fr\/produs\/unox-bockworsten-550-g\/","title":{"rendered":"Unox Bockworsten Saucisses de porc l\u00e9g\u00e8rement fum\u00e9es 550g, Pays-Bas"},"content":{"rendered":"<p>Ingrediente: Carnati: carne de porc\u00b9 78%, apa, amidon de cartofi, sare, extracte de condimente, colagen bovin, stabilizator (E451, E452), antioxidant (E301, E392), aroma de fum, conservant E250. Se toarna: apa, sare. \u00b9 = Marcaj de calitate mai buna a vietii 1 stea.<br \/>\nValeurs nutritionnelles \/ 100 g :<br \/>\nEnergie: 732 kJ \/ 175 kcal<br \/>\nGrasimi: 12 g din care acizi grasi saturati: 4.5 g<br \/>\nCarbohidrati 4.8 g sau care zaharuri 0.6 g<br \/>\nProteine: 12 g<br \/>\nSare: 1,6 g<br \/>\nMod de preparare: Intr-o tigaie: incalziti de preferinta crenvursti incet in lichid, fara a le permite sa fiarba. In cuptorul cu microunde: Asezati crenvursti unul langa altul pe o farfurie. Incalzitii timp de 1\u00bd minute la 450 Watt. Crenvursti sunt, de asemenea, gustosi si reci.<br \/>\nConditions de stockage :<br \/>\nA se pastra intr-un loc uscat si racoros.<br \/>\nPrezentare : conserva cu cheita<br \/>\nFabriqu\u00e9 aux Pays-Bas par Unilever Nederland Unox, Postbus 160 3000 AD AD Rotterdam<br \/>\nImportateur et distributeur Total Blue Impex SRL<\/p>","protected":false},"excerpt":{"rendered":"<p>Unox Worst knaks party 400g<\/p>","protected":false},"featured_media":138576,"comment_status":"open","ping_status":"closed","template":"","meta":{"_acf_changed":false,"_seopress_robots_primary_cat":"none","_seopress_titles_title":"","_seopress_titles_desc":"","_seopress_robots_index":""},"product_brand":[1925],"product_cat":[1555,1683,3272,1767],"giftcard-category":[],"class_list":{"0":"post-78285","1":"product","2":"type-product","3":"status-publish","4":"has-post-thumbnail","6":"product_brand-unox","7":"product_cat-bacanie","8":"product_cat-conserve-mancare-gatita","9":"product_cat-conserve","10":"product_cat-produse-olanda","12":"first","13":"instock","14":"taxable","15":"shipping-taxable","16":"purchasable","17":"product-type-simple"},"acf":[],"_links":{"self":[{"href":"https:\/\/totalblue.ro\/fr\/wp-json\/wp\/v2\/product\/78285","targetHints":{"allow":["GET"]}}],"collection":[{"href":"https:\/\/totalblue.ro\/fr\/wp-json\/wp\/v2\/product"}],"about":[{"href":"https:\/\/totalblue.ro\/fr\/wp-json\/wp\/v2\/types\/product"}],"replies":[{"embeddable":true,"href":"https:\/\/totalblue.ro\/fr\/wp-json\/wp\/v2\/comments?post=78285"}],"wp:featuredmedia":[{"embeddable":true,"href":"https:\/\/totalblue.ro\/fr\/wp-json\/wp\/v2\/media\/138576"}],"wp:attachment":[{"href":"https:\/\/totalblue.ro\/fr\/wp-json\/wp\/v2\/media?parent=78285"}],"wp:term":[{"taxonomy":"product_brand","embeddable":true,"href":"https:\/\/totalblue.ro\/fr\/wp-json\/wp\/v2\/product_brand?post=78285"},{"taxonomy":"product_cat","embeddable":true,"href":"https:\/\/totalblue.ro\/fr\/wp-json\/wp\/v2\/product_cat?post=78285"},{"taxonomy":"giftcard-category","embeddable":true,"href":"https:\/\/totalblue.ro\/fr\/wp-json\/wp\/v2\/giftcard-category?post=78285"}],"curies":[{"name":"wp","href":"https:\/\/api.w.org\/{rel}","templated":true}]}}