{"id":78552,"date":"2023-01-16T16:01:41","date_gmt":"2023-01-16T14:01:41","guid":{"rendered":"https:\/\/totalblue.ro\/?post_type=product&#038;p=78552"},"modified":"2025-08-01T10:27:25","modified_gmt":"2025-08-01T07:27:25","slug":"pachet-alete-bio-tocanita-de-mazare-12-luni-250g-x-6-borcane","status":"publish","type":"product","link":"https:\/\/totalblue.ro\/fr\/produs\/pachet-alete-bio-tocanita-de-mazare-12-luni-250g-x-6-borcane\/","title":{"rendered":"Pack Alete Organic Pea mince 12+ mois, 250g x 6 pots"},"content":{"rendered":"<p>Fara zahar adaugat<br \/>\nFara sare adaugata<br \/>\nFara arome<br \/>\nSans gluten<br \/>\nMancare completa cu bucati mici \u2013 importanta pentru a invata sa mesteci<br \/>\nVersatil si variat \u2013 pentru noi experiente gustative<br \/>\nPentru si mai multa varietate in meniul bebelusului \u2013 adaptat optim nevoilor bebelusilor<\/p>\n<p>Tocanita de mazare cu carne de porc este adaptata optim nevoilor copiilor mici de la varsta de 12 luni.<br \/>\nLes aliments pour b\u00e9b\u00e9s ont une saveur et une texture qui contribuent au d\u00e9veloppement du go\u00fbt.<br \/>\nUn d\u00e9licieux go\u00fbter pour b\u00e9b\u00e9 avec des ingr\u00e9dients purs et naturels.<br \/>\nIngr\u00e9dient :<span class=\"Y2IQFc\" lang=\"ro\">Apa, morcovi* 25%, cartofi* 17%, mazare* 12%, carne de porc* 3,5%, ceapa*, gris de orez*, amidon*, ulei de rapita*, ulei de floarea soarelui*, sare iodata, patrunjel*. <\/span>*Din agricultura ecologica.<br \/>\nEmball\u00e9 dans un bocal en verre avec couvercle \u00e0 cliquer.<br \/>\nAvant de l'ouvrir, appuyez sur le couvercle. S'il n'y a pas de d\u00e9clic, n'utilisez pas le contenu !<br \/>\nMod de preparare: Amestecati continutul si puneti cantitatea dorita pe o farfurie. Folositi o lingura de plastic pentru aceasta operatie.<br \/>\nConserver le reste du contenu scell\u00e9 au r\u00e9frig\u00e9rateur et l'utiliser dans les 24 heures.<br \/>\nChauffer au micro-ondes pendant environ 30 secondes \u00e0 600 W.<br \/>\nApr\u00e8s le chauffage, bien remuer \u00e0 nouveau et v\u00e9rifier la temp\u00e9rature.<br \/>\nNe pas r\u00e9utiliser les restes.<br \/>\nValeurs nutritionnelles\/100g :<br \/>\nEnergie 306 kJ (73 kcal)<br \/>\nGrasimi 2.5 g din care grasimi saturate 0.6 g<br \/>\nGlucide 8 g din care zaharuri 1.3 g<br \/>\nProteine \u200b\u200b3.5 g<br \/>\nSel 0,03 g<\/p>","protected":false},"excerpt":{"rendered":"<p>Fara zahar adaugat Fara sare adaugata Fara arome Fara gluten Mancare completa cu bucati mici \u2013 importanta pentru a invata sa mesteci Versatil si variat \u2013 pentru noi experiente gustative Pentru si mai multa varietate in meniul bebelusului \u2013 adaptat optim nevoilor bebelusilor Tocanita de mazare cu carne de porc este adaptata optim nevoilor copiilor [&#8230;]\n","protected":false},"featured_media":78554,"comment_status":"open","ping_status":"closed","template":"","meta":{"_acf_changed":false,"_seopress_robots_primary_cat":"1767","_seopress_titles_title":"","_seopress_titles_desc":"","_seopress_robots_index":""},"product_brand":[11779],"product_cat":[1984,1520,20200,5677,1950,1767],"giftcard-category":[],"class_list":{"0":"post-78552","1":"product","2":"type-product","3":"status-publish","4":"has-post-thumbnail","6":"product_brand-alete","7":"product_cat-hrana-bebelusi","8":"product_cat-mama-copilul","9":"product_cat-mancare-bebe","10":"product_cat-mancare-si-accesorii-bebe","11":"product_cat-produse-germania","12":"product_cat-produse-olanda","14":"first","15":"outofstock","16":"sale","17":"taxable","18":"shipping-taxable","19":"purchasable","20":"product-type-simple"},"acf":[],"_links":{"self":[{"href":"https:\/\/totalblue.ro\/fr\/wp-json\/wp\/v2\/product\/78552","targetHints":{"allow":["GET"]}}],"collection":[{"href":"https:\/\/totalblue.ro\/fr\/wp-json\/wp\/v2\/product"}],"about":[{"href":"https:\/\/totalblue.ro\/fr\/wp-json\/wp\/v2\/types\/product"}],"replies":[{"embeddable":true,"href":"https:\/\/totalblue.ro\/fr\/wp-json\/wp\/v2\/comments?post=78552"}],"wp:featuredmedia":[{"embeddable":true,"href":"https:\/\/totalblue.ro\/fr\/wp-json\/wp\/v2\/media\/78554"}],"wp:attachment":[{"href":"https:\/\/totalblue.ro\/fr\/wp-json\/wp\/v2\/media?parent=78552"}],"wp:term":[{"taxonomy":"product_brand","embeddable":true,"href":"https:\/\/totalblue.ro\/fr\/wp-json\/wp\/v2\/product_brand?post=78552"},{"taxonomy":"product_cat","embeddable":true,"href":"https:\/\/totalblue.ro\/fr\/wp-json\/wp\/v2\/product_cat?post=78552"},{"taxonomy":"giftcard-category","embeddable":true,"href":"https:\/\/totalblue.ro\/fr\/wp-json\/wp\/v2\/giftcard-category?post=78552"}],"curies":[{"name":"wp","href":"https:\/\/api.w.org\/{rel}","templated":true}]}}