{"id":78903,"date":"2023-01-18T10:44:33","date_gmt":"2023-01-18T08:44:33","guid":{"rendered":"https:\/\/totalblue.ro\/?post_type=product&#038;p=78903"},"modified":"2025-08-01T10:27:06","modified_gmt":"2025-08-01T07:27:06","slug":"terci-bio-alete-somn-usor-orez-vanilie-scortisoara-6-luni-190-g","status":"publish","type":"product","link":"https:\/\/totalblue.ro\/fr\/produs\/terci-bio-alete-somn-usor-orez-vanilie-scortisoara-6-luni-190-g\/","title":{"rendered":"Bouillie biologique Alete Organic Easy Sleep, riz, vanille, cannelle, 6+ mois, 190 g"},"content":{"rendered":"<p>Alete cu orez, vanilie si scortisoara pentru bebelusi este un terci delicios gata preparat.<br \/>\nAcest terci de seara este deosebit de gustos si satios. Ideal inainte de culcare!<br \/>\nCon\u021binut si greutate: 190 grame.<br \/>\n<strong>Ingr\u00e9dient :<\/strong><span class=\"Y2IQFc\" lang=\"ro\">LAPTE DEGRESAT* 60%, apa, gris de orez* 7,5%, amidon*, ulei de rapita*, ulei de floarea soarelui*, aroma naturala de vanilie, scortisoara*, acid ascorbic antioxidant, tiamina (vitamina B1). *din productie ecologica.<br \/>\n<\/span><span class=\"Y2IQFc\" lang=\"ro\">Alergeni: Contine lapte si derivate din lapte<br \/>\n<\/span>Emball\u00e9 dans un bocal en verre avec couvercle \u00e0 cliquer.<br \/>\n<strong>Avant de l'ouvrir, appuyez sur le couvercle. S'il n'y a pas de d\u00e9clic, n'utilisez pas le contenu !<\/strong><br \/>\n<strong>Pr\u00e9paration<\/strong>: Se incalzeste in cuptorul cu microunde timp de aproximativ 30 secunde la 600W.<br \/>\nConserver le reste du contenu scell\u00e9 au r\u00e9frig\u00e9rateur et l'utiliser dans les 24 heures.<br \/>\nNe pas r\u00e9utiliser les restes.<br \/>\n<strong>Valeurs nutritionnelles\/100g :<br \/>\n<\/strong>Energie 301 kJ (71 kcal)<br \/>\nGrasimi 1.9 g din care grasimi saturate 0.2 g<br \/>\nCarbohidra\u021bi 11 g din care zaharuri 3.1 g<br \/>\nFibre alimentare 0.1 g<br \/>\nProteine \u200b\u200b2.5 g<br \/>\nSare 0.05 g<\/p>","protected":false},"excerpt":{"rendered":"<p>Alete cu orez, vanilie si scortisoara pentru bebelusi este un terci delicios gata preparat. Acest terci de seara este deosebit de gustos si satios. Ideal inainte de culcare! Con\u021binut si greutate: 190 grame. Ingrediente:LAPTE DEGRESAT* 60%, apa, gris de orez* 7,5%, amidon*, ulei de rapita*, ulei de floarea soarelui*, aroma naturala de vanilie, scortisoara*, acid [&#8230;]\n","protected":false},"featured_media":78905,"comment_status":"open","ping_status":"closed","template":"","meta":{"_acf_changed":false,"_seopress_robots_primary_cat":"1767","_seopress_titles_title":"","_seopress_titles_desc":"","_seopress_robots_index":""},"product_brand":[11779],"product_cat":[1984,1520,20200,5677,1950,1767],"giftcard-category":[],"class_list":{"0":"post-78903","1":"product","2":"type-product","3":"status-publish","4":"has-post-thumbnail","6":"product_brand-alete","7":"product_cat-hrana-bebelusi","8":"product_cat-mama-copilul","9":"product_cat-mancare-bebe","10":"product_cat-mancare-si-accesorii-bebe","11":"product_cat-produse-germania","12":"product_cat-produse-olanda","14":"first","15":"outofstock","16":"taxable","17":"shipping-taxable","18":"purchasable","19":"product-type-simple"},"acf":[],"_links":{"self":[{"href":"https:\/\/totalblue.ro\/fr\/wp-json\/wp\/v2\/product\/78903","targetHints":{"allow":["GET"]}}],"collection":[{"href":"https:\/\/totalblue.ro\/fr\/wp-json\/wp\/v2\/product"}],"about":[{"href":"https:\/\/totalblue.ro\/fr\/wp-json\/wp\/v2\/types\/product"}],"replies":[{"embeddable":true,"href":"https:\/\/totalblue.ro\/fr\/wp-json\/wp\/v2\/comments?post=78903"}],"wp:featuredmedia":[{"embeddable":true,"href":"https:\/\/totalblue.ro\/fr\/wp-json\/wp\/v2\/media\/78905"}],"wp:attachment":[{"href":"https:\/\/totalblue.ro\/fr\/wp-json\/wp\/v2\/media?parent=78903"}],"wp:term":[{"taxonomy":"product_brand","embeddable":true,"href":"https:\/\/totalblue.ro\/fr\/wp-json\/wp\/v2\/product_brand?post=78903"},{"taxonomy":"product_cat","embeddable":true,"href":"https:\/\/totalblue.ro\/fr\/wp-json\/wp\/v2\/product_cat?post=78903"},{"taxonomy":"giftcard-category","embeddable":true,"href":"https:\/\/totalblue.ro\/fr\/wp-json\/wp\/v2\/giftcard-category?post=78903"}],"curies":[{"name":"wp","href":"https:\/\/api.w.org\/{rel}","templated":true}]}}