{"id":78954,"date":"2023-01-18T12:18:39","date_gmt":"2023-01-18T10:18:39","guid":{"rendered":"https:\/\/totalblue.ro\/?post_type=product&#038;p=78954"},"modified":"2025-08-01T10:27:04","modified_gmt":"2025-08-01T07:27:04","slug":"pachet-terci-bio-alete-somn-usor-biscuiti-6-luni-190g-x-6-borcane","status":"publish","type":"product","link":"https:\/\/totalblue.ro\/fr\/produs\/pachet-terci-bio-alete-somn-usor-biscuiti-6-luni-190g-x-6-borcane\/","title":{"rendered":"Porridge Pack Bio Alete Sleep Easy, Biscuits, 6+ mois, 190g x 6 pots"},"content":{"rendered":"<p>Alete cu biscuite pentru bebelusi este un terci delicios gata preparat.<br \/>\nAcest terci de seara este deosebit de gustos si satios. Ideal inainte de culcare!<br \/>\n<strong>Ingr\u00e9dient :<\/strong><span class=\"Y2IQFc\" lang=\"ro\">LAPTE DEGRESAT 65%, apa, faina de biscuiti 6% (FAINA DE GRAU 62%, suc concentrat de struguri, ulei de floarea soarelui), amidon, ulei de rapita, ulei de floarea soarelui, antioxidant, acid ascorbic, tiamina (vitamina B1).<br \/>\nAlergeni: Contine lapte si derivate din lapte<br \/>\nContine grau si derivatele acestuia<br \/>\n<\/span>Emball\u00e9 dans un bocal en verre avec couvercle \u00e0 cliquer.<br \/>\n<strong>Avant de l'ouvrir, appuyez sur le couvercle. S'il n'y a pas de d\u00e9clic, n'utilisez pas le contenu !<\/strong><br \/>\n<strong>Pr\u00e9paration<\/strong>: Se incalzeste in cuptorul cu microunde timp de aproximativ 30 secunde la 600W.<br \/>\nConserver le reste du contenu scell\u00e9 au r\u00e9frig\u00e9rateur et l'utiliser dans les 24 heures.<br \/>\nNe pas r\u00e9utiliser les restes.<br \/>\n<strong>Valeurs nutritionnelles\/100g :<br \/>\n<\/strong>Energie 272 kJ (64 kcal)<br \/>\nGrasimi 1.6 g din care grasimi saturate 0.2 g<br \/>\nCarbohidra\u021bi 9.7 g din care zaharuri 0.4 g<br \/>\nFibre alimentare 0.4 g<br \/>\nProt\u00e9ines 2,6 g<br \/>\nSare 0.1 g<\/p>","protected":false},"excerpt":{"rendered":"<p>Alete cu biscuite pentru bebelusi este un terci delicios gata preparat. Acest terci de seara este deosebit de gustos si satios. Ideal inainte de culcare! Ingrediente:LAPTE DEGRESAT 65%, apa, faina de biscuiti 6% (FAINA DE GRAU 62%, suc concentrat de struguri, ulei de floarea soarelui), amidon, ulei de rapita, ulei de floarea soarelui, antioxidant, acid [&#8230;]\n","protected":false},"featured_media":78956,"comment_status":"open","ping_status":"closed","template":"","meta":{"_acf_changed":false,"_seopress_robots_primary_cat":"1767","_seopress_titles_title":"","_seopress_titles_desc":"","_seopress_robots_index":""},"product_brand":[11779],"product_cat":[1984,1520,20200,5677,1950,1767],"giftcard-category":[],"class_list":{"0":"post-78954","1":"product","2":"type-product","3":"status-publish","4":"has-post-thumbnail","6":"product_brand-alete","7":"product_cat-hrana-bebelusi","8":"product_cat-mama-copilul","9":"product_cat-mancare-bebe","10":"product_cat-mancare-si-accesorii-bebe","11":"product_cat-produse-germania","12":"product_cat-produse-olanda","14":"first","15":"outofstock","16":"sale","17":"taxable","18":"shipping-taxable","19":"purchasable","20":"product-type-simple"},"acf":[],"_links":{"self":[{"href":"https:\/\/totalblue.ro\/fr\/wp-json\/wp\/v2\/product\/78954","targetHints":{"allow":["GET"]}}],"collection":[{"href":"https:\/\/totalblue.ro\/fr\/wp-json\/wp\/v2\/product"}],"about":[{"href":"https:\/\/totalblue.ro\/fr\/wp-json\/wp\/v2\/types\/product"}],"replies":[{"embeddable":true,"href":"https:\/\/totalblue.ro\/fr\/wp-json\/wp\/v2\/comments?post=78954"}],"wp:featuredmedia":[{"embeddable":true,"href":"https:\/\/totalblue.ro\/fr\/wp-json\/wp\/v2\/media\/78956"}],"wp:attachment":[{"href":"https:\/\/totalblue.ro\/fr\/wp-json\/wp\/v2\/media?parent=78954"}],"wp:term":[{"taxonomy":"product_brand","embeddable":true,"href":"https:\/\/totalblue.ro\/fr\/wp-json\/wp\/v2\/product_brand?post=78954"},{"taxonomy":"product_cat","embeddable":true,"href":"https:\/\/totalblue.ro\/fr\/wp-json\/wp\/v2\/product_cat?post=78954"},{"taxonomy":"giftcard-category","embeddable":true,"href":"https:\/\/totalblue.ro\/fr\/wp-json\/wp\/v2\/giftcard-category?post=78954"}],"curies":[{"name":"wp","href":"https:\/\/api.w.org\/{rel}","templated":true}]}}