{"id":82431,"date":"2023-02-15T12:10:28","date_gmt":"2023-02-15T10:10:28","guid":{"rendered":"https:\/\/totalblue.ro\/?post_type=product&#038;p=82431"},"modified":"2026-02-20T20:32:41","modified_gmt":"2026-02-20T18:32:41","slug":"unox-crenvursti-de-porc-usor-afumati-400g-import-olanda","status":"publish","type":"product","link":"https:\/\/totalblue.ro\/fr\/produs\/unox-crenvursti-de-porc-usor-afumati-400g-import-olanda\/","title":{"rendered":"Unox Saucisses de porc l\u00e9g\u00e8rement fum\u00e9es 400g, import\u00e9es des Pays-Bas"},"content":{"rendered":"<p>Ingrediente Carnati Carne de porc\u00b9 80%, apa, amidon de cartofi, sare, stabilizator (E451, E452), condimente (piper alb, praf de boia), aroma naturala de nucsoara, antioxidant (E301, E392), aroma de fum, colagen bovin, conservant E250. Se toarna apa, sare. \u00b9 Marcaj de calitate mai buna a vietii 1 stea.<br \/>\nValeurs nutritionnelles \/ 100 g :<br \/>\nEnergie: 782 kJ \/ 187 kcal<br \/>\nGrasimi: 13 g din care acizi grasi saturati: 5.1 g<br \/>\nCarbohidrati 5.6 g sau care zaharuri &lt; 0.5 g<br \/>\nProteine: 11 g<br \/>\nSare: 1,7 g<br \/>\nMod de preparare: Intr-o tigaie: incalziti de preferinta crenvursti incet in lichid, fara a le permite sa fiarba. In cuptorul cu microunde: Asezati crenvursti unul langa altul pe o farfurie. Incalzitii timp de 1\u00bd minute la 450 Watt. Crenvursti sunt, de asemenea, gustosi si reci.<br \/>\nConditions de stockage :<br \/>\nA se pastra intr-un loc uscat si racoros.<br \/>\nDupa deschiderea cutiei, crenvursti pot fi pastrati acoperiti timp de 1 zi la frigider.<br \/>\nPrezentare : conserva cu cheita<br \/>\nFabriqu\u00e9 aux Pays-Bas par Unilever Nederland Unox, Postbus 160 3000 AD AD Rotterdam<br \/>\nImportateur et distributeur Total Blue Impex SRL<\/p>","protected":false},"excerpt":{"rendered":"<p>&nbsp;<\/p>\n<div id=\"simple-translate\" class=\"simple-translate-light-theme\">\n<div>\n<div class=\"simple-translate-button isShow\" style=\"height: 22px;width: 22px\"><\/div>\n<div class=\"simple-translate-panel\" style=\"width: 300px;height: 200px;font-size: 13px\">\n<div class=\"simple-translate-result-wrapper\" style=\"overflow: hidden\">\n<div class=\"simple-translate-move\"><\/div>\n<div class=\"simple-translate-result-contents\">\n<p class=\"simple-translate-candidate\" dir=\"auto\">\n<\/div>\n<\/div>\n<\/div>\n<\/div>\n<\/div>","protected":false},"featured_media":82438,"comment_status":"open","ping_status":"closed","template":"","meta":{"_acf_changed":false,"_seopress_robots_primary_cat":"none","_seopress_titles_title":"","_seopress_titles_desc":"","_seopress_robots_index":""},"product_brand":[1925],"product_cat":[1555,1683,3272,1767],"giftcard-category":[],"class_list":{"0":"post-82431","1":"product","2":"type-product","3":"status-publish","4":"has-post-thumbnail","6":"product_brand-unox","7":"product_cat-bacanie","8":"product_cat-conserve-mancare-gatita","9":"product_cat-conserve","10":"product_cat-produse-olanda","12":"first","13":"outofstock","14":"taxable","15":"shipping-taxable","16":"purchasable","17":"product-type-simple"},"acf":[],"_links":{"self":[{"href":"https:\/\/totalblue.ro\/fr\/wp-json\/wp\/v2\/product\/82431","targetHints":{"allow":["GET"]}}],"collection":[{"href":"https:\/\/totalblue.ro\/fr\/wp-json\/wp\/v2\/product"}],"about":[{"href":"https:\/\/totalblue.ro\/fr\/wp-json\/wp\/v2\/types\/product"}],"replies":[{"embeddable":true,"href":"https:\/\/totalblue.ro\/fr\/wp-json\/wp\/v2\/comments?post=82431"}],"wp:featuredmedia":[{"embeddable":true,"href":"https:\/\/totalblue.ro\/fr\/wp-json\/wp\/v2\/media\/82438"}],"wp:attachment":[{"href":"https:\/\/totalblue.ro\/fr\/wp-json\/wp\/v2\/media?parent=82431"}],"wp:term":[{"taxonomy":"product_brand","embeddable":true,"href":"https:\/\/totalblue.ro\/fr\/wp-json\/wp\/v2\/product_brand?post=82431"},{"taxonomy":"product_cat","embeddable":true,"href":"https:\/\/totalblue.ro\/fr\/wp-json\/wp\/v2\/product_cat?post=82431"},{"taxonomy":"giftcard-category","embeddable":true,"href":"https:\/\/totalblue.ro\/fr\/wp-json\/wp\/v2\/giftcard-category?post=82431"}],"curies":[{"name":"wp","href":"https:\/\/api.w.org\/{rel}","templated":true}]}}