{"id":86563,"date":"2023-03-28T15:05:43","date_gmt":"2023-03-28T12:05:43","guid":{"rendered":"https:\/\/totalblue.ro\/?post_type=product&#038;p=86563"},"modified":"2025-08-01T15:07:24","modified_gmt":"2025-08-01T12:07:24","slug":"beckers-frikandellen-5-stuks","status":"publish","type":"product","link":"https:\/\/totalblue.ro\/fr\/produs\/beckers-frikandellen-5-stuks\/","title":{"rendered":"Beckers Frikandellen 5 stuks"},"content":{"rendered":"<p>1 paquet contient 5 pi\u00e8ces x 70 grammes<\/p>\n<p>Ingr\u00e9dient : <span class=\"HwtZe\" lang=\"ro\"><span class=\"jCAhz ChMk0b\"><span class=\"ryNqvb\">58% Viande de poulet s\u00e9par\u00e9e m\u00e9caniquement, eau, lard de porc, chapelure, sel, \u00e9pices, oignon s\u00e9ch\u00e9, dextrose, exhausteur de go\u00fbt E621, antioxydant E316, acide E331, stabilisants : E451, E450, soja.<\/span><\/span> <span class=\"jCAhz ChMk0b\"><span class=\"ryNqvb\">Allerg\u00e8nes : soja<\/span><\/span><\/span><\/p>\n<p><span class=\"HwtZe\" lang=\"ro\"><span class=\"jCAhz ChMk0b\"><span class=\"ryNqvb\">Pr\u00e9paration : po\u00ealer (4-6 min), frire (2-3 min), frire au four (4-6 min), cuire d\u00e9congel\u00e9 et retourner r\u00e9guli\u00e8rement.<br \/>\n<\/span><\/span><\/span><span class=\"HwtZe\" lang=\"ro\"><span class=\"jCAhz ChMk0b\"><span class=\"ryNqvb\"><strong>Valeurs nutritionnelles\/100g :<\/strong><br \/>\n\u00c9nergie 897 kJ \/ 215 Kcal<br \/>\nMati\u00e8res grasses 14,3 g dont acides gras satur\u00e9s 4,1 g<br \/>\nGlucides 8,5 g dont sucres 1 g<br \/>\nFibres 1,4 g<br \/>\nProt\u00e9ines 12,8 grammes<br \/>\nSel 2.39 g<\/span><\/span><\/span><\/p>","protected":false},"excerpt":{"rendered":"<p><span data-text-color=\"alert\"><strong>ATTENTION ! PRODUIT CONGEL\u00c9 ! ATTENTION ! PRODUIT CONGEL\u00c9 !<\/strong><\/span><\/p>","protected":false},"featured_media":86565,"comment_status":"open","ping_status":"closed","template":"","meta":{"_acf_changed":false,"_seopress_robots_primary_cat":"none","_seopress_titles_title":"Mora Frikandellen 5x70g, Chiftelute Olandeze, Frikandellen Olanda","_seopress_titles_desc":"Cauti Frikandellen si Bitterballen ? Cumpara acum Mora Frikandellen 5x70g, Chiftelute Olandeze, Frikandellen Olanda, Frikandellen delicioase.","_seopress_robots_index":""},"product_brand":[2073],"product_cat":[1555,3256,2050,1767,1954],"giftcard-category":[],"class_list":{"0":"post-86563","1":"product","2":"type-product","3":"status-publish","4":"has-post-thumbnail","6":"product_brand-beckers","7":"product_cat-bacanie","8":"product_cat-produse-congelate-produse-olanda","9":"product_cat-produse-congelate","10":"product_cat-produse-olanda","11":"product_cat-semipreparate","12":"product_shipping_class-frozen-products","14":"first","15":"outofstock","16":"taxable","17":"shipping-taxable","18":"purchasable","19":"product-type-simple"},"acf":[],"_links":{"self":[{"href":"https:\/\/totalblue.ro\/fr\/wp-json\/wp\/v2\/product\/86563","targetHints":{"allow":["GET"]}}],"collection":[{"href":"https:\/\/totalblue.ro\/fr\/wp-json\/wp\/v2\/product"}],"about":[{"href":"https:\/\/totalblue.ro\/fr\/wp-json\/wp\/v2\/types\/product"}],"replies":[{"embeddable":true,"href":"https:\/\/totalblue.ro\/fr\/wp-json\/wp\/v2\/comments?post=86563"}],"wp:featuredmedia":[{"embeddable":true,"href":"https:\/\/totalblue.ro\/fr\/wp-json\/wp\/v2\/media\/86565"}],"wp:attachment":[{"href":"https:\/\/totalblue.ro\/fr\/wp-json\/wp\/v2\/media?parent=86563"}],"wp:term":[{"taxonomy":"product_brand","embeddable":true,"href":"https:\/\/totalblue.ro\/fr\/wp-json\/wp\/v2\/product_brand?post=86563"},{"taxonomy":"product_cat","embeddable":true,"href":"https:\/\/totalblue.ro\/fr\/wp-json\/wp\/v2\/product_cat?post=86563"},{"taxonomy":"giftcard-category","embeddable":true,"href":"https:\/\/totalblue.ro\/fr\/wp-json\/wp\/v2\/giftcard-category?post=86563"}],"curies":[{"name":"wp","href":"https:\/\/api.w.org\/{rel}","templated":true}]}}