{"id":86969,"date":"2023-03-30T15:35:11","date_gmt":"2023-03-30T12:35:11","guid":{"rendered":"https:\/\/totalblue.ro\/?post_type=product&#038;p=86969"},"modified":"2025-08-06T14:33:02","modified_gmt":"2025-08-06T11:33:02","slug":"lipton-ice-tea-ceai-acidulat-original-033-l","status":"publish","type":"product","link":"https:\/\/totalblue.ro\/fr\/produs\/lipton-ice-tea-ceai-acidulat-original-033-l\/","title":{"rendered":"Lipton Ice Tea ceai acidulat original 330 ml"},"content":{"rendered":"<p>Ingr\u00e9dients : eau gazeuse, sucre, fructose, extrait de th\u00e9 (0,3%), acides alimentaires (acide citrique, acide malique), r\u00e9gulateur d'acidit\u00e9 (citrate trisodique), jus de citron \u00e0 partir de jus concentr\u00e9 (0,1%), ar\u00f4mes, antioxydant (acide ascorbique), \u00e9dulcorant (glycosides de st\u00e9via). Certifi\u00e9 Rainforest Alliance.<br \/>\nAllerg\u00e8nes : contient des sulfites.<br \/>\nValeurs nutritionnelles pour 100ml :<br \/>\nEnergie 85 kJ \/ 20 kcal<br \/>\nGraisses 0 g dont graisses satur\u00e9es 0 g<br \/>\nGlucides 4,7 g dont sucres 4,5 g<br \/>\nProt\u00e9ines 0 g<br \/>\nSel 0,11 g<\/p>","protected":false},"excerpt":{"rendered":"<p>Ingrediente: Apa carbogazoasa, zahar, fructoza, extract de ceai (0,3%), acizi alimentari (acid citric, acid malic), regulator de aciditate (citrat trisodic), suc de lamaie din suc concentrat (0,1%), arome, antioxidant ( acid ascorbic), indulcitor (glicozide steviol din Stevia). Certificat Rainforest Alliance. Alergeni: contine sulfiti. Valori Nutritionale la 100ml: Energie 85 kJ \/ 20 kcal Grasimi 0 [&#8230;]\n","protected":false},"featured_media":86973,"comment_status":"open","ping_status":"closed","template":"","meta":{"_acf_changed":false,"_seopress_robots_primary_cat":"none","_seopress_titles_title":"","_seopress_titles_desc":"","_seopress_robots_index":""},"product_brand":[1866],"product_cat":[1767,3312],"giftcard-category":[],"class_list":{"0":"post-86969","1":"product","2":"type-product","3":"status-publish","4":"has-post-thumbnail","6":"product_brand-lipton","7":"product_cat-produse-olanda","8":"product_cat-bauturi-racoritoare-produse-olanda","10":"first","11":"outofstock","12":"taxable","13":"shipping-taxable","14":"purchasable","15":"product-type-simple"},"acf":[],"_links":{"self":[{"href":"https:\/\/totalblue.ro\/fr\/wp-json\/wp\/v2\/product\/86969","targetHints":{"allow":["GET"]}}],"collection":[{"href":"https:\/\/totalblue.ro\/fr\/wp-json\/wp\/v2\/product"}],"about":[{"href":"https:\/\/totalblue.ro\/fr\/wp-json\/wp\/v2\/types\/product"}],"replies":[{"embeddable":true,"href":"https:\/\/totalblue.ro\/fr\/wp-json\/wp\/v2\/comments?post=86969"}],"wp:featuredmedia":[{"embeddable":true,"href":"https:\/\/totalblue.ro\/fr\/wp-json\/wp\/v2\/media\/86973"}],"wp:attachment":[{"href":"https:\/\/totalblue.ro\/fr\/wp-json\/wp\/v2\/media?parent=86969"}],"wp:term":[{"taxonomy":"product_brand","embeddable":true,"href":"https:\/\/totalblue.ro\/fr\/wp-json\/wp\/v2\/product_brand?post=86969"},{"taxonomy":"product_cat","embeddable":true,"href":"https:\/\/totalblue.ro\/fr\/wp-json\/wp\/v2\/product_cat?post=86969"},{"taxonomy":"giftcard-category","embeddable":true,"href":"https:\/\/totalblue.ro\/fr\/wp-json\/wp\/v2\/giftcard-category?post=86969"}],"curies":[{"name":"wp","href":"https:\/\/api.w.org\/{rel}","templated":true}]}}