{"id":88959,"date":"2023-04-27T15:49:58","date_gmt":"2023-04-27T12:49:58","guid":{"rendered":"https:\/\/totalblue.ro\/?post_type=product&#038;p=88959"},"modified":"2025-08-01T15:42:49","modified_gmt":"2025-08-01T12:42:49","slug":"supa-de-mustar-unox-olanda-800-ml","status":"publish","type":"product","link":"https:\/\/totalblue.ro\/fr\/produs\/supa-de-mustar-unox-olanda-800-ml\/","title":{"rendered":"Supa de mustar Unox Olanda 800 ml"},"content":{"rendered":"<p>Cantitatea ideala pentru 2-3 portii de supa.<br \/>\nBrandul olandez Unox produce cele mai bune supe olandeze inca din 1957.\u00a0 Deoarece Unox lucreaza in continuu la imbunatatirea produselor sale, pe langa supele clasice, gasim o gama variata de produse delicioase gata preparate.<br \/>\n<span class=\"HwtZe\" lang=\"ro\"><span class=\"jCAhz ChMk0b\"><span class=\"ryNqvb\"><strong>Ingr\u00e9dient<\/strong>: Ap\u0103, mu\u0219tar 8,6% (ap\u0103, semin\u021be de mu\u0219tar, o\u021bet, zah\u0103r, sare, condimente, arom\u0103), buc\u0103\u021bi de bacon 5,1% (carne de porc, grasime de porc), sare, ap\u0103, sirop de porumb, conservant (E250, E252), stabilizator E301)<\/span><\/span> <span class=\"jCAhz ChMk0b\"><span class=\"ryNqvb\">, smantana 4,3%, amidon de porumb modificat, faina de grau, lapte praf, ulei de rapita, sare, extract de drojdie (contine orz), patrunjel, fructoza, maltodextrina, aroma, turmeric, otet balsamic (must de struguri, otet de vin), extract de vin alb <\/span><\/span> <span class=\"jCAhz\"><span class=\"ryNqvb\">Poate contine ou, telina, soia.<br \/>\n<strong>Valeurs nutritionnelles \/ 100 g :<\/strong><br \/>\nEnergie 271 kJ \/ 65 kcal<br \/>\nGrasimi 4.2 g din care acizi grasi saturati 1.7 g<br \/>\nGlucide 4.7g din care zaharuri 1.6 g<br \/>\nFibre &lt; 0.5 g<br \/>\nProteine 1.9 g<br \/>\nSel 0,7 g<\/span><\/span><\/span><br \/>\n<strong>Pr\u00e9paration :<\/strong> Nu introduceti ambalajul in cuptorul cu microunde! Nu gatiti supa! Puneti supa intr-un bol si incalziti la cuptorul cu microunde timp de 3 minute la aprox. 600 wati sau incalziti-o direct intr-o craticioara sau oala amestecand usor. Dupa incalzire este gata de savurat!<\/p>","protected":false},"excerpt":{"rendered":"<p>Cantitatea ideala pentru 2-3 portii de supa. Brandul olandez Unox produce cele mai bune supe olandeze inca din 1957.\u00a0 Deoarece Unox lucreaza in continuu la imbunatatirea produselor sale, pe langa supele clasice, gasim o gama variata de produse delicioase gata preparate. Ingrediente: Ap\u0103, mu\u0219tar 8,6% (ap\u0103, semin\u021be de mu\u0219tar, o\u021bet, zah\u0103r, sare, condimente, arom\u0103), buc\u0103\u021bi [&#8230;]\n","protected":false},"featured_media":88961,"comment_status":"open","ping_status":"closed","template":"","meta":{"_acf_changed":false,"_seopress_robots_primary_cat":"none","_seopress_titles_title":"","_seopress_titles_desc":"Cumpara online supa de legume, supe legume, ciorbe legume, supe olandeze legume. Magazin online supe si produse olandeze cu livrare rapida.","_seopress_robots_index":""},"product_brand":[1925],"product_cat":[1555,1683,3272,1767],"giftcard-category":[],"class_list":{"0":"post-88959","1":"product","2":"type-product","3":"status-publish","4":"has-post-thumbnail","6":"product_brand-unox","7":"product_cat-bacanie","8":"product_cat-conserve-mancare-gatita","9":"product_cat-conserve","10":"product_cat-produse-olanda","12":"first","13":"outofstock","14":"taxable","15":"shipping-taxable","16":"purchasable","17":"product-type-simple"},"acf":[],"_links":{"self":[{"href":"https:\/\/totalblue.ro\/fr\/wp-json\/wp\/v2\/product\/88959","targetHints":{"allow":["GET"]}}],"collection":[{"href":"https:\/\/totalblue.ro\/fr\/wp-json\/wp\/v2\/product"}],"about":[{"href":"https:\/\/totalblue.ro\/fr\/wp-json\/wp\/v2\/types\/product"}],"replies":[{"embeddable":true,"href":"https:\/\/totalblue.ro\/fr\/wp-json\/wp\/v2\/comments?post=88959"}],"wp:featuredmedia":[{"embeddable":true,"href":"https:\/\/totalblue.ro\/fr\/wp-json\/wp\/v2\/media\/88961"}],"wp:attachment":[{"href":"https:\/\/totalblue.ro\/fr\/wp-json\/wp\/v2\/media?parent=88959"}],"wp:term":[{"taxonomy":"product_brand","embeddable":true,"href":"https:\/\/totalblue.ro\/fr\/wp-json\/wp\/v2\/product_brand?post=88959"},{"taxonomy":"product_cat","embeddable":true,"href":"https:\/\/totalblue.ro\/fr\/wp-json\/wp\/v2\/product_cat?post=88959"},{"taxonomy":"giftcard-category","embeddable":true,"href":"https:\/\/totalblue.ro\/fr\/wp-json\/wp\/v2\/giftcard-category?post=88959"}],"curies":[{"name":"wp","href":"https:\/\/api.w.org\/{rel}","templated":true}]}}