{"id":88968,"date":"2023-04-27T16:03:13","date_gmt":"2023-04-27T13:03:13","guid":{"rendered":"https:\/\/totalblue.ro\/?post_type=product&#038;p=88968"},"modified":"2026-01-30T09:21:58","modified_gmt":"2026-01-30T07:21:58","slug":"supa-crema-de-pui-cu-ciuperci-570-ml-unox-olanda","status":"publish","type":"product","link":"https:\/\/totalblue.ro\/fr\/produs\/supa-crema-de-pui-cu-ciuperci-570-ml-unox-olanda\/","title":{"rendered":"Supa crema de pui cu ciuperci 570 ml, Unox Olanda"},"content":{"rendered":"<p>Ingr\u00e9dient : <span class=\"HwtZe\" lang=\"ro\"><span class=\"jCAhz ChMk0b\"><span class=\"ryNqvb\">Ap\u0103, legume\u00b9 14% (ciuperci 5,8%, praz 3,7%, \u021belin\u0103, morcov 1,1%, ceap\u0103), carne de pui 3,4%, amidon de porumb modificat, crem\u0103 de br\u00e2nz\u0103 (LAPTE, sm\u00e2nt\u00e2n\u0103, lapte praf, sare, usturoi, ierburi, LAPTE, PROTEIN\u0102, Ulei de rapi\u021b\u0103, cultur\u0103 de ardei, ulei de rapi\u021b\u0103), ZAPTA PULBER\u0102, extract de drojdie (con\u021bine ORZ), arom\u0103, sare iodat\u0103, sare mineral\u0103 (potasiu), ierburi\u00b9 (p\u0103trunjel, foi de dafin), sare, stabilizatori (E451, E452), maltodextrin\u0103, suc concentrat de ciuperci, nuc\u0219oar\u0103, usturoi, extract de o\u021bet de vin alb, must de o\u021bet balsamic.<\/span><\/span> <span class=\"jCAhz ChMk0b\"><span class=\"ryNqvb\">Poate contine ou, mustar, cereale hibride, ovaz, secara, soia.<\/span><\/span> <span class=\"jCAhz ChMk0b\"><span class=\"ryNqvb\">\u00b9crescut \u00een mod durabil.<\/span><\/span><\/span><br \/>\nValeurs nutritionnelles pour 100 ml :<br \/>\nEnergie 149 kJ \/ (36 kcal)<br \/>\nGr\u0103simi 1.4 g din care satura\u021bi 0,4 g<br \/>\nCarbohidra\u021bi 3.8 g din care zaharuri 0.7 g<br \/>\nFibre alimentare 0.5 g<br \/>\nProt\u00e9ines 1,8 g<br \/>\nSare 0,68 g<br \/>\nQuantit\u00e9 id\u00e9ale pour 2 portions de soupe.<br \/>\n<strong>Pr\u00e9paration<\/strong>Ne pas mettre l'emballage au micro-ondes ! Mettre la soupe dans un bol et la faire chauffer au micro-ondes pendant 2,5 minutes \u00e0 environ 750 watts ou la faire chauffer directement dans une casserole en remuant d\u00e9licatement. Apr\u00e8s avoir \u00e9t\u00e9 r\u00e9chauff\u00e9e, la soupe est pr\u00eate \u00e0 \u00eatre d\u00e9gust\u00e9e !<br \/>\n<strong>Stockage<\/strong>Apr\u00e8s ouverture du sachet, cette soupe peut \u00eatre conserv\u00e9e au r\u00e9frig\u00e9rateur jusqu'\u00e0 2 jours. Fermer le sachet.<br \/>\nContenu et poids : 570 ml, sac.<br \/>\nFabriqu\u00e9 aux Pays-Bas par Unilever Nederland Unox, Postbus 160 3000 AD AD Rotterdam<br \/>\nImportateur et distributeur Total Blue Impex SRL<\/p>","protected":false},"excerpt":{"rendered":"<p>Ingrediente : Ap\u0103, legume\u00b9 14% (ciuperci 5,8%, praz 3,7%, \u021belin\u0103, morcov 1,1%, ceap\u0103), carne de pui 3,4%, amidon de porumb modificat, crem\u0103 de br\u00e2nz\u0103 (LAPTE, sm\u00e2nt\u00e2n\u0103, lapte praf, sare, usturoi, ierburi, LAPTE, PROTEIN\u0102, Ulei de rapi\u021b\u0103, cultur\u0103 de ardei, ulei de rapi\u021b\u0103), ZAPTA PULBER\u0102, extract de drojdie (con\u021bine ORZ), arom\u0103, sare iodat\u0103, sare mineral\u0103 (potasiu), [&#8230;]\n","protected":false},"featured_media":217740,"comment_status":"open","ping_status":"closed","template":"","meta":{"_acf_changed":false,"_seopress_robots_primary_cat":"none","_seopress_titles_title":"","_seopress_titles_desc":"","_seopress_robots_index":""},"product_brand":[1925],"product_cat":[1555,1683,3272,1767],"giftcard-category":[],"class_list":{"0":"post-88968","1":"product","2":"type-product","3":"status-publish","4":"has-post-thumbnail","6":"product_brand-unox","7":"product_cat-bacanie","8":"product_cat-conserve-mancare-gatita","9":"product_cat-conserve","10":"product_cat-produse-olanda","12":"first","13":"outofstock","14":"taxable","15":"shipping-taxable","16":"purchasable","17":"product-type-simple"},"acf":[],"_links":{"self":[{"href":"https:\/\/totalblue.ro\/fr\/wp-json\/wp\/v2\/product\/88968","targetHints":{"allow":["GET"]}}],"collection":[{"href":"https:\/\/totalblue.ro\/fr\/wp-json\/wp\/v2\/product"}],"about":[{"href":"https:\/\/totalblue.ro\/fr\/wp-json\/wp\/v2\/types\/product"}],"replies":[{"embeddable":true,"href":"https:\/\/totalblue.ro\/fr\/wp-json\/wp\/v2\/comments?post=88968"}],"wp:featuredmedia":[{"embeddable":true,"href":"https:\/\/totalblue.ro\/fr\/wp-json\/wp\/v2\/media\/217740"}],"wp:attachment":[{"href":"https:\/\/totalblue.ro\/fr\/wp-json\/wp\/v2\/media?parent=88968"}],"wp:term":[{"taxonomy":"product_brand","embeddable":true,"href":"https:\/\/totalblue.ro\/fr\/wp-json\/wp\/v2\/product_brand?post=88968"},{"taxonomy":"product_cat","embeddable":true,"href":"https:\/\/totalblue.ro\/fr\/wp-json\/wp\/v2\/product_cat?post=88968"},{"taxonomy":"giftcard-category","embeddable":true,"href":"https:\/\/totalblue.ro\/fr\/wp-json\/wp\/v2\/giftcard-category?post=88968"}],"curies":[{"name":"wp","href":"https:\/\/api.w.org\/{rel}","templated":true}]}}