{"id":90784,"date":"2023-05-04T12:26:36","date_gmt":"2023-05-04T09:26:36","guid":{"rendered":"https:\/\/totalblue.ro\/?post_type=product&#038;p=90784"},"modified":"2026-03-25T14:51:15","modified_gmt":"2026-03-25T12:51:15","slug":"gwoon-ciorbita-gulas-gata-preparata-800-ml-import-olanda","status":"publish","type":"product","link":"https:\/\/totalblue.ro\/fr\/produs\/gwoon-ciorbita-gulas-gata-preparata-800-ml-import-olanda\/","title":{"rendered":"G&#8217;woon ciorbita gulas gata preparata 800 ml, import Olanda"},"content":{"rendered":"<p>Ingrediente: apa, 25% legume (rosii, ardei rosu, ceapa, ardei verde), carne de vita 8%*, paste fierte (apa, seminte de grau, proteine din oua de la gaini crescute in aer liber, cartofi, amidon de porumb modificat, faina de grau, sare, aroma naturala, ulei de rapita, usturoi, condimente, otet balsamic (otet de vin, must de struguri concentrat), zahar. * = marca de calitate Beter Leven 2 stele<br \/>\nAlergeni: Contine Oua si produse pe baza de oua, Cereale care contin gluten, Grau si produse pe baza de grau.<br \/>\nValori nutritionale la 100 ml ( Nepreparat )<br \/>\nEnergie 197 kJ \/ 47 kcal<br \/>\nGrasimi 1,1 g Acizi grasi, saturati in total 0,3 g<br \/>\nAcizi grasi, mononesaturati 0,5 g<br \/>\nAcizi grasi polinesaturati 0,2 g<br \/>\nCarbohidrati 6,2 g Zaharuri 1,2 g<br \/>\nFibres alimentaires 0,6 g<br \/>\nProteine \u200b\u200b2,5 g<br \/>\nSel 0,78 g<br \/>\nConditionnement et contenu : bo\u00eete m\u00e9tallique avec ouverture \u00e0 cl\u00e9, 800 ml.<br \/>\nRecomandari: Turnati continutul intr-o cratita \/ tigaie. Amestecati ocazional. Incalziti la foc mediu. De asemenea puteti incalzi si la cuptorul cu microunde la 1000 W timp de aproximativ 4 minute. Lasti aproximativ 1 minut ciorba sa se odihneasca inainte de servire. Rapid si usor!<\/p>","protected":false},"excerpt":{"rendered":"<p>Ingrediente: apa, 25% legume (rosii, ardei rosu, ceapa, ardei verde), carne de vita 8%*, paste fierte (apa, seminte de grau, proteine din oua de la gaini crescute in aer liber, cartofi, amidon de porumb modificat, faina de grau, sare, aroma naturala, ulei de rapita, usturoi, condimente, otet balsamic (otet de vin, must de struguri concentrat), [&#8230;]\n","protected":false},"featured_media":90787,"comment_status":"open","ping_status":"closed","template":"","meta":{"_acf_changed":false,"_seopress_robots_primary_cat":"none","_seopress_titles_title":"","_seopress_titles_desc":"Cumpara online supa de legume, supe legume, ciorbe legume, supe olandeze legume. Magazin online supe si produse olandeze cu livrare rapida.","_seopress_robots_index":""},"product_brand":[1971],"product_cat":[1555,1683,3272,1767],"giftcard-category":[],"class_list":{"0":"post-90784","1":"product","2":"type-product","3":"status-publish","4":"has-post-thumbnail","6":"product_brand-gwoon","7":"product_cat-bacanie","8":"product_cat-conserve-mancare-gatita","9":"product_cat-conserve","10":"product_cat-produse-olanda","12":"first","13":"instock","14":"taxable","15":"shipping-taxable","16":"purchasable","17":"product-type-simple"},"acf":[],"_links":{"self":[{"href":"https:\/\/totalblue.ro\/fr\/wp-json\/wp\/v2\/product\/90784","targetHints":{"allow":["GET"]}}],"collection":[{"href":"https:\/\/totalblue.ro\/fr\/wp-json\/wp\/v2\/product"}],"about":[{"href":"https:\/\/totalblue.ro\/fr\/wp-json\/wp\/v2\/types\/product"}],"replies":[{"embeddable":true,"href":"https:\/\/totalblue.ro\/fr\/wp-json\/wp\/v2\/comments?post=90784"}],"wp:featuredmedia":[{"embeddable":true,"href":"https:\/\/totalblue.ro\/fr\/wp-json\/wp\/v2\/media\/90787"}],"wp:attachment":[{"href":"https:\/\/totalblue.ro\/fr\/wp-json\/wp\/v2\/media?parent=90784"}],"wp:term":[{"taxonomy":"product_brand","embeddable":true,"href":"https:\/\/totalblue.ro\/fr\/wp-json\/wp\/v2\/product_brand?post=90784"},{"taxonomy":"product_cat","embeddable":true,"href":"https:\/\/totalblue.ro\/fr\/wp-json\/wp\/v2\/product_cat?post=90784"},{"taxonomy":"giftcard-category","embeddable":true,"href":"https:\/\/totalblue.ro\/fr\/wp-json\/wp\/v2\/giftcard-category?post=90784"}],"curies":[{"name":"wp","href":"https:\/\/api.w.org\/{rel}","templated":true}]}}