{"id":90790,"date":"2023-05-04T12:43:57","date_gmt":"2023-05-04T09:43:57","guid":{"rendered":"https:\/\/totalblue.ro\/?post_type=product&#038;p=90790"},"modified":"2026-01-11T20:17:59","modified_gmt":"2026-01-11T18:17:59","slug":"gwoon-supa-crema-de-ciuperci-champignon-gata-preparata-800-ml-import-olanda","status":"publish","type":"product","link":"https:\/\/totalblue.ro\/fr\/produs\/gwoon-supa-crema-de-ciuperci-champignon-gata-preparata-800-ml-import-olanda\/","title":{"rendered":"G&#8217;woon supa crema de ciuperci champignon gata preparata 800 ml, import Olanda"},"content":{"rendered":"<p>G&#8217;woon supa crema de ciuperci champignon gata preparata 800 ml, import Olanda<\/p>\n<p>Ingrediente: apa, 13% ciuperci, ulei de rapita, faina de grau, amidon de porumb modificat, unt (lapte), lapte PRB degresat, extract de drojdie, stabilizator: E451, sare, arome naturale, otet balsamic (otet de vin, concentrat de suc de struguri, colorant) : E150d), extract de ciuperci, zer praf (lapte), acid alimentar: acid citric, arpagic, agent de ingrosare: E412, cuisoare.<br \/>\nAlergeni: contine lapte si produse pe baza de lapte, cereale care contin gluten, lactoza, grau si produse pe baza de grau.<br \/>\nValori nutritionale la 100 ml ( Nepreparat )<br \/>\nEnergie 185 kJ \/ 44 kcal<br \/>\nGrasimi 2.2 g Acizi grasi, saturati in total 0,2 g<br \/>\nAcizi grasi, mononesaturati 1.3 g<br \/>\nAcizi grasi polinesaturati 0,6 g<br \/>\nCarbohidrati 4.6 g Zaharuri 0,7 g<br \/>\nFibre alimentare 0,3 g<br \/>\nProteine \u200b\u200b1,4 g<br \/>\nSel 0,75 g<br \/>\nConditionnement et contenu : bo\u00eete m\u00e9tallique avec ouverture \u00e0 cl\u00e9, 800 ml.<br \/>\nRecommandations : Verser le contenu dans une casserole. Remuer de temps en temps. Chauffer \u00e0 feu moyen. Vous pouvez \u00e9galement faire chauffer au micro-ondes \u00e0 700 W pendant environ 5 minutes. Laisser reposer la soupe pendant environ 1 minute avant de la servir. Rapide et facile !<\/p>","protected":false},"excerpt":{"rendered":"<p>G&#8217;woon supa crema de ciuperci champignon gata preparata 800 ml, import Olanda Ingrediente: apa, 13% ciuperci, ulei de rapita, faina de grau, amidon de porumb modificat, unt (lapte), lapte PRB degresat, extract de drojdie, stabilizator: E451, sare, arome naturale, otet balsamic (otet de vin, concentrat de suc de struguri, colorant) : E150d), extract de ciuperci, [&#8230;]\n","protected":false},"featured_media":90792,"comment_status":"open","ping_status":"closed","template":"","meta":{"_acf_changed":false,"_seopress_robots_primary_cat":"none","_seopress_titles_title":"G'woon supa crema de ciuperci champignon","_seopress_titles_desc":"Cumpara online supa de legume, supe legume, ciorbe legume, supe olandeze legume. Magazin online supe si produse olandeze cu livrare rapida.","_seopress_robots_index":""},"product_brand":[1971],"product_cat":[1555,1683,3272,1767],"giftcard-category":[],"class_list":{"0":"post-90790","1":"product","2":"type-product","3":"status-publish","4":"has-post-thumbnail","6":"product_brand-gwoon","7":"product_cat-bacanie","8":"product_cat-conserve-mancare-gatita","9":"product_cat-conserve","10":"product_cat-produse-olanda","12":"first","13":"outofstock","14":"taxable","15":"shipping-taxable","16":"purchasable","17":"product-type-simple"},"acf":[],"_links":{"self":[{"href":"https:\/\/totalblue.ro\/fr\/wp-json\/wp\/v2\/product\/90790","targetHints":{"allow":["GET"]}}],"collection":[{"href":"https:\/\/totalblue.ro\/fr\/wp-json\/wp\/v2\/product"}],"about":[{"href":"https:\/\/totalblue.ro\/fr\/wp-json\/wp\/v2\/types\/product"}],"replies":[{"embeddable":true,"href":"https:\/\/totalblue.ro\/fr\/wp-json\/wp\/v2\/comments?post=90790"}],"wp:featuredmedia":[{"embeddable":true,"href":"https:\/\/totalblue.ro\/fr\/wp-json\/wp\/v2\/media\/90792"}],"wp:attachment":[{"href":"https:\/\/totalblue.ro\/fr\/wp-json\/wp\/v2\/media?parent=90790"}],"wp:term":[{"taxonomy":"product_brand","embeddable":true,"href":"https:\/\/totalblue.ro\/fr\/wp-json\/wp\/v2\/product_brand?post=90790"},{"taxonomy":"product_cat","embeddable":true,"href":"https:\/\/totalblue.ro\/fr\/wp-json\/wp\/v2\/product_cat?post=90790"},{"taxonomy":"giftcard-category","embeddable":true,"href":"https:\/\/totalblue.ro\/fr\/wp-json\/wp\/v2\/giftcard-category?post=90790"}],"curies":[{"name":"wp","href":"https:\/\/api.w.org\/{rel}","templated":true}]}}