{"id":90819,"date":"2023-05-04T15:29:14","date_gmt":"2023-05-04T12:29:14","guid":{"rendered":"https:\/\/totalblue.ro\/?post_type=product&#038;p=90819"},"modified":"2026-02-04T11:47:11","modified_gmt":"2026-02-04T09:47:11","slug":"gwoon-creme-de-tomate-prete-a-lemploi-800ml-importe-des-pays-bas","status":"publish","type":"product","link":"https:\/\/totalblue.ro\/fr\/produs\/gwoon-supa-crema-de-rosii-gata-preparata-800ml-import-olanda\/","title":{"rendered":"G'woon cr\u00e8me de tomate, pr\u00eat \u00e0 l'emploi 800ml import\u00e9 des Pays-Bas"},"content":{"rendered":"<p>Ingr\u00e9dients : p\u00e2te de tomates 57%, eau, tomates 10%, sucre, jus de citron, huile de colza, amidon de ma\u00efs modifi\u00e9, sel, cr\u00e8me fouett\u00e9e (lait), lait \u00e9cr\u00e9m\u00e9 en poudre, beurre (lait), farine de bl\u00e9, huile de palme, sirop de glucose, poudre d'ail, poudre d'oignon, agent \u00e9paississant : gomme de guar, \u00e9mulsifiant : E472e, extrait de levure, r\u00e9gulateur d'acidit\u00e9 : E270, stabilisateur : E340, feuilles de laurier.<br \/>\nAllerg\u00e8nes : contient du lait et des produits \u00e0 base de lait, des c\u00e9r\u00e9ales contenant du gluten, du lactose, du bl\u00e9 et des produits \u00e0 base de bl\u00e9.<br \/>\nValeurs nutritionnelles pour 100 ml (non pr\u00e9par\u00e9) :<br \/>\n\u00c9nergie 281 kJ \/ 67 kcal<br \/>\nMati\u00e8res grasses 1,4 g d'acides gras, saturations totales 0,5 g<br \/>\nAcides gras, monoinsatur\u00e9s 0,6 g<br \/>\nAcides gras polyinsatur\u00e9s 0,2 g<br \/>\nGlucides 9,7 g Sucres 1 g<br \/>\nFibres alimentaires 1,6 g<br \/>\nProt\u00e9ines 3 g<br \/>\nSel 0,75 g<br \/>\nConditionnement et contenu : bo\u00eete m\u00e9tallique avec ouverture \u00e0 cl\u00e9, 800 ml.<br \/>\nRecommandations : Verser le contenu dans une casserole. Remuer de temps en temps. Chauffer \u00e0 feu moyen. Vous pouvez \u00e9galement faire chauffer au micro-ondes \u00e0 700 W pendant environ 5 minutes. Laisser reposer la soupe pendant environ 1 minute avant de la servir. Rapide et facile !<\/p>","protected":false},"excerpt":{"rendered":"<p>Ingrediente: 57% pasta de rosii, apa, 10% rosii, zahar, suc de lamaie, ulei de rapita, amidon de porumb modificat, sare, frisca (lapte), lapte praf degresat, unt (lapte), faina de grau, ulei de palmier, sirop de glucoza , praf de usturoi, praf de ceapa, agent de ingrosare: guma guar, emulgator: E472e, extract de drojdie, regulator de [&#8230;]\n","protected":false},"featured_media":90821,"comment_status":"open","ping_status":"closed","template":"","meta":{"_acf_changed":false,"_seopress_robots_primary_cat":"none","_seopress_titles_title":"","_seopress_titles_desc":"Cumpara online supa de legume, supe legume, ciorbe legume, supe olandeze legume. Magazin online supe si produse olandeze cu livrare rapida.","_seopress_robots_index":""},"product_brand":[1971],"product_cat":[1555,1683,3272,1767],"giftcard-category":[],"class_list":{"0":"post-90819","1":"product","2":"type-product","3":"status-publish","4":"has-post-thumbnail","6":"product_brand-gwoon","7":"product_cat-bacanie","8":"product_cat-conserve-mancare-gatita","9":"product_cat-conserve","10":"product_cat-produse-olanda","12":"first","13":"instock","14":"taxable","15":"shipping-taxable","16":"purchasable","17":"product-type-simple"},"acf":[],"_links":{"self":[{"href":"https:\/\/totalblue.ro\/fr\/wp-json\/wp\/v2\/product\/90819","targetHints":{"allow":["GET"]}}],"collection":[{"href":"https:\/\/totalblue.ro\/fr\/wp-json\/wp\/v2\/product"}],"about":[{"href":"https:\/\/totalblue.ro\/fr\/wp-json\/wp\/v2\/types\/product"}],"replies":[{"embeddable":true,"href":"https:\/\/totalblue.ro\/fr\/wp-json\/wp\/v2\/comments?post=90819"}],"wp:featuredmedia":[{"embeddable":true,"href":"https:\/\/totalblue.ro\/fr\/wp-json\/wp\/v2\/media\/90821"}],"wp:attachment":[{"href":"https:\/\/totalblue.ro\/fr\/wp-json\/wp\/v2\/media?parent=90819"}],"wp:term":[{"taxonomy":"product_brand","embeddable":true,"href":"https:\/\/totalblue.ro\/fr\/wp-json\/wp\/v2\/product_brand?post=90819"},{"taxonomy":"product_cat","embeddable":true,"href":"https:\/\/totalblue.ro\/fr\/wp-json\/wp\/v2\/product_cat?post=90819"},{"taxonomy":"giftcard-category","embeddable":true,"href":"https:\/\/totalblue.ro\/fr\/wp-json\/wp\/v2\/giftcard-category?post=90819"}],"curies":[{"name":"wp","href":"https:\/\/api.w.org\/{rel}","templated":true}]}}