{"id":90903,"date":"2023-05-05T10:22:32","date_gmt":"2023-05-05T07:22:32","guid":{"rendered":"https:\/\/totalblue.ro\/?post_type=product&#038;p=90903"},"modified":"2025-11-02T09:41:39","modified_gmt":"2025-11-02T07:41:39","slug":"maggi-bouillon-base-alimentaire-bouillon-saveur-poulet-9-litres-bocaux-154-g-import-des-pays-bas","status":"publish","type":"product","link":"https:\/\/totalblue.ro\/fr\/produs\/maggi-bouillon-baza-mancare-aroma-pui-9-litri-borcanas-154-g-import-olanda\/","title":{"rendered":"Maggi Bouillon de base - go\u00fbt poulet, 9 litres, Pots 154 g, Hollande"},"content":{"rendered":"<p>Ingr\u00e9dients : sel, f\u00e9cule de pomme de terre, ar\u00f4mes de sucre, extrait de poulet 3,8%, graisse de poulet 3,6%, herbes et \u00e9pices (oignon, c\u00e9leri, curcuma, ail, coriandre, poivre blanc, feuilles de laurier), prot\u00e9ines v\u00e9g\u00e9tales hydrolys\u00e9es (gluten de bl\u00e9, sel), antioxydant (extrait de romarin). Peut contenir : lait, oeufs, soja, moutarde.<br \/>\nAllerg\u00e8nes : Contient : c\u00e9r\u00e9ales contenant du gluten.<br \/>\nPeut contenir : lait, oeufs, soja, moutarde.<br \/>\nValeurs nutritionnelles pour 100 ml :<br \/>\nCes valeurs s'appliquent au produit pr\u00e9par\u00e9.<br \/>\n\u00c9nergie 16 kJ (4 kcal)<br \/>\nGraisses 0,1 g dont graisses satur\u00e9es 0 g<br \/>\nGlucides 0,7 g dont sucres 0,3 g<br \/>\nFibres alimentaires 0 g<br \/>\nProt\u00e9ines 0,1 g<br \/>\nSel 0,83 g<br \/>\nProt\u00e9ger de la lumi\u00e8re directe du soleil.<br \/>\nConditionnement : pot en verre avec couvercle.<br \/>\nVerser de l'eau bouillante sur le bouillon ou l'ajouter pendant la cuisson. Une cuill\u00e8re \u00e0 caf\u00e9 (5 g) dans 150 ml d'eau. Le contenu d'un bocal suffit pour 9 litres de base alimentaire de bouillon - base alimentaire de poulet Maggi. Soupes et rago\u00fbts, sauces, plats de viande ou de l\u00e9gumes : le bouillon Maggi Pui est la base de saveur id\u00e9ale pour de nombreuses id\u00e9es de recettes. Vous pouvez obtenir un d\u00e9licieux bouillon de poulet instantan\u00e9ment, de mani\u00e8re pratique et sans longue \u00e9bullition.<br \/>\nLes ingr\u00e9dients l\u00e9g\u00e8rement s\u00e9ch\u00e9s offrent une saveur fine non seulement comme base mais aussi comme \u00e9pice, ce qui les rend id\u00e9aux pour l'assaisonnement rapide ou l'affinage des plats.<br \/>\nPr\u00e9paration :<br \/>\n1 : Boire du bouillon : 1 cuill\u00e8re \u00e0 caf\u00e9 par verre d'eau chaude (150 ml)<br \/>\n2 : Soupes : environ 1,5 cuill\u00e8re \u00e0 soupe par litre d'eau<br \/>\nFabriqu\u00e9 par Nestl\u00e9 Nederland, Postbus 134, 1180 AC Amstelveen<br \/>\nImportateur et distributeur Total Blue Impex SRL<\/p>","protected":false},"excerpt":{"rendered":"<p>Ingrediente: sare, amidon de cartofi, arome de zahar, extract de pui 3,8%, grasime de pui 3,6%, ierburi si condimente (ceapa, telina, turmeric, usturoi, coriandru, piper alb, foi de dafin), proteine \u200b\u200bvegetale hidrolizate (gluten de grau, sare) , antioxidant (extract de rozmarin). Poate contine: lapte, oua, soia, mustar. Alergeni: Contine: cereale care contin gluten. Poate contine: [&#8230;]\n","protected":false},"featured_media":90906,"comment_status":"open","ping_status":"closed","template":"","meta":{"_acf_changed":false,"_seopress_robots_primary_cat":"none","_seopress_titles_title":"Maggi Bouillon legume , condimente Maggi, Bouillon Maggi Total Blue","_seopress_titles_desc":"Cumpara rapid si ieftin online Maggi Bouillon legume, condimente Maggi. Magazin online cu livrare condimente Maggi ieftine din Olanda si Germania.","_seopress_robots_index":""},"product_brand":[1869],"product_cat":[1555,3280,1451,1767],"giftcard-category":[],"class_list":{"0":"post-90903","1":"product","2":"type-product","3":"status-publish","4":"has-post-thumbnail","6":"product_brand-maggi","7":"product_cat-bacanie","8":"product_cat-condimente-sosuri","9":"product_cat-condimente-produse-instant","10":"product_cat-produse-olanda","12":"first","13":"outofstock","14":"taxable","15":"shipping-taxable","16":"purchasable","17":"product-type-simple"},"acf":[],"_links":{"self":[{"href":"https:\/\/totalblue.ro\/fr\/wp-json\/wp\/v2\/product\/90903","targetHints":{"allow":["GET"]}}],"collection":[{"href":"https:\/\/totalblue.ro\/fr\/wp-json\/wp\/v2\/product"}],"about":[{"href":"https:\/\/totalblue.ro\/fr\/wp-json\/wp\/v2\/types\/product"}],"replies":[{"embeddable":true,"href":"https:\/\/totalblue.ro\/fr\/wp-json\/wp\/v2\/comments?post=90903"}],"wp:featuredmedia":[{"embeddable":true,"href":"https:\/\/totalblue.ro\/fr\/wp-json\/wp\/v2\/media\/90906"}],"wp:attachment":[{"href":"https:\/\/totalblue.ro\/fr\/wp-json\/wp\/v2\/media?parent=90903"}],"wp:term":[{"taxonomy":"product_brand","embeddable":true,"href":"https:\/\/totalblue.ro\/fr\/wp-json\/wp\/v2\/product_brand?post=90903"},{"taxonomy":"product_cat","embeddable":true,"href":"https:\/\/totalblue.ro\/fr\/wp-json\/wp\/v2\/product_cat?post=90903"},{"taxonomy":"giftcard-category","embeddable":true,"href":"https:\/\/totalblue.ro\/fr\/wp-json\/wp\/v2\/giftcard-category?post=90903"}],"curies":[{"name":"wp","href":"https:\/\/api.w.org\/{rel}","templated":true}]}}