{"id":91774,"date":"2023-05-18T11:45:25","date_gmt":"2023-05-18T08:45:25","guid":{"rendered":"https:\/\/totalblue.ro\/?post_type=product&#038;p=91774"},"modified":"2025-12-21T12:59:27","modified_gmt":"2025-12-21T10:59:27","slug":"diamant-frituurolie-perfect-voor-friet-snacks-3-litres","status":"publish","type":"product","link":"https:\/\/totalblue.ro\/fr\/produs\/diamant-frituurolie-perfect-voor-friet-snacks-3-l\/","title":{"rendered":"Diamant Frituurolie parfaite pour les frites et les snacks 3 litres"},"content":{"rendered":"<p>Ingr\u00e9dient : <span class=\"HwtZe\" lang=\"ro\"><span class=\"jCAhz ChMk0b\"><span class=\"ryNqvb\">Huiles v\u00e9g\u00e9tales (tournesol, haute teneur en acide ol\u00e9ique, tournesol en proportions variables), ar\u00f4mes naturels, agent antimousse : E900, teneur totale en mati\u00e8res grasses : 100%.<\/span><\/span><\/span><br \/>\nValeurs nutritionnelles \/ 100 g :<br \/>\n\u00c9nergie 3404 kJ (828 kcal)<br \/>\nMati\u00e8res grasses 92 g dont 10 g de graisses satur\u00e9es<br \/>\ndont 31 g de graisses monoinsatur\u00e9es<br \/>\ndont graisses polyinsatur\u00e9es 51 g<br \/>\nGlucides 0 g dont sucres 0 g<br \/>\nProt\u00e9ines 0 g<br \/>\nSel &lt; 0,01 g<\/p>","protected":false},"excerpt":{"rendered":"<p>Ingrediente : Uleiuri vegetale (floarea soarelui, floarea soarelui, cu o cantitate mare de oleic, \u00een propor\u021bii variate), arome naturale, agent antispumant: E900, con\u021binut total de gr\u0103simi: 100%. Valori nutritionale \/ 100 g: Energie 3404 kJ (828 kcal) Grasimi 92 g din care grasimi saturate 10 g din care grasimi mononesaturate 31 g din care grasimi [&#8230;]\n","protected":false},"featured_media":91777,"comment_status":"open","ping_status":"closed","template":"","meta":{"_acf_changed":false,"_seopress_robots_primary_cat":"none","_seopress_titles_title":"","_seopress_titles_desc":"","_seopress_robots_index":""},"product_brand":[5406],"product_cat":[1555,3328,1362,1767],"giftcard-category":[],"class_list":{"0":"post-91774","1":"product","2":"type-product","3":"status-publish","4":"has-post-thumbnail","6":"product_brand-diamant","7":"product_cat-bacanie","8":"product_cat-paste-orez-ulei-otet","9":"product_cat-ulei-orez-faina-zahar","10":"product_cat-produse-olanda","12":"first","13":"outofstock","14":"taxable","15":"shipping-taxable","16":"purchasable","17":"product-type-simple"},"acf":[],"_links":{"self":[{"href":"https:\/\/totalblue.ro\/fr\/wp-json\/wp\/v2\/product\/91774","targetHints":{"allow":["GET"]}}],"collection":[{"href":"https:\/\/totalblue.ro\/fr\/wp-json\/wp\/v2\/product"}],"about":[{"href":"https:\/\/totalblue.ro\/fr\/wp-json\/wp\/v2\/types\/product"}],"replies":[{"embeddable":true,"href":"https:\/\/totalblue.ro\/fr\/wp-json\/wp\/v2\/comments?post=91774"}],"wp:featuredmedia":[{"embeddable":true,"href":"https:\/\/totalblue.ro\/fr\/wp-json\/wp\/v2\/media\/91777"}],"wp:attachment":[{"href":"https:\/\/totalblue.ro\/fr\/wp-json\/wp\/v2\/media?parent=91774"}],"wp:term":[{"taxonomy":"product_brand","embeddable":true,"href":"https:\/\/totalblue.ro\/fr\/wp-json\/wp\/v2\/product_brand?post=91774"},{"taxonomy":"product_cat","embeddable":true,"href":"https:\/\/totalblue.ro\/fr\/wp-json\/wp\/v2\/product_cat?post=91774"},{"taxonomy":"giftcard-category","embeddable":true,"href":"https:\/\/totalblue.ro\/fr\/wp-json\/wp\/v2\/giftcard-category?post=91774"}],"curies":[{"name":"wp","href":"https:\/\/api.w.org\/{rel}","templated":true}]}}