{"id":93134,"date":"2023-05-24T09:22:49","date_gmt":"2023-05-24T06:22:49","guid":{"rendered":"https:\/\/totalblue.ro\/?post_type=product&#038;p=93134"},"modified":"2026-01-07T17:29:15","modified_gmt":"2026-01-07T15:29:15","slug":"kozel-bere-blonda-premium-pasteurizata-033l-sticla-copiaza","status":"publish","type":"product","link":"https:\/\/totalblue.ro\/fr\/produs\/kozel-bere-blonda-premium-pasteurizata-033l-sticla-copiaza\/","title":{"rendered":"Kozel bere blonda premium pasteurizata, 6sticle x 0,33L"},"content":{"rendered":"<p>Peste tot in lume, Kozel Premium Lager nu are nevoie de prezentare, este cea mai iubita bere din Cehia si apreciata la nivel international. Gustul autentic, atent balansat intre dulce si amarui, aroma fina de malt si hamei nobil Saaz Premiant, toate contribuie la aceasta recunoastere, care face din Kozel Premium Lager berea ceha numarul 1 in lume.<br \/>\nAlcool: 4,6 % vol.<br \/>\nProduit pasteuris\u00e9.<br \/>\nProduit disponible en ligne<br \/>\nSfat de pastrare\/Utilizare\/Preparare: A se feri de temperaturi ridicate si inghet.<br \/>\nMentiuni legale:Alcoolul dauneaza grav sanatatii. Consumati cu moderatie. Este interzisa vanzarea catre persoanele sub 18 ani.<br \/>\nIngrediente: apa, malt din orz, hamei.<br \/>\nLa nutrition :<br \/>\nEnergie 167 kJ (40 kcal)<br \/>\nBere tapana din Cehia : Gustoasa si usor de baut.<br \/>\nCreata in Cehia, iubita in toata lumea !<br \/>\nMensonges l\u00e9gaux : L'alcool nuit gravement \u00e0 la sant\u00e9. \u00c0 consommer avec mod\u00e9ration. La vente aux moins de 18 ans est interdite. www.desprealcool.ro<br \/>\n<a href=\"https:\/\/totalblue.ro\/wp-content\/uploads\/2021\/04\/under-18.jpg\"><img loading=\"lazy\" decoding=\"async\" class=\"alignnone wp-image-30757\" src=\"https:\/\/totalblue.ro\/wp-content\/uploads\/2021\/04\/under-18-400x400.jpg\" alt=\"\" width=\"96\" height=\"96\" srcset=\"https:\/\/totalblue.ro\/wp-content\/uploads\/2021\/04\/under-18-400x400.jpg 400w, https:\/\/totalblue.ro\/wp-content\/uploads\/2021\/04\/under-18-100x100.jpg 100w, https:\/\/totalblue.ro\/wp-content\/uploads\/2021\/04\/under-18-510x510.jpg 510w, https:\/\/totalblue.ro\/wp-content\/uploads\/2021\/04\/under-18-280x280.jpg 280w, https:\/\/totalblue.ro\/wp-content\/uploads\/2021\/04\/under-18.jpg 600w\" sizes=\"auto, (max-width: 96px) 100vw, 96px\" \/><\/a><a href=\"https:\/\/totalblue.ro\/wp-content\/uploads\/2021\/06\/drink-drive.jpg\"><img loading=\"lazy\" decoding=\"async\" class=\"alignnone wp-image-30761\" src=\"https:\/\/totalblue.ro\/wp-content\/uploads\/2021\/06\/drink-drive.jpg\" alt=\"\" width=\"98\" height=\"96\" srcset=\"https:\/\/totalblue.ro\/wp-content\/uploads\/2021\/06\/drink-drive.jpg 344w, https:\/\/totalblue.ro\/wp-content\/uploads\/2021\/06\/drink-drive-100x98.jpg 100w\" sizes=\"auto, (max-width: 98px) 100vw, 98px\" \/><\/a><a href=\"https:\/\/totalblue.ro\/wp-content\/uploads\/2021\/06\/bere-gravide02.jpg\"><img loading=\"lazy\" decoding=\"async\" class=\"alignnone wp-image-30771\" src=\"https:\/\/totalblue.ro\/wp-content\/uploads\/2021\/06\/bere-gravide02-403x400.jpg\" alt=\"\" width=\"101\" height=\"100\" srcset=\"https:\/\/totalblue.ro\/wp-content\/uploads\/2021\/06\/bere-gravide02-403x400.jpg 403w, https:\/\/totalblue.ro\/wp-content\/uploads\/2021\/06\/bere-gravide02-100x99.jpg 100w, https:\/\/totalblue.ro\/wp-content\/uploads\/2021\/06\/bere-gravide02-510x507.jpg 510w, https:\/\/totalblue.ro\/wp-content\/uploads\/2021\/06\/bere-gravide02-805x800.jpg 805w, https:\/\/totalblue.ro\/wp-content\/uploads\/2021\/06\/bere-gravide02-280x280.jpg 280w, https:\/\/totalblue.ro\/wp-content\/uploads\/2021\/06\/bere-gravide02-768x763.jpg 768w, https:\/\/totalblue.ro\/wp-content\/uploads\/2021\/06\/bere-gravide02-600x596.jpg 600w, https:\/\/totalblue.ro\/wp-content\/uploads\/2021\/06\/bere-gravide02.jpg 895w\" sizes=\"auto, (max-width: 101px) 100vw, 101px\" \/><\/a><\/p>","protected":false},"excerpt":{"rendered":"<p>Peste tot in lume, Kozel Premium Lager nu are nevoie de prezentare, este cea mai iubita bere din Cehia si apreciata la nivel international. Gustul autentic, atent balansat intre dulce si amarui, aroma fina de malt si hamei nobil Saaz Premiant, toate contribuie la aceasta recunoastere, care face din Kozel Premium Lager berea ceha numarul [&#8230;]\n","protected":false},"featured_media":93138,"comment_status":"open","ping_status":"closed","template":"","meta":{"_acf_changed":false,"_seopress_robots_primary_cat":"none","_seopress_titles_title":"","_seopress_titles_desc":"","_seopress_robots_index":""},"product_brand":[15889],"product_cat":[1519],"giftcard-category":[],"class_list":{"0":"post-93134","1":"product","2":"type-product","3":"status-publish","4":"has-post-thumbnail","6":"product_brand-kozel","7":"product_cat-bauturi-alcoolice-bere","9":"first","10":"instock","11":"taxable","12":"shipping-taxable","13":"purchasable","14":"product-type-simple"},"acf":[],"_links":{"self":[{"href":"https:\/\/totalblue.ro\/fr\/wp-json\/wp\/v2\/product\/93134","targetHints":{"allow":["GET"]}}],"collection":[{"href":"https:\/\/totalblue.ro\/fr\/wp-json\/wp\/v2\/product"}],"about":[{"href":"https:\/\/totalblue.ro\/fr\/wp-json\/wp\/v2\/types\/product"}],"replies":[{"embeddable":true,"href":"https:\/\/totalblue.ro\/fr\/wp-json\/wp\/v2\/comments?post=93134"}],"wp:featuredmedia":[{"embeddable":true,"href":"https:\/\/totalblue.ro\/fr\/wp-json\/wp\/v2\/media\/93138"}],"wp:attachment":[{"href":"https:\/\/totalblue.ro\/fr\/wp-json\/wp\/v2\/media?parent=93134"}],"wp:term":[{"taxonomy":"product_brand","embeddable":true,"href":"https:\/\/totalblue.ro\/fr\/wp-json\/wp\/v2\/product_brand?post=93134"},{"taxonomy":"product_cat","embeddable":true,"href":"https:\/\/totalblue.ro\/fr\/wp-json\/wp\/v2\/product_cat?post=93134"},{"taxonomy":"giftcard-category","embeddable":true,"href":"https:\/\/totalblue.ro\/fr\/wp-json\/wp\/v2\/giftcard-category?post=93134"}],"curies":[{"name":"wp","href":"https:\/\/api.w.org\/{rel}","templated":true}]}}