{"id":93198,"date":"2023-05-26T09:36:47","date_gmt":"2023-05-26T06:36:47","guid":{"rendered":"https:\/\/totalblue.ro\/?post_type=product&#038;p=93198"},"modified":"2025-11-12T08:56:34","modified_gmt":"2025-11-12T06:56:34","slug":"tuborg-bere-blonda-fara-alcool-033l-6sticle-x-033l","status":"publish","type":"product","link":"https:\/\/totalblue.ro\/fr\/produs\/tuborg-bere-blonda-fara-alcool-033l-6sticle-x-033l\/","title":{"rendered":"Tuborg bere blonda fara alcool 0,33L, 6sticle x 0,33L"},"content":{"rendered":"<p>Tuborg Non-Alcoolic este produs prin folosirea unei tehnologii unice de distilare sub vid, la rece, care permite p\u0103strarea \u00een \u00eentregime a gustului berii, prin eliminarea cu grij\u0103 a alcoolului la sf\u00e2r\u0219itul procesului de fermenta\u021bie.<\/p>\n<p>Aceast\u0103 tehnologie, bazat\u0103 pe re\u021beta clasic\u0103 a berii \u0219i ingrediente de \u00eenalt\u0103 calitate, permite producerea unei beri non-alcoolice cu acelea\u0219i propriet\u0103\u021bi ale aromei ca ale oricarei alte beri cu alcool, pentru a o putea consuma cu pl\u0103cere oric\u00eend. \u00cen acest fel, cu Tuborg 0.0% alcool, po\u021bi spune DA \u00een orice moment<br \/>\nAlcool: 0 % vol.<br \/>\nCaracteristici: bere blonda<br \/>\nProduit disponible en ligne<br \/>\nSfat de pastrare\/Utilizare\/Preparare: A se feri de temperaturi ridicate si inghet.<br \/>\nIngrediente: apa, hamei, trei tipuri de malt.<br \/>\nAMBALAJ PREMIUM: sticla embosata cu eticheta inclinat\u0103 la 62.5 grade si capacul inovator easy-open, tuby cap, doza cu senzor special de racire.<br \/>\nValeurs nutritionnelles pour 100 ml :<br \/>\nValoare energetica pe 100g produs KJ 114 kJ<br \/>\nValoare energetica pe 100g produs Kcal 27 kcal<br \/>\nGrasimi, Lipide &lt;0.1 g<br \/>\nMati\u00e8res grasses, dont acides gras satur\u00e9s 0 g<br \/>\nGlucide, Carbohidrati 5.9 g<br \/>\nGlucide, din care zaharuri 2.5 g<br \/>\nProteine &lt;1 g<br \/>\nSel 0 g<br \/>\nMensonges l\u00e9gaux : L'alcool nuit gravement \u00e0 la sant\u00e9. \u00c0 consommer avec mod\u00e9ration. La vente aux moins de 18 ans est interdite. www.desprealcool.ro<br \/>\n<a href=\"https:\/\/totalblue.ro\/wp-content\/uploads\/2021\/04\/under-18.jpg\"><img loading=\"lazy\" decoding=\"async\" class=\"alignnone wp-image-30757\" src=\"https:\/\/totalblue.ro\/wp-content\/uploads\/2021\/04\/under-18-400x400.jpg\" alt=\"\" width=\"96\" height=\"96\" srcset=\"https:\/\/totalblue.ro\/wp-content\/uploads\/2021\/04\/under-18-400x400.jpg 400w, https:\/\/totalblue.ro\/wp-content\/uploads\/2021\/04\/under-18-100x100.jpg 100w, https:\/\/totalblue.ro\/wp-content\/uploads\/2021\/04\/under-18-510x510.jpg 510w, https:\/\/totalblue.ro\/wp-content\/uploads\/2021\/04\/under-18-280x280.jpg 280w, https:\/\/totalblue.ro\/wp-content\/uploads\/2021\/04\/under-18.jpg 600w\" sizes=\"auto, (max-width: 96px) 100vw, 96px\" \/><\/a><a href=\"https:\/\/totalblue.ro\/wp-content\/uploads\/2021\/06\/drink-drive.jpg\"><img loading=\"lazy\" decoding=\"async\" class=\"alignnone wp-image-30761\" src=\"https:\/\/totalblue.ro\/wp-content\/uploads\/2021\/06\/drink-drive.jpg\" alt=\"\" width=\"98\" height=\"96\" srcset=\"https:\/\/totalblue.ro\/wp-content\/uploads\/2021\/06\/drink-drive.jpg 344w, https:\/\/totalblue.ro\/wp-content\/uploads\/2021\/06\/drink-drive-100x98.jpg 100w\" sizes=\"auto, (max-width: 98px) 100vw, 98px\" \/><\/a><a href=\"https:\/\/totalblue.ro\/wp-content\/uploads\/2021\/06\/bere-gravide02.jpg\"><img loading=\"lazy\" decoding=\"async\" class=\"alignnone wp-image-30771\" src=\"https:\/\/totalblue.ro\/wp-content\/uploads\/2021\/06\/bere-gravide02-403x400.jpg\" alt=\"\" width=\"101\" height=\"100\" srcset=\"https:\/\/totalblue.ro\/wp-content\/uploads\/2021\/06\/bere-gravide02-403x400.jpg 403w, https:\/\/totalblue.ro\/wp-content\/uploads\/2021\/06\/bere-gravide02-100x99.jpg 100w, https:\/\/totalblue.ro\/wp-content\/uploads\/2021\/06\/bere-gravide02-510x507.jpg 510w, https:\/\/totalblue.ro\/wp-content\/uploads\/2021\/06\/bere-gravide02-805x800.jpg 805w, https:\/\/totalblue.ro\/wp-content\/uploads\/2021\/06\/bere-gravide02-280x280.jpg 280w, https:\/\/totalblue.ro\/wp-content\/uploads\/2021\/06\/bere-gravide02-768x763.jpg 768w, https:\/\/totalblue.ro\/wp-content\/uploads\/2021\/06\/bere-gravide02-600x596.jpg 600w, https:\/\/totalblue.ro\/wp-content\/uploads\/2021\/06\/bere-gravide02.jpg 895w\" sizes=\"auto, (max-width: 101px) 100vw, 101px\" \/><\/a><\/p>","protected":false},"excerpt":{"rendered":"<p>Tuborg Non-Alcoolic este produs prin folosirea unei tehnologii unice de distilare sub vid, la rece, care permite p\u0103strarea \u00een \u00eentregime a gustului berii, prin eliminarea cu grij\u0103 a alcoolului la sf\u00e2r\u0219itul procesului de fermenta\u021bie. Aceast\u0103 tehnologie, bazat\u0103 pe re\u021beta clasic\u0103 a berii \u0219i ingrediente de \u00eenalt\u0103 calitate, permite producerea unei beri non-alcoolice cu acelea\u0219i propriet\u0103\u021bi [&#8230;]\n","protected":false},"featured_media":93196,"comment_status":"open","ping_status":"closed","template":"","meta":{"_acf_changed":false,"_seopress_robots_primary_cat":"none","_seopress_titles_title":"","_seopress_titles_desc":"","_seopress_robots_index":""},"product_brand":[15921],"product_cat":[1519],"giftcard-category":[],"class_list":{"0":"post-93198","1":"product","2":"type-product","3":"status-publish","4":"has-post-thumbnail","6":"product_brand-tuborg","7":"product_cat-bauturi-alcoolice-bere","9":"first","10":"instock","11":"taxable","12":"shipping-taxable","13":"purchasable","14":"product-type-simple"},"acf":[],"_links":{"self":[{"href":"https:\/\/totalblue.ro\/fr\/wp-json\/wp\/v2\/product\/93198","targetHints":{"allow":["GET"]}}],"collection":[{"href":"https:\/\/totalblue.ro\/fr\/wp-json\/wp\/v2\/product"}],"about":[{"href":"https:\/\/totalblue.ro\/fr\/wp-json\/wp\/v2\/types\/product"}],"replies":[{"embeddable":true,"href":"https:\/\/totalblue.ro\/fr\/wp-json\/wp\/v2\/comments?post=93198"}],"wp:featuredmedia":[{"embeddable":true,"href":"https:\/\/totalblue.ro\/fr\/wp-json\/wp\/v2\/media\/93196"}],"wp:attachment":[{"href":"https:\/\/totalblue.ro\/fr\/wp-json\/wp\/v2\/media?parent=93198"}],"wp:term":[{"taxonomy":"product_brand","embeddable":true,"href":"https:\/\/totalblue.ro\/fr\/wp-json\/wp\/v2\/product_brand?post=93198"},{"taxonomy":"product_cat","embeddable":true,"href":"https:\/\/totalblue.ro\/fr\/wp-json\/wp\/v2\/product_cat?post=93198"},{"taxonomy":"giftcard-category","embeddable":true,"href":"https:\/\/totalblue.ro\/fr\/wp-json\/wp\/v2\/giftcard-category?post=93198"}],"curies":[{"name":"wp","href":"https:\/\/api.w.org\/{rel}","templated":true}]}}