{"id":93546,"date":"2023-06-08T09:59:05","date_gmt":"2023-06-08T06:59:05","guid":{"rendered":"https:\/\/totalblue.ro\/?post_type=product&#038;p=93546"},"modified":"2026-02-16T12:22:34","modified_gmt":"2026-02-16T10:22:34","slug":"goudas-gloriesos-ail-goudas-import-hollandaise-850-ml","status":"publish","type":"product","link":"https:\/\/totalblue.ro\/fr\/produs\/goudas-gloriesos-usturoi-import-olanda-850-ml\/","title":{"rendered":"Gouda's Glorie Gouda avec sauce \u00e0 l'ail, import\u00e9 de Hollande 850 ml"},"content":{"rendered":"<p>Glorie Fresh de Gouda est une sauce cr\u00e9meuse \u00e0 l'ail, id\u00e9ale pour le poulet, les viandes grill\u00e9es, etc.<br \/>\nIngr\u00e9dients : eau, huile de colza 24%, yaourt \u00e9cr\u00e9m\u00e9, sirop de glucose-fructose, vinaigre, amidon de ma\u00efs modifi\u00e9, jaune d'\u0153uf, ail frais hach\u00e9 2,1%, moutarde (eau, graines de moutarde, vinaigre, \u00e9pices), herbes, sel, sel marin, acides alimentaires : acide lactique et acide citrique, sel alimentaire : chlorure de potassium, conservateur : sorbate de potassium, \u00e9paississant : gomme de guar, extrait d'oignon, ar\u00f4me, antioxydant : E385.<br \/>\nAllerg\u00e8nes : contient du lait, de la moutarde, des \u0153ufs.<br \/>\nValeurs nutritionnelles pour 100g :<br \/>\n\u00c9nergie 1211 kJ (293 kcal)<br \/>\nLipides 26 g dont 2 g de graisses satur\u00e9es<br \/>\nGlucides 13 g dont sucres 9 g<br \/>\nProt\u00e9ines 1,1 g<br \/>\nSel 1,1 g<br \/>\nStockage : conserver au frais apr\u00e8s ouverture.<br \/>\nPoids et conditionnement : 850 ml. Tube en plastique.<br \/>\nProducteur : Glorie Sauzen de Gouda, Postbus 10, 3734 ZG Den Dolder.<br \/>\nImportateur : Total Blue Impex SRL, Roumanie, Bucarest.<\/p>","protected":false},"excerpt":{"rendered":"<p>Gouda\u2019s Glorie Fresh este un sos cremos de usturoi, ideal pentru pui, shoarma carne la gratar , etc. Ingrediente: apa, ulei de rapita 24%, iaurt degresat, sirop de glucoza-fructoza, otet, amidon de porumb modificat, galbenus din oua, usturoi proaspat tocat 2,1%, mustar (apa, seminte de mustar, otet, condimente), ierburi, sare , sare de mare, acizi [&#8230;]\n","protected":false},"featured_media":93550,"comment_status":"open","ping_status":"closed","template":"","meta":{"_acf_changed":false,"_seopress_robots_primary_cat":"none","_seopress_titles_title":"Gouda's Glorie sos usturoi, import Olanda 850 ml","_seopress_titles_desc":"Cauti sos de usturoi? Cumpara acum sos de usturoi, sos cremos de usturoi, maioneza cu usturoi, sos de usturoi Gouda's, crema sos usturoi Gouda's","_seopress_robots_index":""},"product_brand":[15950],"product_cat":[1555,3280,1451,1767],"giftcard-category":[],"class_list":{"0":"post-93546","1":"product","2":"type-product","3":"status-publish","4":"has-post-thumbnail","6":"product_brand-goudas-glorie","7":"product_cat-bacanie","8":"product_cat-condimente-sosuri","9":"product_cat-condimente-produse-instant","10":"product_cat-produse-olanda","12":"first","13":"instock","14":"taxable","15":"shipping-taxable","16":"purchasable","17":"product-type-simple"},"acf":[],"_links":{"self":[{"href":"https:\/\/totalblue.ro\/fr\/wp-json\/wp\/v2\/product\/93546","targetHints":{"allow":["GET"]}}],"collection":[{"href":"https:\/\/totalblue.ro\/fr\/wp-json\/wp\/v2\/product"}],"about":[{"href":"https:\/\/totalblue.ro\/fr\/wp-json\/wp\/v2\/types\/product"}],"replies":[{"embeddable":true,"href":"https:\/\/totalblue.ro\/fr\/wp-json\/wp\/v2\/comments?post=93546"}],"wp:featuredmedia":[{"embeddable":true,"href":"https:\/\/totalblue.ro\/fr\/wp-json\/wp\/v2\/media\/93550"}],"wp:attachment":[{"href":"https:\/\/totalblue.ro\/fr\/wp-json\/wp\/v2\/media?parent=93546"}],"wp:term":[{"taxonomy":"product_brand","embeddable":true,"href":"https:\/\/totalblue.ro\/fr\/wp-json\/wp\/v2\/product_brand?post=93546"},{"taxonomy":"product_cat","embeddable":true,"href":"https:\/\/totalblue.ro\/fr\/wp-json\/wp\/v2\/product_cat?post=93546"},{"taxonomy":"giftcard-category","embeddable":true,"href":"https:\/\/totalblue.ro\/fr\/wp-json\/wp\/v2\/giftcard-category?post=93546"}],"curies":[{"name":"wp","href":"https:\/\/api.w.org\/{rel}","templated":true}]}}