{"id":93767,"date":"2023-06-13T13:28:01","date_gmt":"2023-06-13T10:28:01","guid":{"rendered":"https:\/\/totalblue.ro\/?post_type=product&#038;p=93767"},"modified":"2025-10-28T11:16:53","modified_gmt":"2025-10-28T09:16:53","slug":"fristi-iaurt-de-baut-cu-capsuni-zmeura-si-cirese-6-cutii-x-200-ml","status":"publish","type":"product","link":"https:\/\/totalblue.ro\/fr\/produs\/fristi-iaurt-de-baut-cu-capsuni-zmeura-si-cirese-6-cutii-x-200-ml\/","title":{"rendered":"Yaourt \u00e0 boire Fristi aux fraises, framboises et cerises 6 bo\u00eetes x 200 ml"},"content":{"rendered":"<p>Yaourt \u00e0 boire Fristi aux fraises, framboises et cerises 6 bo\u00eetes x 200 ml<\/p>\n<p>1 pachet contine 6 cutii cu pai<br \/>\nSursa bogata de calciu.<strong><br \/>\nIngr\u00e9dient<\/strong>: lapte degresat fermentat, componente lichide lapte (permeat de zer), apa, suc de fructe din suc concentrat 3% (1% capsuni, 1% zmeura, 1% cirese), zahar, sirop de fructoza, stabilizatori: pectina, guma guar, dipotasiu fosfat si citrat trisodic, acid: acid lactic, aroma, colorant: carmin.<br \/>\n<strong>Allerg\u00e8nes<\/strong>contient du lait.<br \/>\n<strong>Mod de utilizare<\/strong>: a se agita inainte de consum. A se consuma de preferinta rece.<br \/>\n<strong>Depozitare:<\/strong> A se pastreaza la rece (max 7\u00b0C). Produs perisabil dupa deschidere. A se feri de razele soarelui.<br \/>\nConsommer avant : voir sur l'emballage.<br \/>\n<strong>Valeurs nutritionnelles :<\/strong><br \/>\n\u00c9nergie 181 kJ (43 kcal)<br \/>\nGraisses 0 g dont graisses satur\u00e9es 0 g<br \/>\nCarbohidra\u021bi 7.7 g din care zaharuri 7,7 g<br \/>\nProt\u00e9ines 2 g<br \/>\nSel 0,12 g<br \/>\nCalciu 70 mg<\/p>\n<p>Producator: Friesland Campina Consumentenservice: Antwoordnummer 390 3800 VB Amersfoort, The Netherlands<br \/>\nImportateur et distributeur : Total Blue Impex SRL, Bucarest, Roumanie.<\/p>","protected":false},"excerpt":{"rendered":"<p>Fristi iaurt de baut cu capsuni, zmeura si cirese 6 cutii x 200 ml 1 pachet contine 6 cutii cu pai Sursa bogata de calciu. Ingrediente: lapte degresat fermentat, componente lichide lapte (permeat de zer), apa, suc de fructe din suc concentrat 3% (1% capsuni, 1% zmeura, 1% cirese), zahar, sirop de fructoza, stabilizatori: pectina, [&#8230;]\n","protected":false},"featured_media":93769,"comment_status":"open","ping_status":"closed","template":"","meta":{"_acf_changed":false,"_seopress_robots_primary_cat":"none","_seopress_titles_title":"Fristi iaurt de baut cu capsuni, zmeura si cirese 6 cutii x 200 ml","_seopress_titles_desc":"Cauti iaurt cu fructe?","_seopress_robots_index":""},"product_brand":[5427],"product_cat":[1555,3288,4226,3304,1767],"giftcard-category":[],"class_list":{"0":"post-93767","1":"product","2":"type-product","3":"status-publish","4":"has-post-thumbnail","6":"product_brand-fristi","7":"product_cat-bacanie","8":"product_cat-branzeturi","9":"product_cat-branzeturi-bacanie","10":"product_cat-mic-dejun-produse-olanda","11":"product_cat-produse-olanda","13":"first","14":"outofstock","15":"taxable","16":"shipping-taxable","17":"purchasable","18":"product-type-simple"},"acf":[],"_links":{"self":[{"href":"https:\/\/totalblue.ro\/fr\/wp-json\/wp\/v2\/product\/93767","targetHints":{"allow":["GET"]}}],"collection":[{"href":"https:\/\/totalblue.ro\/fr\/wp-json\/wp\/v2\/product"}],"about":[{"href":"https:\/\/totalblue.ro\/fr\/wp-json\/wp\/v2\/types\/product"}],"replies":[{"embeddable":true,"href":"https:\/\/totalblue.ro\/fr\/wp-json\/wp\/v2\/comments?post=93767"}],"wp:featuredmedia":[{"embeddable":true,"href":"https:\/\/totalblue.ro\/fr\/wp-json\/wp\/v2\/media\/93769"}],"wp:attachment":[{"href":"https:\/\/totalblue.ro\/fr\/wp-json\/wp\/v2\/media?parent=93767"}],"wp:term":[{"taxonomy":"product_brand","embeddable":true,"href":"https:\/\/totalblue.ro\/fr\/wp-json\/wp\/v2\/product_brand?post=93767"},{"taxonomy":"product_cat","embeddable":true,"href":"https:\/\/totalblue.ro\/fr\/wp-json\/wp\/v2\/product_cat?post=93767"},{"taxonomy":"giftcard-category","embeddable":true,"href":"https:\/\/totalblue.ro\/fr\/wp-json\/wp\/v2\/giftcard-category?post=93767"}],"curies":[{"name":"wp","href":"https:\/\/api.w.org\/{rel}","templated":true}]}}