{"id":95108,"date":"2023-07-04T11:01:00","date_gmt":"2023-07-04T08:01:00","guid":{"rendered":"https:\/\/totalblue.ro\/?post_type=product&#038;p=95108"},"modified":"2025-08-01T15:42:43","modified_gmt":"2025-08-01T12:42:43","slug":"unox-soep-in-blik-stevige-chinese-tomatensoep-800-ml","status":"publish","type":"product","link":"https:\/\/totalblue.ro\/fr\/produs\/unox-soep-in-blik-stevige-chinese-tomatensoep-800-ml\/","title":{"rendered":"Supa chinezeasca de rosii Unox Olanda &#8211; gata preparata 800 ml"},"content":{"rendered":"<p>Cantitatea ideala pentru 2-3 portii de supa.<br \/>\nUnox Soep in blik stevige Chinese tomatensoep<br \/>\nSupa chinezeasca de rosii Unox Olanda &#8211; gata preparata<br \/>\nSupa de ro\u0219ii chinezeasca Unox este preparata cu t\u0103i\u021bei \u0219i o mul\u021bime de ro\u0219ii, muguri de fasole, praz \u0219i morcov.<br \/>\nBrandul olandez Unox produce cele mai bune supe olandeze inca din 1957.\u00a0 Deoarece Unox lucreaza in continuu la imbunatatirea produselor sale, pe langa supele clasice, gasim o gama variata de produse delicioase gata preparate.<br \/>\n<strong>Pr\u00e9paration :<\/strong> Nu introduceti ambalajul in cuptorul cu microunde! Nu gatiti supa! Puneti supa intr-un bol si incalziti la cuptorul cu microunde timp de 3 minute la aprox. 600 wati sau incalziti-o direct intr-o craticioara sau oala amestecand usor. Dupa incalzire este gata de savurat!<br \/>\n<strong>Ingr\u00e9dient :<\/strong> Legume 60% (ro\u0219ii 48%, varz\u0103 de fasole 3,7%, castan de ap\u0103, morcov 2,7%, praz 2%), ap\u0103, zah\u0103r, ulei de rapi\u021b\u0103, fibre ro\u0219ii 1,5%, t\u0103i\u021bei 1,4% (grau tare, proteina ou), f\u0103in\u0103 de grau, amidon modificat, o\u021bet, sare, extract de drojdie (con\u021bine orz), concentrat de suc de legume (frunze telina, morcov, praz, ceap\u0103), condimente (coriandru, cardamom), arom\u0103, concentrat de suc de l\u0103m\u00e2ie, fructoz\u0103, usturoi, maltodextrin\u0103, extract de vin alb, o\u021bet balsamic (o\u021bet de vin, must de struguri).<br \/>\n<strong>Allerg\u00e8nes :<\/strong> Con\u021bine: Orz, cereale care con\u021bin gluten, \u021belin\u0103, ou\u0103, lapte, gr\u00e2u<br \/>\nPoate con\u021bine: Mu\u0219tar, Soia<br \/>\nFabriqu\u00e9 aux Pays-Bas par Unilever Nederland Unox, Postbus 160 3000 AD AD Rotterdam<br \/>\nImportateur et distributeur Total Blue Impex SRL<br \/>\n<strong>Nutritie \/ 100ml:<\/strong><br \/>\nEnergie 251 kJ (60 kcal)<br \/>\nGr\u0103sime 2,4 g din care acizi saturati 0,4 g<br \/>\nCarbohidra\u021bi 8 g din care zaharuri 4,2 g<br \/>\nFibres alimentaires 0,6 g<br \/>\nProteine \u200b\u200b1,3 g<br \/>\nSare 0,67 g<br \/>\n<strong>Produs certificat de Uniunea Vegetarian\u0103 European\u0103<\/strong><\/p>\n<p><a href=\"https:\/\/totalblue.ro\/wp-content\/uploads\/2021\/02\/WhatsApp-Image-2021-02-24-at-16.30.16.jpeg\"><img loading=\"lazy\" decoding=\"async\" class=\"alignnone wp-image-27378\" src=\"https:\/\/totalblue.ro\/wp-content\/uploads\/2021\/02\/WhatsApp-Image-2021-02-24-at-16.30.16.jpeg\" alt=\"\" width=\"150\" height=\"150\" srcset=\"https:\/\/totalblue.ro\/wp-content\/uploads\/2021\/02\/WhatsApp-Image-2021-02-24-at-16.30.16.jpeg 225w, https:\/\/totalblue.ro\/wp-content\/uploads\/2021\/02\/WhatsApp-Image-2021-02-24-at-16.30.16-100x100.jpeg 100w\" sizes=\"auto, (max-width: 150px) 100vw, 150px\" \/><\/a> <a href=\"https:\/\/totalblue.ro\/wp-content\/uploads\/2021\/02\/WhatsApp-Image-2021-02-24-at-16.11.33.jpeg\"><img loading=\"lazy\" decoding=\"async\" class=\"alignnone wp-image-27374\" src=\"https:\/\/totalblue.ro\/wp-content\/uploads\/2021\/02\/WhatsApp-Image-2021-02-24-at-16.11.33-711x400.jpeg\" alt=\"\" width=\"270\" height=\"152\" srcset=\"https:\/\/totalblue.ro\/wp-content\/uploads\/2021\/02\/WhatsApp-Image-2021-02-24-at-16.11.33-711x400.jpeg 711w, https:\/\/totalblue.ro\/wp-content\/uploads\/2021\/02\/WhatsApp-Image-2021-02-24-at-16.11.33-510x287.jpeg 510w, https:\/\/totalblue.ro\/wp-content\/uploads\/2021\/02\/WhatsApp-Image-2021-02-24-at-16.11.33-768x432.jpeg 768w, https:\/\/totalblue.ro\/wp-content\/uploads\/2021\/02\/WhatsApp-Image-2021-02-24-at-16.11.33-600x337.jpeg 600w, https:\/\/totalblue.ro\/wp-content\/uploads\/2021\/02\/WhatsApp-Image-2021-02-24-at-16.11.33-100x56.jpeg 100w, https:\/\/totalblue.ro\/wp-content\/uploads\/2021\/02\/WhatsApp-Image-2021-02-24-at-16.11.33.jpeg 978w\" sizes=\"auto, (max-width: 270px) 100vw, 270px\" \/><\/a><\/p>\n<p>&nbsp;<\/p>","protected":false},"excerpt":{"rendered":"<p>Cantitatea ideala pentru 2-3 portii de supa. Unox Soep in blik stevige Chinese tomatensoep Supa chinezeasca de rosii Unox Olanda &#8211; gata preparata Supa de ro\u0219ii chinezeasca Unox este preparata cu t\u0103i\u021bei \u0219i o mul\u021bime de ro\u0219ii, muguri de fasole, praz \u0219i morcov. Brandul olandez Unox produce cele mai bune supe olandeze inca din 1957.\u00a0 [&#8230;]\n","protected":false},"featured_media":27403,"comment_status":"open","ping_status":"closed","template":"","meta":{"_acf_changed":false,"_seopress_robots_primary_cat":"none","_seopress_titles_title":"Supa chinezeasca de legume, ciorba chinezeasca de rosii","_seopress_titles_desc":"Unox Soep in blik stevige Chinese tomatensoep.Supa chinezeasca e preparata cu t\u0103i\u021bei \u0219i o mul\u021bime de ro\u0219ii, muguri fasole, praz \u0219i morcov.","_seopress_robots_index":""},"product_brand":[1925],"product_cat":[1555,1683,3272,1767],"giftcard-category":[],"class_list":{"0":"post-95108","1":"product","2":"type-product","3":"status-publish","4":"has-post-thumbnail","6":"product_brand-unox","7":"product_cat-bacanie","8":"product_cat-conserve-mancare-gatita","9":"product_cat-conserve","10":"product_cat-produse-olanda","12":"first","13":"outofstock","14":"taxable","15":"shipping-taxable","16":"purchasable","17":"product-type-simple"},"acf":[],"_links":{"self":[{"href":"https:\/\/totalblue.ro\/fr\/wp-json\/wp\/v2\/product\/95108","targetHints":{"allow":["GET"]}}],"collection":[{"href":"https:\/\/totalblue.ro\/fr\/wp-json\/wp\/v2\/product"}],"about":[{"href":"https:\/\/totalblue.ro\/fr\/wp-json\/wp\/v2\/types\/product"}],"replies":[{"embeddable":true,"href":"https:\/\/totalblue.ro\/fr\/wp-json\/wp\/v2\/comments?post=95108"}],"wp:featuredmedia":[{"embeddable":true,"href":"https:\/\/totalblue.ro\/fr\/wp-json\/wp\/v2\/media\/27403"}],"wp:attachment":[{"href":"https:\/\/totalblue.ro\/fr\/wp-json\/wp\/v2\/media?parent=95108"}],"wp:term":[{"taxonomy":"product_brand","embeddable":true,"href":"https:\/\/totalblue.ro\/fr\/wp-json\/wp\/v2\/product_brand?post=95108"},{"taxonomy":"product_cat","embeddable":true,"href":"https:\/\/totalblue.ro\/fr\/wp-json\/wp\/v2\/product_cat?post=95108"},{"taxonomy":"giftcard-category","embeddable":true,"href":"https:\/\/totalblue.ro\/fr\/wp-json\/wp\/v2\/giftcard-category?post=95108"}],"curies":[{"name":"wp","href":"https:\/\/api.w.org\/{rel}","templated":true}]}}