{"id":95789,"date":"2023-07-12T14:16:15","date_gmt":"2023-07-12T11:16:15","guid":{"rendered":"https:\/\/totalblue.ro\/?post_type=product&#038;p=95789"},"modified":"2026-03-09T11:59:59","modified_gmt":"2026-03-09T09:59:59","slug":"clipper-organic-orange-turmeric-infusion-20-pliculete","status":"publish","type":"product","link":"https:\/\/totalblue.ro\/fr\/produs\/clipper-organic-orange-turmeric-infusion-20-pliculete\/","title":{"rendered":"Clipper Organic orange &amp; turmeric infusion 20 pliculete"},"content":{"rendered":"<p>Ingr\u00e9dient :<span class=\"HwtZe\" lang=\"ro\"><span class=\"jCAhz JxVs2d ChMk0b\"><span class=\"ryNqvb\">Tufi\u0219 de miere, turmeric (20 %), coaj\u0103 de portocal\u0103 (16 %), r\u0103d\u0103cin\u0103 de lemn dulce, arom\u0103 natural\u0103 de portocale \u0219i alte arome naturale (5 %), hibiscus alb, cicoare.<\/span><\/span><\/span><\/p>\n<div class=\"lRu31\" dir=\"ltr\">\n<div id=\"ow2511\">Utilisation : Verser de l'eau bouillante sur un sachet de th\u00e9 et laisser infuser pendant 2 \u00e0 4 minutes.<\/div>\n<\/div>\n<p><a href=\"https:\/\/totalblue.ro\/wp-content\/uploads\/2021\/02\/bio02.jpg\"><img loading=\"lazy\" decoding=\"async\" class=\"alignnone size-full wp-image-27483\" src=\"https:\/\/totalblue.ro\/wp-content\/uploads\/2021\/02\/bio02.jpg\" alt=\"\" width=\"80\" height=\"80\" \/><\/a><br \/>\nImportation Pays-Bas : Wessanen Nederland Holding BV, Hoogoorddreef 5, 1101 BA, Amsterdam, Pays-Bas<\/p>","protected":false},"excerpt":{"rendered":"<p>Ingrediente :Tufi\u0219 de miere, turmeric (20 %), coaj\u0103 de portocal\u0103 (16 %), r\u0103d\u0103cin\u0103 de lemn dulce, arom\u0103 natural\u0103 de portocale \u0219i alte arome naturale (5 %), hibiscus alb, cicoare. Utilizare: Se toarn\u0103 ap\u0103 clocotit\u0103 peste o plicule\u021be de ceai \u0219i se las\u0103 la infuzat 2-4 minute. Import Olanda: Wessanen Nederland Holding BV, Hoogoorddreef 5, 1101 [&#8230;]\n","protected":false},"featured_media":95793,"comment_status":"open","ping_status":"closed","template":"","meta":{"_acf_changed":false,"_seopress_robots_primary_cat":"none","_seopress_titles_title":"","_seopress_titles_desc":"","_seopress_robots_index":""},"product_brand":[4320],"product_cat":[1555,1506,3320,1767],"giftcard-category":[],"class_list":{"0":"post-95789","1":"product","2":"type-product","3":"status-publish","4":"has-post-thumbnail","6":"product_brand-clipper","7":"product_cat-bacanie","8":"product_cat-cafea-ceai-mic-dejun","9":"product_cat-cafea-ceai-lapte","10":"product_cat-produse-olanda","12":"first","13":"outofstock","14":"taxable","15":"shipping-taxable","16":"purchasable","17":"product-type-simple"},"acf":[],"_links":{"self":[{"href":"https:\/\/totalblue.ro\/fr\/wp-json\/wp\/v2\/product\/95789","targetHints":{"allow":["GET"]}}],"collection":[{"href":"https:\/\/totalblue.ro\/fr\/wp-json\/wp\/v2\/product"}],"about":[{"href":"https:\/\/totalblue.ro\/fr\/wp-json\/wp\/v2\/types\/product"}],"replies":[{"embeddable":true,"href":"https:\/\/totalblue.ro\/fr\/wp-json\/wp\/v2\/comments?post=95789"}],"wp:featuredmedia":[{"embeddable":true,"href":"https:\/\/totalblue.ro\/fr\/wp-json\/wp\/v2\/media\/95793"}],"wp:attachment":[{"href":"https:\/\/totalblue.ro\/fr\/wp-json\/wp\/v2\/media?parent=95789"}],"wp:term":[{"taxonomy":"product_brand","embeddable":true,"href":"https:\/\/totalblue.ro\/fr\/wp-json\/wp\/v2\/product_brand?post=95789"},{"taxonomy":"product_cat","embeddable":true,"href":"https:\/\/totalblue.ro\/fr\/wp-json\/wp\/v2\/product_cat?post=95789"},{"taxonomy":"giftcard-category","embeddable":true,"href":"https:\/\/totalblue.ro\/fr\/wp-json\/wp\/v2\/giftcard-category?post=95789"}],"curies":[{"name":"wp","href":"https:\/\/api.w.org\/{rel}","templated":true}]}}