{"id":95797,"date":"2023-07-12T14:21:34","date_gmt":"2023-07-12T11:21:34","guid":{"rendered":"https:\/\/totalblue.ro\/?post_type=product&#038;p=95797"},"modified":"2026-01-18T16:27:44","modified_gmt":"2026-01-18T14:27:44","slug":"clipper-calmer-cameleon-infusion-bio-20-sachets","status":"publish","type":"product","link":"https:\/\/totalblue.ro\/fr\/produs\/clipper-calmer-chameleon-organic-infusion-20-pliculete\/","title":{"rendered":"Clipper Th\u00e9 camomille et cannelle infusion bio 20 sachets"},"content":{"rendered":"<p><span class=\"HwtZe\" lang=\"ro\"><span class=\"jCAhz JxVs2d ChMk0b\"><span class=\"ryNqvb\">Une d\u00e9licieuse infusion biologique de camomille, de matricaire, de cannelle et de m\u00e9lisse. <span class=\"jCAhz JxVs2d\">Pour un moment de d\u00e9tente dans la journ\u00e9e !<\/span><br \/>\nIngr\u00e9dients : camomille* (45%), miellat* (30%), cannelle* (20%), m\u00e9lisse*.<\/span><\/span> <span class=\"jCAhz JxVs2d ChMk0b\"><span class=\"ryNqvb\">*biologique<br \/>\nUtilisation : Verser de l'eau bouillante sur un sachet de th\u00e9 et laisser infuser pendant 2 \u00e0 4 minutes.<br \/>\n<\/span><\/span><\/span><\/p>\n<p><a href=\"https:\/\/totalblue.ro\/wp-content\/uploads\/2021\/02\/bio02.jpg\"><img loading=\"lazy\" decoding=\"async\" class=\"alignnone size-full wp-image-27483\" src=\"https:\/\/totalblue.ro\/wp-content\/uploads\/2021\/02\/bio02.jpg\" alt=\"\" width=\"80\" height=\"80\" \/>\u00a0<\/a><br \/>\nImportation Pays-Bas : Wessanen Nederland Holding BV, Hoogoorddreef 5, 1101 BA, Amsterdam, Pays-Bas<\/p>","protected":false},"excerpt":{"rendered":"<p>O delicioas\u0103 infuzie organic\u0103 din plante de mu\u0219e\u021bel, tufi\u0219, scor\u021bi\u0219oar\u0103 \u0219i balsam de l\u0103m\u00e2ie. Pentru un moment de relaxare in timpul zilei! Ingrediente: musetel* (45%), buchet de miere* (30%), scortisoara* (20%), melisa*. *biologic Utilizare: Se toarn\u0103 ap\u0103 clocotit\u0103 peste o plicule\u021be de ceai \u0219i se las\u0103 la infuzat 2-4 minute. \u00a0 Import Olanda: Wessanen Nederland [&#8230;]\n","protected":false},"featured_media":168832,"comment_status":"open","ping_status":"closed","template":"","meta":{"_acf_changed":false,"_seopress_robots_primary_cat":"none","_seopress_titles_title":"","_seopress_titles_desc":"","_seopress_robots_index":""},"product_brand":[4320],"product_cat":[1555,1506,3320,1767],"giftcard-category":[],"class_list":{"0":"post-95797","1":"product","2":"type-product","3":"status-publish","4":"has-post-thumbnail","6":"product_brand-clipper","7":"product_cat-bacanie","8":"product_cat-cafea-ceai-mic-dejun","9":"product_cat-cafea-ceai-lapte","10":"product_cat-produse-olanda","12":"first","13":"outofstock","14":"taxable","15":"shipping-taxable","16":"purchasable","17":"product-type-simple"},"acf":[],"_links":{"self":[{"href":"https:\/\/totalblue.ro\/fr\/wp-json\/wp\/v2\/product\/95797","targetHints":{"allow":["GET"]}}],"collection":[{"href":"https:\/\/totalblue.ro\/fr\/wp-json\/wp\/v2\/product"}],"about":[{"href":"https:\/\/totalblue.ro\/fr\/wp-json\/wp\/v2\/types\/product"}],"replies":[{"embeddable":true,"href":"https:\/\/totalblue.ro\/fr\/wp-json\/wp\/v2\/comments?post=95797"}],"wp:featuredmedia":[{"embeddable":true,"href":"https:\/\/totalblue.ro\/fr\/wp-json\/wp\/v2\/media\/168832"}],"wp:attachment":[{"href":"https:\/\/totalblue.ro\/fr\/wp-json\/wp\/v2\/media?parent=95797"}],"wp:term":[{"taxonomy":"product_brand","embeddable":true,"href":"https:\/\/totalblue.ro\/fr\/wp-json\/wp\/v2\/product_brand?post=95797"},{"taxonomy":"product_cat","embeddable":true,"href":"https:\/\/totalblue.ro\/fr\/wp-json\/wp\/v2\/product_cat?post=95797"},{"taxonomy":"giftcard-category","embeddable":true,"href":"https:\/\/totalblue.ro\/fr\/wp-json\/wp\/v2\/giftcard-category?post=95797"}],"curies":[{"name":"wp","href":"https:\/\/api.w.org\/{rel}","templated":true}]}}