{"id":95824,"date":"2023-07-12T15:29:40","date_gmt":"2023-07-12T12:29:40","guid":{"rendered":"https:\/\/totalblue.ro\/?post_type=product&#038;p=95824"},"modified":"2025-11-14T16:45:48","modified_gmt":"2025-11-14T14:45:48","slug":"clipper-nighty-night-infusion-bio-20-sachets","status":"publish","type":"product","link":"https:\/\/totalblue.ro\/fr\/produs\/clipper-nighty-night-organic-infusion-20-pliculete\/","title":{"rendered":"Clipper Nighty night infusion bio 20 sachets"},"content":{"rendered":"<p>Ingr\u00e9dient : <span class=\"HwtZe\" lang=\"ro\"><span class=\"jCAhz JxVs2d ChMk0b\"><span class=\"ryNqvb\">cannelle* (35%) camomille* (25%) m\u00e9lisse* rooibos* (15%) ar\u00f4me naturel d'orange (5%)<\/span><\/span><\/span><br \/>\nUtilisation : Verser de l'eau bouillante sur un sachet de th\u00e9 et laisser infuser pendant 2 \u00e0 4 minutes.<\/p>\n<p><a href=\"https:\/\/totalblue.ro\/wp-content\/uploads\/2021\/02\/bio02.jpg\"><img loading=\"lazy\" decoding=\"async\" class=\"alignnone size-full wp-image-27483\" src=\"https:\/\/totalblue.ro\/wp-content\/uploads\/2021\/02\/bio02.jpg\" alt=\"\" width=\"80\" height=\"80\" \/><\/a><br \/>\nImportation Pays-Bas : Wessanen Nederland Holding BV, Hoogoorddreef 5, 1101 BA, Amsterdam, Pays-Bas<\/p>","protected":false},"excerpt":{"rendered":"<p>Ingr\u00e9dients : Cannelle* (35%) camomille* (25%) m\u00e9lisse* rooibos* (15%) ar\u00f4me naturel d'orange (5%) Utilisation:Verser de l'eau bouillante sur un sachet de th\u00e9 et laisser infuser pendant 2 \u00e0 4 minutes. Importation Pays-Bas : Wessanen Nederland Holding BV, Hoogoorddreef 5, 1101 BA, Amsterdam, Pays-Bas.<\/p>","protected":false},"featured_media":95828,"comment_status":"open","ping_status":"closed","template":"","meta":{"_acf_changed":false,"_seopress_robots_primary_cat":"none","_seopress_titles_title":"","_seopress_titles_desc":"","_seopress_robots_index":""},"product_brand":[4320],"product_cat":[1555,1506,3320,1767],"giftcard-category":[],"class_list":{"0":"post-95824","1":"product","2":"type-product","3":"status-publish","4":"has-post-thumbnail","6":"product_brand-clipper","7":"product_cat-bacanie","8":"product_cat-cafea-ceai-mic-dejun","9":"product_cat-cafea-ceai-lapte","10":"product_cat-produse-olanda","12":"first","13":"outofstock","14":"taxable","15":"shipping-taxable","16":"purchasable","17":"product-type-simple"},"acf":[],"_links":{"self":[{"href":"https:\/\/totalblue.ro\/fr\/wp-json\/wp\/v2\/product\/95824","targetHints":{"allow":["GET"]}}],"collection":[{"href":"https:\/\/totalblue.ro\/fr\/wp-json\/wp\/v2\/product"}],"about":[{"href":"https:\/\/totalblue.ro\/fr\/wp-json\/wp\/v2\/types\/product"}],"replies":[{"embeddable":true,"href":"https:\/\/totalblue.ro\/fr\/wp-json\/wp\/v2\/comments?post=95824"}],"wp:featuredmedia":[{"embeddable":true,"href":"https:\/\/totalblue.ro\/fr\/wp-json\/wp\/v2\/media\/95828"}],"wp:attachment":[{"href":"https:\/\/totalblue.ro\/fr\/wp-json\/wp\/v2\/media?parent=95824"}],"wp:term":[{"taxonomy":"product_brand","embeddable":true,"href":"https:\/\/totalblue.ro\/fr\/wp-json\/wp\/v2\/product_brand?post=95824"},{"taxonomy":"product_cat","embeddable":true,"href":"https:\/\/totalblue.ro\/fr\/wp-json\/wp\/v2\/product_cat?post=95824"},{"taxonomy":"giftcard-category","embeddable":true,"href":"https:\/\/totalblue.ro\/fr\/wp-json\/wp\/v2\/giftcard-category?post=95824"}],"curies":[{"name":"wp","href":"https:\/\/api.w.org\/{rel}","templated":true}]}}