{"id":95939,"date":"2023-07-12T16:34:43","date_gmt":"2023-07-12T13:34:43","guid":{"rendered":"https:\/\/totalblue.ro\/?post_type=product&#038;p=95939"},"modified":"2025-08-01T15:42:41","modified_gmt":"2025-08-01T12:42:41","slug":"nouilles-au-fromage-et-aux-epinards-saveur-unox-60-g-pret-en-5-minutes","status":"publish","type":"product","link":"https:\/\/totalblue.ro\/fr\/produs\/noodles-cu-gust-de-branza-si-spanac-unox-60-g-gata-in-5-minute\/","title":{"rendered":"Nouilles au fromage et aux \u00e9pinards Unox 60 g - pr\u00eates en 5 minutes !"},"content":{"rendered":"<p>Nouilles au fromage et aux \u00e9pinards Unox 60 g - pr\u00eates en 5 minutes !<\/p>\n<p>Recommand\u00e9 : portion pour 1 personne<br \/>\nPr\u00eat en 5 minutes ! Facile \u00e0 pr\u00e9parer !<br \/>\nNe mettez pas l'emballage au micro-ondes ! Ouvrez le couvercle. Versez de l'eau bouillante directement dans le verre jusqu'\u00e0 la ligne. Fermez le couvercle. Laisser reposer les nouilles pendant 5 minutes. M\u00e9langez bien ! C'est pr\u00eat ! Bon app\u00e9tit ! Note : le verre peut \u00eatre chaud !<br \/>\nIngr\u00e9dients : p\u00e2tes 55% (farine de bl\u00e9 dur, nouilles de bl\u00e9), f\u00e9cule de pomme de terre, fromage 9,2% (fromage, produit de lactos\u00e9rum (contient du lait)), lait \u00e9cr\u00e9m\u00e9 PRB, cr\u00e8me en poudre, huile de tournesol, ar\u00f4mes (contient du lait), \u00e9pinards. Poudre de lactos\u00e9rum (lait), sel min\u00e9ral (potassium), sucre, sel iod\u00e9, graisse de palme, oignon nouveau, poudre d'oignon, \u00e9pices (ail, poivre, muscade, curcuma), sucre de lait, extrait de levure, prot\u00e9ines de lait, sel. Peut contenir d'autres c\u00e9r\u00e9ales contenant du gluten, du c\u00e9leri, des \u0153ufs, de la moutarde, du s\u00e9same, du soja. Cultiv\u00e9 de mani\u00e8re durable.<br \/>\nAllerg\u00e8nes : contient des c\u00e9r\u00e9ales contenant du gluten, du lait, du bl\u00e9, du lactose.<br \/>\nPeut contenir : c\u00e9leri, oeufs, moutarde, soja, graines de s\u00e9same.<br \/>\nValeurs nutritionnelles pour 100g :<br \/>\n\u00c9nergie 425 kJ (97 kcal)<br \/>\nGraisses 2,3 g dont graisses satur\u00e9es 1 g<br \/>\nGlucides 15 g dont sucres 2,6 g<br \/>\nFibres alimentaires 1,3 g<br \/>\nProt\u00e9ines 3,7 g<br \/>\nSel 0,52 g<\/p>\n<p><a href=\"https:\/\/totalblue.ro\/wp-content\/uploads\/2021\/02\/vegetarian.jpeg\"><img loading=\"lazy\" decoding=\"async\" class=\"alignnone wp-image-27413\" src=\"https:\/\/totalblue.ro\/wp-content\/uploads\/2021\/02\/vegetarian.jpeg\" alt=\"\" width=\"84\" height=\"84\" srcset=\"https:\/\/totalblue.ro\/wp-content\/uploads\/2021\/02\/vegetarian.jpeg 225w, https:\/\/totalblue.ro\/wp-content\/uploads\/2021\/02\/vegetarian-100x100.jpeg 100w\" sizes=\"auto, (max-width: 84px) 100vw, 84px\" \/><\/a><\/p>\n<div class=\"wrapper-table-responsive m-t-3\">Stockage : conserver dans un endroit sec \u00e0 temp\u00e9rature ambiante.<br \/>\nFabriqu\u00e9 aux Pays-Bas par Unilever Nederland Unox, Postbus 160 3000 AD AD Rotterdam<br \/>\nImportateur et distributeur Total Blue Impex SRL<\/div>","protected":false},"excerpt":{"rendered":"<p>Noodles cu gust de branza si spanac Unox 60 g \u2013 gata in 5 minute! Recomandat : portie pentru 1 persoana Gata in 5 minute ! Usor de pregatit ! Mod de preparare: Nu introduceti ambalajul in cuptorul cu microunde! Desfaceti capacul. Se toarna apa clocotita direct in pahar pana la linie. Se inchide capacul. [&#8230;]\n","protected":false},"featured_media":95941,"comment_status":"open","ping_status":"closed","template":"","meta":{"_acf_changed":false,"_seopress_robots_primary_cat":"none","_seopress_titles_title":"Noodles cu gust de branza si spanac Unox 60 g \u2013 gata in 5 minute!","_seopress_titles_desc":"Cauti noodles? Cumpara acum Noodles cu gust de branza si spanac Unox, noodles la pahar, noodles cu branza, noodles cu spanac, noodles paste","_seopress_robots_index":""},"product_brand":[1925],"product_cat":[1555,3272,17494,21594,1463,3328,1767],"giftcard-category":[],"class_list":{"0":"post-95939","1":"product","2":"type-product","3":"status-publish","4":"has-post-thumbnail","6":"product_brand-unox","7":"product_cat-bacanie","8":"product_cat-conserve","9":"product_cat-influente-asiatice","10":"product_cat-noodles-supe-instant","11":"product_cat-orez","12":"product_cat-paste-orez-ulei-otet","13":"product_cat-produse-olanda","15":"first","16":"outofstock","17":"taxable","18":"shipping-taxable","19":"purchasable","20":"product-type-simple"},"acf":[],"_links":{"self":[{"href":"https:\/\/totalblue.ro\/fr\/wp-json\/wp\/v2\/product\/95939","targetHints":{"allow":["GET"]}}],"collection":[{"href":"https:\/\/totalblue.ro\/fr\/wp-json\/wp\/v2\/product"}],"about":[{"href":"https:\/\/totalblue.ro\/fr\/wp-json\/wp\/v2\/types\/product"}],"replies":[{"embeddable":true,"href":"https:\/\/totalblue.ro\/fr\/wp-json\/wp\/v2\/comments?post=95939"}],"wp:featuredmedia":[{"embeddable":true,"href":"https:\/\/totalblue.ro\/fr\/wp-json\/wp\/v2\/media\/95941"}],"wp:attachment":[{"href":"https:\/\/totalblue.ro\/fr\/wp-json\/wp\/v2\/media?parent=95939"}],"wp:term":[{"taxonomy":"product_brand","embeddable":true,"href":"https:\/\/totalblue.ro\/fr\/wp-json\/wp\/v2\/product_brand?post=95939"},{"taxonomy":"product_cat","embeddable":true,"href":"https:\/\/totalblue.ro\/fr\/wp-json\/wp\/v2\/product_cat?post=95939"},{"taxonomy":"giftcard-category","embeddable":true,"href":"https:\/\/totalblue.ro\/fr\/wp-json\/wp\/v2\/giftcard-category?post=95939"}],"curies":[{"name":"wp","href":"https:\/\/api.w.org\/{rel}","templated":true}]}}