{"id":96027,"date":"2023-07-13T16:06:40","date_gmt":"2023-07-13T13:06:40","guid":{"rendered":"https:\/\/totalblue.ro\/?post_type=product&#038;p=96027"},"modified":"2024-11-13T13:49:19","modified_gmt":"2024-11-13T11:49:19","slug":"biscuits-croquants-aux-cacahuetes-dutch-traditions-175g-hollandaise","status":"publish","type":"product","link":"https:\/\/totalblue.ro\/fr\/produs\/dutch-traditions-biscuiti-crocanti-cu-arahide-175g-olanda\/","title":{"rendered":"Dutch Traditions biscuits croustillants aux cacahu\u00e8tes 175g, Pays-Bas"},"content":{"rendered":"<p>INGR\u00c9DIENTS : Sucre, arachide 27%, farine de bl\u00e9, eau, huile v\u00e9g\u00e9tale, sirop de glucose, farine de soja, sel, cannelle, \u00e9mulsifiant : l\u00e9cithine de soja, E471, blanc d'\u0153uf, lactos\u00e9rum en poudre, prot\u00e9ines de lait, acide citrique, poudre \u00e0 lever E500, stabilisant : E415, E466. Contient du gluten, du soja, du lait d'\u0153uf, des arachides.<br \/>\nValeurs nutritionnelles \/ 100 g :<br \/>\n\u00c9nergie 125 kcal<br \/>\nGraisses 7 g dont 1,5 g de graisses satur\u00e9es<br \/>\nGlucides 14 g dont sucres 9 g<br \/>\nFibres 1 g<br \/>\nProt\u00e9ines 3 g<\/p>","protected":false},"excerpt":{"rendered":"<p>INGREDIENTE: Zahar, arahide 27%, faina de grau, apa, ulei vegetal, sirop de glucoza, faina de soia, sare, scortisoara, emulgator: lecitina de soia, E471, albus de ou, zer praf, proteine din lapte, acid citric, agent de crestere E500, stabilizator: E415 , E466. Contine gluten, soia, lapte de ou, arahide. Valori nutritionale \/ 100 g: Energie 125 [&#8230;]\n","protected":false},"featured_media":96031,"comment_status":"open","ping_status":"closed","template":"","meta":{"_acf_changed":false,"_seopress_robots_primary_cat":"none","_seopress_titles_title":"","_seopress_titles_desc":"","_seopress_robots_index":""},"product_brand":[2048],"product_cat":[1555,7021,3338,3304,1767],"giftcard-category":[],"class_list":{"0":"post-96027","1":"product","2":"type-product","3":"status-publish","4":"has-post-thumbnail","6":"product_brand-dutch-bakery","7":"product_cat-bacanie","8":"product_cat-dulciuri-snacks","9":"product_cat-dulciuri-snacksuri","10":"product_cat-mic-dejun-produse-olanda","11":"product_cat-produse-olanda","13":"first","14":"outofstock","15":"taxable","16":"shipping-taxable","17":"purchasable","18":"product-type-simple"},"acf":[],"_links":{"self":[{"href":"https:\/\/totalblue.ro\/fr\/wp-json\/wp\/v2\/product\/96027","targetHints":{"allow":["GET"]}}],"collection":[{"href":"https:\/\/totalblue.ro\/fr\/wp-json\/wp\/v2\/product"}],"about":[{"href":"https:\/\/totalblue.ro\/fr\/wp-json\/wp\/v2\/types\/product"}],"replies":[{"embeddable":true,"href":"https:\/\/totalblue.ro\/fr\/wp-json\/wp\/v2\/comments?post=96027"}],"wp:featuredmedia":[{"embeddable":true,"href":"https:\/\/totalblue.ro\/fr\/wp-json\/wp\/v2\/media\/96031"}],"wp:attachment":[{"href":"https:\/\/totalblue.ro\/fr\/wp-json\/wp\/v2\/media?parent=96027"}],"wp:term":[{"taxonomy":"product_brand","embeddable":true,"href":"https:\/\/totalblue.ro\/fr\/wp-json\/wp\/v2\/product_brand?post=96027"},{"taxonomy":"product_cat","embeddable":true,"href":"https:\/\/totalblue.ro\/fr\/wp-json\/wp\/v2\/product_cat?post=96027"},{"taxonomy":"giftcard-category","embeddable":true,"href":"https:\/\/totalblue.ro\/fr\/wp-json\/wp\/v2\/giftcard-category?post=96027"}],"curies":[{"name":"wp","href":"https:\/\/api.w.org\/{rel}","templated":true}]}}