{"id":96121,"date":"2023-07-14T09:44:50","date_gmt":"2023-07-14T06:44:50","guid":{"rendered":"https:\/\/totalblue.ro\/?post_type=product&#038;p=96121"},"modified":"2026-01-24T21:24:14","modified_gmt":"2026-01-24T19:24:14","slug":"maggi-cheese-sauce-mix-37-g-instant-import-des-pays-bas","status":"publish","type":"product","link":"https:\/\/totalblue.ro\/fr\/produs\/maggi-mix-de-sos-branza-37-g-instant-import-olanda\/","title":{"rendered":"M\u00e9lange de sauce au fromage Maggi 37 g, importation instantan\u00e9e de Hollande"},"content":{"rendered":"<p>Ingr\u00e9dients : amidon (pois, ma\u00efs), fromage 23,8%, huiles v\u00e9g\u00e9tales (palme, tournesol, en diff\u00e9rentes proportions), sel iod\u00e9, extrait de levure, lactose, prot\u00e9ines de lait, lactos\u00e9rum en poudre, herbes et \u00e9pices (poivre blanc 0,4%, ciboulette 0,3). %, noix de muscade, ail, curcuma), oignon, ar\u00f4me (contient du lait), tomates. Peut contenir : c\u00e9leri, gluten, oeuf, moutarde, soja.<br \/>\nAllerg\u00e8nes : Contient : lait, lactose.<br \/>\nPeut contenir : c\u00e9leri, c\u00e9r\u00e9ales contenant du gluten, oeufs, moutarde, soja.<br \/>\nValeurs nutritionnelles pour 100 g :<br \/>\n\u00c9nergie 1963 kJ (470 kcal)<br \/>\nMati\u00e8res grasses 26,2 g dont 15 g de graisses satur\u00e9es<br \/>\nGlucides 43,7 g dont sucres 6,3 g<br \/>\nFibres alimentaires 0,4 g<br \/>\nProt\u00e9ines 14,6 g<br \/>\nSel 7,7 g<br \/>\nPr\u00e9paration en 5 minutes :<br \/>\n1) Mettre 250 ml d'eau froide dans une casserole.<br \/>\n2) Ajouter le contenu du sachet. Porter \u00e0 \u00e9bullition en remuant \u00e0 l'aide d'un fouet.<br \/>\nIl n'est pas n\u00e9cessaire d'ajouter du sel.<br \/>\nFabriqu\u00e9 par Nestl\u00e9 Nederland, Postbus 134, 1180 AC Amstelveen, Pays-Bas.<br \/>\nImportateur et distributeur Total Blue Impex SRL<\/p>","protected":false},"excerpt":{"rendered":"<p>Ingrediente: amidon (mazare, porumb), branza 23,8%, uleiuri vegetale (palmier, floarea soarelui, in propor\u021bii variate), sare iodat\u0103, extract de drojdie, lactoza, proteine \u200b\u200bdin lapte, zer praf, ierburi \u0219i condimente (piper alb 0,4%, arpagic 0,3). %, nucsoara, usturoi, turmeric), ceapa, aroma (contine lapte), rosii. Poate con\u021bine: telina, gluten, ou, mustar, soia. Alergeni: Contine: lapte, lactoza. Poate contine: [&#8230;]\n","protected":false},"featured_media":96123,"comment_status":"open","ping_status":"closed","template":"","meta":{"_acf_changed":false,"_seopress_robots_primary_cat":"none","_seopress_titles_title":"","_seopress_titles_desc":"","_seopress_robots_index":""},"product_brand":[1869],"product_cat":[1555,3280,1451,1767],"giftcard-category":[],"class_list":{"0":"post-96121","1":"product","2":"type-product","3":"status-publish","4":"has-post-thumbnail","6":"product_brand-maggi","7":"product_cat-bacanie","8":"product_cat-condimente-sosuri","9":"product_cat-condimente-produse-instant","10":"product_cat-produse-olanda","12":"first","13":"instock","14":"taxable","15":"shipping-taxable","16":"purchasable","17":"product-type-simple"},"acf":[],"_links":{"self":[{"href":"https:\/\/totalblue.ro\/fr\/wp-json\/wp\/v2\/product\/96121","targetHints":{"allow":["GET"]}}],"collection":[{"href":"https:\/\/totalblue.ro\/fr\/wp-json\/wp\/v2\/product"}],"about":[{"href":"https:\/\/totalblue.ro\/fr\/wp-json\/wp\/v2\/types\/product"}],"replies":[{"embeddable":true,"href":"https:\/\/totalblue.ro\/fr\/wp-json\/wp\/v2\/comments?post=96121"}],"wp:featuredmedia":[{"embeddable":true,"href":"https:\/\/totalblue.ro\/fr\/wp-json\/wp\/v2\/media\/96123"}],"wp:attachment":[{"href":"https:\/\/totalblue.ro\/fr\/wp-json\/wp\/v2\/media?parent=96121"}],"wp:term":[{"taxonomy":"product_brand","embeddable":true,"href":"https:\/\/totalblue.ro\/fr\/wp-json\/wp\/v2\/product_brand?post=96121"},{"taxonomy":"product_cat","embeddable":true,"href":"https:\/\/totalblue.ro\/fr\/wp-json\/wp\/v2\/product_cat?post=96121"},{"taxonomy":"giftcard-category","embeddable":true,"href":"https:\/\/totalblue.ro\/fr\/wp-json\/wp\/v2\/giftcard-category?post=96121"}],"curies":[{"name":"wp","href":"https:\/\/api.w.org\/{rel}","templated":true}]}}