{"id":97393,"date":"2023-07-27T15:08:43","date_gmt":"2023-07-27T12:08:43","guid":{"rendered":"https:\/\/totalblue.ro\/?post_type=product&#038;p=97393"},"modified":"2023-09-19T15:50:09","modified_gmt":"2023-09-19T12:50:09","slug":"ghiozdan-scoala-starpak-face-43-cm","status":"publish","type":"product","link":"https:\/\/totalblue.ro\/fr\/produs\/ghiozdan-scoala-starpak-face-43-cm\/","title":{"rendered":"Cartable scolaire Starpak Face 43 cm"},"content":{"rendered":"<p>Ghiozdan colorat, inspirat din arta stradala si graffiti special creat pentru tinerii carora le place sa-si exprime stilul intr-un mod indraznet.<br \/>\nSac \u00e0 dos fabriqu\u00e9 dans un mat\u00e9riau r\u00e9sistant \u00e0 l'eau.<br \/>\nPour maintenir une posture correcte pendant le port, il est dot\u00e9 de bretelles r\u00e9glables \u00e0 bulles.<br \/>\nGhiozdanul are <span class=\"Y2IQFc\" lang=\"ro\">are un compartiment mare cu fermoar, in interiorul caruia se afla un organizator si un buzunar pentru laptop.<br \/>\nGhiozdanul dispune si de 2 buzunare mici laterale.<\/span><br \/>\nDimensiunile produsului sunt 43 x 30 x 15 cm.<\/p>\n<p>&nbsp;<\/p>","protected":false},"excerpt":{"rendered":"<p>Ghiozdan colorat, inspirat din arta stradala si graffiti special creat pentru tinerii carora le place sa-si exprime stilul intr-un mod indraznet.<\/p>","protected":false},"featured_media":97397,"comment_status":"open","ping_status":"closed","template":"","meta":{"_acf_changed":false,"_seopress_robots_primary_cat":"","_seopress_titles_title":"","_seopress_titles_desc":"Ghiozdan colorat, inspirat din arta stradala si graffiti special creat pentru tinerii carora le place sa-si exprime stilul intr-un mod indraznet.","_seopress_robots_index":""},"product_brand":[],"product_cat":[11519],"giftcard-category":[],"class_list":{"0":"post-97393","1":"product","2":"type-product","3":"status-publish","4":"has-post-thumbnail","6":"product_cat-rechizite","8":"first","9":"instock","10":"taxable","11":"shipping-taxable","12":"purchasable","13":"product-type-simple"},"acf":[],"_links":{"self":[{"href":"https:\/\/totalblue.ro\/fr\/wp-json\/wp\/v2\/product\/97393","targetHints":{"allow":["GET"]}}],"collection":[{"href":"https:\/\/totalblue.ro\/fr\/wp-json\/wp\/v2\/product"}],"about":[{"href":"https:\/\/totalblue.ro\/fr\/wp-json\/wp\/v2\/types\/product"}],"replies":[{"embeddable":true,"href":"https:\/\/totalblue.ro\/fr\/wp-json\/wp\/v2\/comments?post=97393"}],"wp:featuredmedia":[{"embeddable":true,"href":"https:\/\/totalblue.ro\/fr\/wp-json\/wp\/v2\/media\/97397"}],"wp:attachment":[{"href":"https:\/\/totalblue.ro\/fr\/wp-json\/wp\/v2\/media?parent=97393"}],"wp:term":[{"taxonomy":"product_brand","embeddable":true,"href":"https:\/\/totalblue.ro\/fr\/wp-json\/wp\/v2\/product_brand?post=97393"},{"taxonomy":"product_cat","embeddable":true,"href":"https:\/\/totalblue.ro\/fr\/wp-json\/wp\/v2\/product_cat?post=97393"},{"taxonomy":"giftcard-category","embeddable":true,"href":"https:\/\/totalblue.ro\/fr\/wp-json\/wp\/v2\/giftcard-category?post=97393"}],"curies":[{"name":"wp","href":"https:\/\/api.w.org\/{rel}","templated":true}]}}