{"id":97483,"date":"2023-07-28T09:39:53","date_gmt":"2023-07-28T06:39:53","guid":{"rendered":"https:\/\/totalblue.ro\/?post_type=product&#038;p=97483"},"modified":"2023-09-19T15:48:58","modified_gmt":"2023-09-19T12:48:58","slug":"housse-de-tablette-mickey-mouse","status":"publish","type":"product","link":"https:\/\/totalblue.ro\/fr\/produs\/husa-pentru-tableta-cu-mickey-mouse\/","title":{"rendered":"Housse de tablette Mickey Mouse"},"content":{"rendered":"<p>La housse de tablette Mickey Mouse est id\u00e9ale pour les enfants.<br \/>\nLa fermeture \u00e0 glissi\u00e8re est pratique pour garder tout le contenu en s\u00e9curit\u00e9 et facile \u00e0 manipuler pour les enfants.<br \/>\nIl pr\u00e9sente un design attrayant et joyeux.<br \/>\nDimensions : 29 x 20 x 1,5 cm<\/p>","protected":false},"excerpt":{"rendered":"<p>La housse de tablette Mickey Mouse est id\u00e9ale pour les enfants.<\/p>","protected":false},"featured_media":97486,"comment_status":"open","ping_status":"closed","template":"","meta":{"_acf_changed":false,"_seopress_robots_primary_cat":"","_seopress_titles_title":"","_seopress_titles_desc":"Husa textila pentru tableta cu Mickey Mouse este ideala pentru copii.","_seopress_robots_index":""},"product_brand":[],"product_cat":[11519],"giftcard-category":[],"class_list":{"0":"post-97483","1":"product","2":"type-product","3":"status-publish","4":"has-post-thumbnail","6":"product_cat-rechizite","8":"first","9":"instock","10":"taxable","11":"shipping-taxable","12":"purchasable","13":"product-type-simple"},"acf":[],"_links":{"self":[{"href":"https:\/\/totalblue.ro\/fr\/wp-json\/wp\/v2\/product\/97483","targetHints":{"allow":["GET"]}}],"collection":[{"href":"https:\/\/totalblue.ro\/fr\/wp-json\/wp\/v2\/product"}],"about":[{"href":"https:\/\/totalblue.ro\/fr\/wp-json\/wp\/v2\/types\/product"}],"replies":[{"embeddable":true,"href":"https:\/\/totalblue.ro\/fr\/wp-json\/wp\/v2\/comments?post=97483"}],"wp:featuredmedia":[{"embeddable":true,"href":"https:\/\/totalblue.ro\/fr\/wp-json\/wp\/v2\/media\/97486"}],"wp:attachment":[{"href":"https:\/\/totalblue.ro\/fr\/wp-json\/wp\/v2\/media?parent=97483"}],"wp:term":[{"taxonomy":"product_brand","embeddable":true,"href":"https:\/\/totalblue.ro\/fr\/wp-json\/wp\/v2\/product_brand?post=97483"},{"taxonomy":"product_cat","embeddable":true,"href":"https:\/\/totalblue.ro\/fr\/wp-json\/wp\/v2\/product_cat?post=97483"},{"taxonomy":"giftcard-category","embeddable":true,"href":"https:\/\/totalblue.ro\/fr\/wp-json\/wp\/v2\/giftcard-category?post=97483"}],"curies":[{"name":"wp","href":"https:\/\/api.w.org\/{rel}","templated":true}]}}