{"id":98375,"date":"2023-08-10T10:09:18","date_gmt":"2023-08-10T07:09:18","guid":{"rendered":"https:\/\/totalblue.ro\/?post_type=product&#038;p=98375"},"modified":"2025-08-04T13:04:43","modified_gmt":"2025-08-04T10:04:43","slug":"gwoon-croissant-au-beurre-4-pieces-180-gr","status":"publish","type":"product","link":"https:\/\/totalblue.ro\/fr\/produs\/gwoon-croissant-cu-unt-4-bucati-180-gr\/","title":{"rendered":"G'woon Croissant au beurre 4 pi\u00e8ces 180 Gr"},"content":{"rendered":"<p>Ingr\u00e9dients : farine de bl\u00e9, beurre 25% (lait), levure, sirop de glucose-fructose, eau, p\u00e2te de bl\u00e9, sucre, sel iod\u00e9, cr\u00e8me aigre (lait), ar\u00f4mes naturels, \u00e9mulsifiant : E471\/E472e, huile de colza, graisse de palme, agent de traitement de la farine : E300, dextrose, enzyme (bl\u00e9GRU).<br \/>\nInformations sur les allergies :<br \/>\nLait et produits \u00e0 base de lait, C\u00e9r\u00e9ales contenant du gluten, Lactose, Bl\u00e9 et produits \u00e0 base de bl\u00e9.<br \/>\nValeurs nutritionnelles pour 100 g :<br \/>\n\u00c9nergie 1781 kJ<br \/>\nMati\u00e8res grasses 24,6 g<br \/>\nAcides gras, satur\u00e9s total 16,1 g<br \/>\nAcides gras, monoinsatur\u00e9s 6,2 g<br \/>\nAcides gras polyinsatur\u00e9s 1,5 g<br \/>\nGlucides 41,4 g<br \/>\nSucres 7,1 g<br \/>\nFibres alimentaires 2,4 g<br \/>\nProt\u00e9ines 8,7 g<br \/>\nSel 0,9 g<br \/>\nPr\u00e9paration : sortir les croissants de leur emballage et les faire cuire pendant 4 \u00e0 6 minutes dans un four pr\u00e9chauff\u00e9 (200\u00b0C).<\/p>","protected":false},"excerpt":{"rendered":"<p>Ingrediente: faina de grau, 25% unt (lapte), drojdie, sirop de glucoza-fructoza, apa, alutat de grau, zahar, sare iodata, smantana (lapte), arome naturale, emulgator: E471\/E472e, ulei de rapita, grasime de palmier, faina agent de tratament: E300, dextroz\u0103, enzim\u0103 (grauGR\u00c2U). Informa\u021bii despre alergii: Lapte \u0219i produse pe baza de lapte, Cereale care con\u021bin gluten, Lactoza, Grau si [&#8230;]\n","protected":false},"featured_media":98379,"comment_status":"open","ping_status":"closed","template":"","meta":{"_acf_changed":false,"_seopress_robots_primary_cat":"none","_seopress_titles_title":"","_seopress_titles_desc":"","_seopress_robots_index":""},"product_brand":[1971],"product_cat":[1555,3296,1506,3304,1767,1954],"giftcard-category":[],"class_list":{"0":"post-98375","1":"product","2":"type-product","3":"status-publish","4":"has-post-thumbnail","6":"product_brand-gwoon","7":"product_cat-bacanie","8":"product_cat-brutarie-patiserie","9":"product_cat-cafea-ceai-mic-dejun","10":"product_cat-mic-dejun-produse-olanda","11":"product_cat-produse-olanda","12":"product_cat-semipreparate","14":"first","15":"outofstock","16":"taxable","17":"shipping-taxable","18":"purchasable","19":"product-type-simple"},"acf":[],"_links":{"self":[{"href":"https:\/\/totalblue.ro\/fr\/wp-json\/wp\/v2\/product\/98375","targetHints":{"allow":["GET"]}}],"collection":[{"href":"https:\/\/totalblue.ro\/fr\/wp-json\/wp\/v2\/product"}],"about":[{"href":"https:\/\/totalblue.ro\/fr\/wp-json\/wp\/v2\/types\/product"}],"replies":[{"embeddable":true,"href":"https:\/\/totalblue.ro\/fr\/wp-json\/wp\/v2\/comments?post=98375"}],"wp:featuredmedia":[{"embeddable":true,"href":"https:\/\/totalblue.ro\/fr\/wp-json\/wp\/v2\/media\/98379"}],"wp:attachment":[{"href":"https:\/\/totalblue.ro\/fr\/wp-json\/wp\/v2\/media?parent=98375"}],"wp:term":[{"taxonomy":"product_brand","embeddable":true,"href":"https:\/\/totalblue.ro\/fr\/wp-json\/wp\/v2\/product_brand?post=98375"},{"taxonomy":"product_cat","embeddable":true,"href":"https:\/\/totalblue.ro\/fr\/wp-json\/wp\/v2\/product_cat?post=98375"},{"taxonomy":"giftcard-category","embeddable":true,"href":"https:\/\/totalblue.ro\/fr\/wp-json\/wp\/v2\/giftcard-category?post=98375"}],"curies":[{"name":"wp","href":"https:\/\/api.w.org\/{rel}","templated":true}]}}