{"id":98874,"date":"2023-08-18T09:57:31","date_gmt":"2023-08-18T06:57:31","guid":{"rendered":"https:\/\/totalblue.ro\/?post_type=product&#038;p=98874"},"modified":"2025-08-01T10:26:56","modified_gmt":"2025-08-01T07:26:56","slug":"olvarit-mancare-pentru-bebelusi-mazare-vita-cartof-12-luni-250g","status":"publish","type":"product","link":"https:\/\/totalblue.ro\/fr\/produs\/olvarit-mancare-pentru-bebelusi-mazare-vita-cartof-12-luni-250g\/","title":{"rendered":"Olvarit mancare pentru bebelusi Mazare, Vita, Cartof 12+ luni, 250g"},"content":{"rendered":"<div id=\"tab-description\" class=\"woocommerce-Tabs-panel woocommerce-Tabs-panel--description panel entry-content active\" role=\"tabpanel\" aria-labelledby=\"tab-title-description\">\n<div id=\"tab-description\" class=\"woocommerce-Tabs-panel woocommerce-Tabs-panel--description panel entry-content active\" role=\"tabpanel\" aria-labelledby=\"tab-title-description\">\n<p>Olvarit cu Mazare, Vita, Cartof pentru bebelusi cu varsta peste 12 luni.<br \/>\nLes aliments pour b\u00e9b\u00e9s ont une saveur et une texture qui contribuent au d\u00e9veloppement du go\u00fbt.<br \/>\nUn d\u00e9licieux go\u00fbter pour b\u00e9b\u00e9 avec des ingr\u00e9dients purs et naturels.<br \/>\nContenu et poids : 250 grammes.<br \/>\n30% mazare, 30% apa (necesara pentru preparare), 18% cartofi, 10% morcov, 8% vita, 2% faina de porumb, ulei de rapita, amidon de porumb.<br \/>\nSans gluten.<br \/>\nFara proteina din lapte de vaca.<br \/>\nEmball\u00e9 dans un bocal en verre avec couvercle \u00e0 cliquer.<br \/>\n<strong>Avant de l'ouvrir, appuyez sur le couvercle. S'il n'y a pas de d\u00e9clic, n'utilisez pas le contenu !<\/strong><br \/>\n<strong>Pr\u00e9paration<\/strong>M\u00e9langer le contenu et d\u00e9poser la quantit\u00e9 souhait\u00e9e sur une assiette. Utilisez une cuill\u00e8re en plastique pour cette op\u00e9ration.<br \/>\nConserver le reste du contenu scell\u00e9 au r\u00e9frig\u00e9rateur et l'utiliser dans les 24 heures.<br \/>\nChauffer au micro-ondes pendant environ 30 secondes \u00e0 600 W.<br \/>\nApr\u00e8s le chauffage, bien remuer \u00e0 nouveau et v\u00e9rifier la temp\u00e9rature.<br \/>\nNe pas r\u00e9utiliser les restes.<br \/>\n<strong>Valeurs nutritionnelles\/100g :<br \/>\n<\/strong>Energie 316 kJ (75 kcal)<br \/>\nGrasimi 1,8 g din care grasimi saturate 0,25 g<br \/>\nGlucide 10,1 g din care zaharuri 1,6 g<br \/>\nFibre alimentare 2,5 g<br \/>\nProteine \u200b\u200b3,4 g<br \/>\nSare 0,035 g<\/p>\n<p>Fabriqu\u00e9 aux Pays-Bas par Nutricia, Antwoordnummer 10061 2700 VB Zoetermeer<br \/>\nImportateur et distributeur Total Blue Impex SRL<\/p>\n<p><a href=\"https:\/\/totalblue.ro\/wp-content\/uploads\/2021\/03\/bcorporation.jpg\"><img loading=\"lazy\" decoding=\"async\" class=\"alignnone wp-image-43908\" src=\"https:\/\/totalblue.ro\/wp-content\/uploads\/2021\/03\/bcorporation-269x400.jpg\" alt=\"\" width=\"59\" height=\"88\" srcset=\"https:\/\/totalblue.ro\/wp-content\/uploads\/2021\/03\/bcorporation-269x400.jpg 269w, https:\/\/totalblue.ro\/wp-content\/uploads\/2021\/03\/bcorporation-100x149.jpg 100w, https:\/\/totalblue.ro\/wp-content\/uploads\/2021\/03\/bcorporation.jpg 320w\" sizes=\"auto, (max-width: 59px) 100vw, 59px\" \/><\/a><\/p>\n<\/div>\n<\/div>","protected":false},"excerpt":{"rendered":"<p>Olvarit cu Mazare, Vita, Cartof pentru bebelusi cu varsta peste 12 luni. Mancarea pentru copii are o savoare si textura ce contribuie la dezvoltarea gustului. O gustare delicioasa pentru bebelusi cu ingrediente pure si naturale. Con\u021binut si greutate: 250 grame. 30% mazare, 30% apa (necesara pentru preparare), 18% cartofi, 10% morcov, 8% vita, 2% faina [&#8230;]\n","protected":false},"featured_media":98877,"comment_status":"open","ping_status":"closed","template":"","meta":{"_acf_changed":false,"_seopress_robots_primary_cat":"1767","_seopress_titles_title":"","_seopress_titles_desc":"","_seopress_robots_index":""},"product_brand":[6175],"product_cat":[1984,1520,5677,1767],"giftcard-category":[],"class_list":{"0":"post-98874","1":"product","2":"type-product","3":"status-publish","4":"has-post-thumbnail","6":"product_brand-olvarit","7":"product_cat-hrana-bebelusi","8":"product_cat-mama-copilul","9":"product_cat-mancare-si-accesorii-bebe","10":"product_cat-produse-olanda","12":"first","13":"outofstock","14":"taxable","15":"shipping-taxable","16":"purchasable","17":"product-type-simple"},"acf":[],"_links":{"self":[{"href":"https:\/\/totalblue.ro\/fr\/wp-json\/wp\/v2\/product\/98874","targetHints":{"allow":["GET"]}}],"collection":[{"href":"https:\/\/totalblue.ro\/fr\/wp-json\/wp\/v2\/product"}],"about":[{"href":"https:\/\/totalblue.ro\/fr\/wp-json\/wp\/v2\/types\/product"}],"replies":[{"embeddable":true,"href":"https:\/\/totalblue.ro\/fr\/wp-json\/wp\/v2\/comments?post=98874"}],"wp:featuredmedia":[{"embeddable":true,"href":"https:\/\/totalblue.ro\/fr\/wp-json\/wp\/v2\/media\/98877"}],"wp:attachment":[{"href":"https:\/\/totalblue.ro\/fr\/wp-json\/wp\/v2\/media?parent=98874"}],"wp:term":[{"taxonomy":"product_brand","embeddable":true,"href":"https:\/\/totalblue.ro\/fr\/wp-json\/wp\/v2\/product_brand?post=98874"},{"taxonomy":"product_cat","embeddable":true,"href":"https:\/\/totalblue.ro\/fr\/wp-json\/wp\/v2\/product_cat?post=98874"},{"taxonomy":"giftcard-category","embeddable":true,"href":"https:\/\/totalblue.ro\/fr\/wp-json\/wp\/v2\/giftcard-category?post=98874"}],"curies":[{"name":"wp","href":"https:\/\/api.w.org\/{rel}","templated":true}]}}