{"id":1554,"date":"2019-01-30T06:46:01","date_gmt":"2019-01-30T06:46:01","guid":{"rendered":"https:\/\/racekids.ro\/?page_id=1554"},"modified":"2025-11-18T09:37:09","modified_gmt":"2025-11-18T07:37:09","slug":"consegna-2","status":"publish","type":"page","link":"https:\/\/totalblue.ro\/it\/livrare\/","title":{"rendered":"Consegna"},"content":{"rendered":"<h4><strong>Come si ordina?<br \/>\n<\/strong><br \/>\nAggiungere i prodotti al carrello.<br \/>\nProseguire con il checkout<br \/>\nCompilare i dati di fatturazione e consegna. ATTENZIONE! Non dimenticate di inserire il codice postale per calcolare correttamente le spese di spedizione.<br \/>\nSelezionare il metodo di pagamento:<br \/>\nPer il pagamento con carta di credito si riceve uno sconto di -5% sul valore del carrello.<br \/>\nPentru plata ramburs se aplica o taxa de procesare plata la livrare de 6,05 lei.<br \/>\nPer il bonifico bancario diretto, utilizzare l'ID dell'ordine come riferimento per il pagamento. L'ordine non sar\u00e0 spedito finch\u00e9 il pagamento non sar\u00e0 stato effettuato sul nostro conto.<br \/>\nAccettare i termini e le condizioni per completare l'ordine.<br \/>\nEffettuare l'ordine.<br \/>\nPer pagare con carta, sarete reindirizzati alla pagina del nostro processore di pagamento: MobilPay.<\/h4>\n<p><strong>Consegna<\/strong><\/p>\n<p>Le spese di consegna saranno visualizzate nel carrello. A seconda del peso del pacco o della zona di consegna, possono essere aggiunti ulteriori costi di consegna, ma il Cliente\/Acquirente sar\u00e0 informato telefonicamente, dopo aver accettato la consegna dell'ordine.<\/p>\n<p>COSTI AGGIUNTIVI. Ricordiamo che per la consegna di ordini il cui volume\/peso richiede la pallettizzazione, verranno addebitati costi di consegna aggiuntivi. Inoltre, per le zone di consegna con chilometri esterni (per i corrieri con cui collaboriamo), verranno applicati costi aggiuntivi. In entrambi i casi, il cliente verr\u00e0 avvisato telefonicamente per concordare il costo aggiuntivo e la consegna dell'ordine.<br \/>\n<strong>ATTENZIONE!<\/strong> Gli ordini superiori a 20 kg saranno consegnati solo dopo la conferma del pagamento!<\/p>\n<p><strong>Come beneficiare della consegna gratuita?<\/strong><\/p>\n<p>\u2192 ORDINE CON PRODOTTI NON SURGELATI - offriamo la consegna gratuita alle seguenti condizioni:<br \/>\n- per ordini di almeno 149 lei Bucarest (tutti i settori) e localit\u00e0 limitrofe: Chiajna, Rosu, Dudu, Bragadiru, Dragomiresti, Ciorogarla e Domnesti.<br \/>\n- nel Paese, per ordini di almeno 299 lei.<\/p>\n<p>\u2192 ORDINAZIONE DI PRODOTTI SURGELATI \/ MISTI - offriamo la consegna gratuita alle seguenti condizioni:<br \/>\n- Consegna gratuita per ordini di almeno 149 lei per le seguenti aree di consegna: Bucarest (tutti i settori) e localit\u00e0 limitrofe: Chiajna, Rosu, Dudu, Bragadiru, Dragomiresti, Ciorogarla e Domnesti.<br \/>\n&#8211; Livrare gratuita pentru comenzi de minim 299 lei in toata tara (cu achizitionarea unei cutii speciale de transport produse congelate in valoare de 48,40 lei)<br \/>\n&#8211; Livrare gratuita pentru comenzi de minim 999 lei in toata tara indiferent de natura produselor (congelate si\/sau necongelate). Taxa speciala de transport de 48,40 lei nu se mai aplica.<\/p>\n<p><strong>Atentie! Pentru comenzile care contin produse congelate se percepe o taxa de ambalare de 15,25 lei, daca nu este selectata cutia speciala.<\/strong><\/p>\n<p><strong>!!! La scatola speciale per i prodotti surgelati contiene ghiaccio secco (-80\u00b0)!!!<\/strong><br \/>\n<strong>Si sconsiglia di toccare i cubetti di ghiaccio!<\/strong><br \/>\n<strong>Non versare acqua sul ghiaccio secco!<\/strong><br \/>\n<strong>Attenzione: L'inalazione dei vapori del ghiaccio secco pu\u00f2 causare mal di testa e altri sintomi spiacevoli!<\/strong><\/p>\n<p><a href=\"https:\/\/totalblue.ro\/wp-content\/uploads\/2025\/11\/Untitled-design1.jpg\"><img loading=\"lazy\" decoding=\"async\" class=\"alignnone size-medium wp-image-254259\" src=\"https:\/\/totalblue.ro\/wp-content\/uploads\/2025\/11\/Untitled-design1-515x400.jpg\" alt=\"\" width=\"515\" height=\"400\" srcset=\"https:\/\/totalblue.ro\/wp-content\/uploads\/2025\/11\/Untitled-design1-515x400.jpg 515w, https:\/\/totalblue.ro\/wp-content\/uploads\/2025\/11\/Untitled-design1-60x47.jpg 60w, https:\/\/totalblue.ro\/wp-content\/uploads\/2025\/11\/Untitled-design1-15x12.jpg 15w, https:\/\/totalblue.ro\/wp-content\/uploads\/2025\/11\/Untitled-design1-510x396.jpg 510w, https:\/\/totalblue.ro\/wp-content\/uploads\/2025\/11\/Untitled-design1-96x75.jpg 96w, https:\/\/totalblue.ro\/wp-content\/uploads\/2025\/11\/Untitled-design1-42x33.jpg 42w, https:\/\/totalblue.ro\/wp-content\/uploads\/2025\/11\/Untitled-design1.jpg 768w\" sizes=\"auto, (max-width: 515px) 100vw, 515px\" \/><\/a><\/p>\n<p><strong>Attenzione! Il buono ricevuto via e-mail \u00e8 valido per 30 giorni!<\/strong><\/p>\n<p>&nbsp;<\/p>\n<p><strong>\u2192 NEGOZIO CON REDEMPTION - Bd. Uverturii 69A Settore 6 Settore 6 Bucuresti<\/strong><br \/>\n<strong>\u2192 Consegniamo i nostri prodotti anche nei seguenti paesi: Bulgaria, Ungheria e Grecia.<br \/>\n<\/strong><\/p>\n<p><strong>Ritiro di persona \/ Consegna tramite corriere<br \/>\n<\/strong><\/p>\n<p>NOTA!!!!! A causa del loro peso e volume, i seguenti prodotti vengono consegnati SOLO a Bucarest e nelle citt\u00e0 limitrofe: Chiajna, Ro\u0219u, Dudu, Bragadiru, Dragomire\u0219ti, Ciorog\u00e2rla e Domne\u0219ti:<br \/>\n- acqua minerale \/ acqua liscia confezionata in pet da 0,75l \/ 1,5l \/ 2l \/ 5l.<br \/>\n- 1,5l \/ 2l \/ 2,5l succhi gassati in pet da 1,5l \/ 2l \/ 2,5l.<br \/>\n- Marche di birra rumene<br \/>\n- olio, sottaceti e altri prodotti superiori a 1 litro.<\/p>\n<div align=\"justify\">\n<p>Con il servizio Click &amp; Collect TotalBlue potete prenotare i vostri prodotti online e ritirarli presso la sede situata a Bucarest, Settore 6, Bulevardul Uverturii 69 A, tra le 08:00-21:00.<br \/>\nDopo aver effettuato e registrato l'ordine, sarete avvisati (per telefono, e-mail o SMS) quando potrete venire a ritirare il vostro ordine.<br \/>\nNessun costo aggiuntivo per Click &amp; Collect TotalBlue<br \/>\nIl pagamento degli articoli acquistati pu\u00f2 essere effettuato online al momento dell'ordine oppure in contanti o con carta direttamente in negozio al momento del ritiro.<\/p>\n<p><strong>Tempi di consegna<\/strong><br \/>\nGli ordini effettuati dal luned\u00ec al venerd\u00ec (esclusi i giorni festivi) prima delle 15:00 saranno spediti il giorno stesso, mentre gli ordini effettuati dopo le 15:00 saranno consegnati al corriere il giorno lavorativo successivo.<br \/>\nNOTA: Gli ordini contenenti prodotti che richiedono il controllo della temperatura (prodotti surgelati, formaggi, latticini, ecc.) effettuati il venerd\u00ec, il sabato e la domenica o nei giorni festivi saranno elaborati e consegnati al corriere il primo giorno lavorativo tra il luned\u00ec e il gioved\u00ec.<br \/>\nA Bucarest e nelle zone limitrofe, la consegna pu\u00f2 avvenire il giorno stesso o il giorno successivo alla conferma telefonica dell'ordine, tranne nei giorni festivi. Per il resto del Paese, i tempi di consegna vanno dai 2 ai 4 giorni lavorativi.<br \/>\n<strong>Attenzione!!!! <\/strong>Totalblue.ro non pu\u00f2 essere ritenuta responsabile per i danni causati da ritardi nella consegna degli ordini dovuti a fattori esterni: condizioni meteorologiche particolari, incidenti stradali, scioperi, calamit\u00e0, manifestazioni di piazza o altre situazioni particolari che possano impedire al corriere di consegnare in tempo, per cui Totalblue.ro non risarcir\u00e0 i danni causati dalla mancata consegna dei prodotti in tempo.<\/p>\n<p>NOTA BENE: Per le consegne in Bulgaria, Ungheria, Grecia: gli ordini di prodotti a temperatura controllata (prodotti surgelati, formaggi, latticini, ecc.) effettuati il gioved\u00ec, venerd\u00ec, sabato, domenica o nei giorni festivi saranno evasi il primo giorno lavorativo tra luned\u00ec e mercoled\u00ec e consegnati al corriere.<\/p>\n<p><strong>Stato dell'ordine<\/strong><\/p>\n<p>Dopo aver registrato un ordine, \u00e8 possibile monitorarne lo stato in tempo reale dal proprio account cliente nella sezione I miei ordini.<\/p>\n<p>Ogni ordine effettuato tramite il sito www.totalblue.ro ha valore contrattuale ed \u00e8 accompagnato da una conferma d'ordine.<\/p>\n<p><strong>INFORMAZIONI SUL PRODOTTO<\/strong><\/p>\n<p>Le immagini pubblicate sul sito www.totalblue.ro sono esemplificative e i prodotti consegnati possono talvolta differire in qualsiasi modo (colore, accessori, aspetto, ecc.) dalle immagini mostrate. TOTAL BLUE IMPEX e i suoi fornitori si riservano il diritto di modificare le specifiche dei prodotti senza preavviso. TOTAL BLUE IMPEX non si assume alcuna responsabilit\u00e0 per il contenuto del sito web (testi, descrizioni dei prodotti, immagini, simboli). TOTAL BLUE IMPEX non si assume alcuna responsabilit\u00e0 per le descrizioni dei prodotti presentate sul sito web, che sono identiche a quelle fornite dai rappresentanti di ciascun marchio.<\/p>\n<p>I prodotti presenti sul sito www.totalblue.ro sono commercializzati nelle confezioni originali del produttore. Le immagini dei prodotti commercializzati da TOTAL BLUE IMPEX sono solo a scopo di presentazione. \u00c8 possibile che nelle descrizioni dei prodotti compaiano degli errori, al di fuori del nostro controllo, ma ci impegniamo a correggere costantemente questi dati. Al di l\u00e0 del nostro controllo, i prodotti consegnati possono presentare piccole differenze rispetto alle immagini e alle descrizioni presentate. I produttori possono apportare modifiche senza preavviso.<\/p>\n<p>Si noti che, a seconda della calibrazione del monitor, i colori visualizzati possono differire da quelli reali.<\/p>\n<\/div>","protected":false},"excerpt":{"rendered":"<p>Cum comand? Adaugati produsele in cos. Continuati cu checkout Completati detaliile de facturare si livrare. ATENTIE! Nu uitati sa completati codul postal pentru calcularea corecta a costului de transport. Selectati metoda de plata: Pentru plata cu cardul primiti o reducere de -5% din valoarea cosului de cumparaturi. Pentru plata ramburs se aplica o taxa de [&#8230;]\n","protected":false},"author":1,"featured_media":0,"parent":0,"menu_order":0,"comment_status":"closed","ping_status":"closed","template":"","meta":{"_acf_changed":false,"_seopress_robots_primary_cat":"","_seopress_titles_title":"","_seopress_titles_desc":"","_seopress_robots_index":"","footnotes":""},"class_list":["post-1554","page","type-page","status-publish"],"acf":[],"_links":{"self":[{"href":"https:\/\/totalblue.ro\/it\/wp-json\/wp\/v2\/pages\/1554","targetHints":{"allow":["GET"]}}],"collection":[{"href":"https:\/\/totalblue.ro\/it\/wp-json\/wp\/v2\/pages"}],"about":[{"href":"https:\/\/totalblue.ro\/it\/wp-json\/wp\/v2\/types\/page"}],"author":[{"embeddable":true,"href":"https:\/\/totalblue.ro\/it\/wp-json\/wp\/v2\/users\/1"}],"replies":[{"embeddable":true,"href":"https:\/\/totalblue.ro\/it\/wp-json\/wp\/v2\/comments?post=1554"}],"version-history":[{"count":47,"href":"https:\/\/totalblue.ro\/it\/wp-json\/wp\/v2\/pages\/1554\/revisions"}],"predecessor-version":[{"id":254261,"href":"https:\/\/totalblue.ro\/it\/wp-json\/wp\/v2\/pages\/1554\/revisions\/254261"}],"wp:attachment":[{"href":"https:\/\/totalblue.ro\/it\/wp-json\/wp\/v2\/media?parent=1554"}],"curies":[{"name":"wp","href":"https:\/\/api.w.org\/{rel}","templated":true}]}}