{"id":1558,"date":"2019-01-30T06:46:18","date_gmt":"2019-01-30T06:46:18","guid":{"rendered":"https:\/\/racekids.ro\/?page_id=1558"},"modified":"2025-11-17T12:43:21","modified_gmt":"2025-11-17T10:43:21","slug":"contatto","status":"publish","type":"page","link":"https:\/\/totalblue.ro\/it\/contact\/","title":{"rendered":"Contatto"},"content":{"rendered":"<section class=\"section\" id=\"section_61851895\">\n\t\t<div class=\"section-bg fill\" >\n\t\t\t\t\t\t\t\t\t<div class=\"section-bg-overlay absolute fill\"><\/div>\n\t\t\t\n\n\t\t<\/div>\n\n\t\t\n\n\t\t<div class=\"section-content relative\">\n\t\t\t\n\t<div id=\"text-391599919\" class=\"text\">\n\t\t\n<h1>Siamo qui per aiutarvi<\/h1>\n<h3>Contattate i nostri consulenti ecommerce via e-mail, chat o telefono<\/h3>\n\t\t\n<style>\n#text-391599919 {\n  text-align: center;\n}\n<\/style>\n\t<\/div>\n\t\n\t<div id=\"text-2352247097\" class=\"text\">\n\t\t\n\t\t\n<style>\n#text-2352247097 {\n  text-align: center;\n}\n<\/style>\n\t<\/div>\n\t\n<div class=\"row\"  id=\"row-996903447\">\n\n\t<div id=\"col-960014529\" class=\"col medium-4 small-12 large-4\"  >\n\t\t\t\t<div class=\"col-inner\"  >\n\t\t\t\n\t\t\t\n<h3>Consulenti Ecommerce<br \/>\nRumeno \/ Inglese<\/h3>\n<p>I nostri consulenti sono disponibili telefonicamente al numero<strong> Da luned\u00ec a venerd\u00ec<\/strong>tra <strong>9:00 e 17:00<\/strong><\/p>\n<p><strong>\ud83d\udcde 0728 305 612<br \/>\n<\/strong><\/p>\n<p style=\"text-align: left;\"><strong>\ud83d\udcde 0728 305 612 ( WhatsApp)<\/strong><\/p>\n<p>&nbsp;<\/p>\n\t<div class=\"img has-hover x md-x lg-x y md-y lg-y\" id=\"image_614335739\">\n\t\t\t\t\t\t\t\t<div class=\"img-inner dark\" >\n\t\t\t<img loading=\"lazy\" decoding=\"async\" width=\"1020\" height=\"335\" src=\"https:\/\/totalblue.ro\/wp-content\/uploads\/2021\/04\/contactblue-1400x460.jpg\" class=\"attachment-large size-large\" alt=\"\" srcset=\"https:\/\/totalblue.ro\/wp-content\/uploads\/2021\/04\/contactblue-1400x460.jpg 1400w, https:\/\/totalblue.ro\/wp-content\/uploads\/2021\/04\/contactblue-scaled-510x168.jpg 510w, https:\/\/totalblue.ro\/wp-content\/uploads\/2021\/04\/contactblue-800x263.jpg 800w, https:\/\/totalblue.ro\/wp-content\/uploads\/2021\/04\/contactblue-768x252.jpg 768w, https:\/\/totalblue.ro\/wp-content\/uploads\/2021\/04\/contactblue-1536x505.jpg 1536w, https:\/\/totalblue.ro\/wp-content\/uploads\/2021\/04\/contactblue-2048x673.jpg 2048w, https:\/\/totalblue.ro\/wp-content\/uploads\/2021\/04\/contactblue-600x197.jpg 600w, https:\/\/totalblue.ro\/wp-content\/uploads\/2021\/04\/contactblue-100x33.jpg 100w\" sizes=\"auto, (max-width: 1020px) 100vw, 1020px\" \/>\t\t\t\t\t\t\n\t\t\t\t\t<\/div>\n\t\t\t\t\t\t\t\t\n<style>\n#image_614335739 {\n  width: 100%;\n}\n<\/style>\n\t<\/div>\n\t\n\t\t<\/div>\n\t\t\t\t\t<\/div>\n\n\t\n\n\t<div id=\"col-1572027537\" class=\"col medium-4 small-12 large-4\"  >\n\t\t\t\t<div class=\"col-inner\"  >\n\t\t\t\n\t\t\t\n\n<div class=\"wpcf7 no-js\" id=\"wpcf7-f22-o1\" lang=\"ro-RO\" dir=\"ltr\" data-wpcf7-id=\"22\">\n<div class=\"screen-reader-response\"><p role=\"status\" aria-live=\"polite\" aria-atomic=\"true\"><\/p> <ul><\/ul><\/div>\n<form action=\"\/it\/wp-json\/wp\/v2\/pages\/1558#wpcf7-f22-o1\" method=\"post\" class=\"wpcf7-form init\" aria-label=\"Formular de contact\" novalidate=\"novalidate\" data-status=\"init\" data-trp-original-action=\"\/it\/wp-json\/wp\/v2\/pages\/1558#wpcf7-f22-o1\">\n<fieldset class=\"hidden-fields-container\"><input type=\"hidden\" name=\"_wpcf7\" value=\"22\" \/><input type=\"hidden\" name=\"_wpcf7_version\" value=\"6.1.5\" \/><input type=\"hidden\" name=\"_wpcf7_locale\" value=\"ro_RO\" \/><input type=\"hidden\" name=\"_wpcf7_unit_tag\" value=\"wpcf7-f22-o1\" \/><input type=\"hidden\" name=\"_wpcf7_container_post\" value=\"0\" \/><input type=\"hidden\" name=\"_wpcf7_posted_data_hash\" value=\"\" \/>\n<\/fieldset>\n<p><label> Cognome Nome (*)<br \/>\n<span class=\"wpcf7-form-control-wrap\" data-name=\"your-name\"><input size=\"40\" maxlength=\"400\" class=\"wpcf7-form-control wpcf7-text wpcf7-validates-as-required\" aria-required=\"true\" aria-invalid=\"false\" value=\"\" type=\"text\" name=\"your-name\" \/><\/span> <\/label>\n<\/p>\n<p><label> Indirizzo e-mail (*)<br \/>\n<span class=\"wpcf7-form-control-wrap\" data-name=\"your-email\"><input size=\"40\" maxlength=\"400\" class=\"wpcf7-form-control wpcf7-email wpcf7-validates-as-required wpcf7-text wpcf7-validates-as-email\" aria-required=\"true\" aria-invalid=\"false\" value=\"\" type=\"email\" name=\"your-email\" \/><\/span> <\/label>\n<\/p>\n<p><label> Oggetto<br \/>\n<span class=\"wpcf7-form-control-wrap\" data-name=\"your-subject\"><input size=\"40\" maxlength=\"400\" class=\"wpcf7-form-control wpcf7-text\" aria-invalid=\"false\" value=\"\" type=\"text\" name=\"your-subject\" \/><\/span> <\/label>\n<\/p>\n<p><label> Messaggio<br \/>\n<span class=\"wpcf7-form-control-wrap\" data-name=\"your-message\"><textarea cols=\"40\" rows=\"10\" maxlength=\"2000\" class=\"wpcf7-form-control wpcf7-textarea\" aria-invalid=\"false\" name=\"your-message\"><\/textarea><\/span> <\/label>\n<\/p>\n<p><input class=\"wpcf7-form-control wpcf7-submit has-spinner\" type=\"submit\" value=\"Inviare\" \/>\n<\/p><input type='hidden' class='wpcf7-pum' value='{\"closepopup\":false,\"closedelay\":0,\"openpopup\":false,\"openpopup_id\":0}' \/><div class=\"wpcf7-response-output\" aria-hidden=\"true\"><\/div>\n<input type=\"hidden\" name=\"trp-form-language\" value=\"it\"\/><\/form>\n<\/div>\n\n\t\t<\/div>\n\t\t\t\t\t<\/div>\n\n\t\n\n\t<div id=\"col-683547363\" class=\"col medium-4 small-12 large-4\"  >\n\t\t\t\t<div class=\"col-inner\"  >\n\t\t\t\n\t\t\t\n<p><strong>PROGRAMMA DEL NEGOZIO:<\/strong><\/p>\n<p>Luned\u00ec-Venerd\u00ec: 8:00 - 22:00<br \/>\nSambata: 08:30 &#8211; 19:00<br \/>\nDuminica: Inchis<br \/>\nBd. Uverturii Nr.69A<br \/>\nSettore 6 Bucuresti ( Blue69Cafe)<\/p>\n<p><strong>EMAIL:<br \/>\n<\/strong>comenzi@totalblue.ro<\/p>\n<p><strong>SC TOTAL BLUE IMPEX SRL<\/strong><br \/>\nCUI: RO1806565665 , J200501777776403<br \/>\nCapitale sociale 75.000 lei<br \/>\nBd. Uverturii Nr.69A Settore 6 Settore 6 Bucuresti Bucuresti<br \/>\nBanca Transilvania<br \/>\nRO45 BTRL RONC RT06 6827 8601<\/p>\n\t\t<\/div>\n\t\t\t\t\t<\/div>\n\n\t\n<\/div>\n\t<div id=\"text-870654801\" class=\"text\">\n\t\t\n\t\t\n<style>\n#text-870654801 {\n  text-align: center;\n}\n<\/style>\n\t<\/div>\n\t\n\t\t<\/div>\n\n\t\t\n<style>\n#section_61851895 {\n  padding-top: 0px;\n  padding-bottom: 0px;\n  background-color: rgb(247, 247, 247);\n}\n#section_61851895 .section-bg-overlay {\n  background-color: rgba(255, 255, 255, 0.85);\n}\n<\/style>\n\t<\/section>\n\t\n<p>&nbsp;<\/p>\n<p style=\"text-align: left;\">Ai sensi dell'ordinanza dell'ANPC sull'informazione dei consumatori da parte degli operatori economici che operano online, aggiungiamo le seguenti informazioni sulla nostra azienda:<\/p>\n<p style=\"text-align: left;\">Nome della societ\u00e0 : Total Blue Impex SRL<\/p>\n<p style=\"text-align: left;\">Codice IVA: IT 18065665<\/p>\n<p style=\"text-align: left;\">J2005017776403<\/p>\n<p style=\"text-align: left;\">Bucarest, Settore 6, Via Uverturii 69A<\/p>\n<p style=\"text-align: left;\">Indirizzo del punto di lavoro: Bucarest, Settore 6, Via Uverturii 69A<\/p>\n<p style=\"text-align: left;\">Indirizzo del magazzino: Bucarest, Settore 6, Via Uverturii 69A<\/p>\n<p style=\"text-align: left;\">Licenza di esercizio n. 6764 del 14.09.2023 rilasciata dall'Ufficio del Sindaco del Settore 6.<\/p>\n<p style=\"text-align: left;\">2012\/20974 del 24.10.2023 Certificazione di conformit\u00e0 alle norme di igiene e sanit\u00e0 pubblica rilasciata dal Ministero della Salute, Dipartimento di Sanit\u00e0 Pubblica di Bucarest.<\/p>\n<p style=\"text-align: left;\">VA 2245 del 05.10.2016 Documento di registrazione sanitaria veterinaria e di sicurezza alimentare per le attivit\u00e0 di vendita al dettaglio, rilasciato dall'Autorit\u00e0 nazionale veterinaria e di sicurezza alimentare, Direzione veterinaria e di sicurezza alimentare di Bucarest, Bucarest.<\/p>\n<p style=\"text-align: left;\">7HRXXFB45BK dal 20.03.2024 Certificato di accertamento per i codici CAEN, compreso il codice CAEN 4791 Commercio al dettaglio tramite internet o via internet rilasciato dall'Ufficio nazionale del registro delle imprese del Tribunale di Bucarest<\/p>\n<p style=\"text-align: left;\">Codici NACE:<\/p>\n<p style=\"text-align: left;\">4711- Commercio al dettaglio in esercizi non specializzati con prevalenza di prodotti alimentari, bevande e tabacco<\/p>\n<p style=\"text-align: left;\">4719 - Commercio al dettaglio in esercizi non specializzati con prevalenza di prodotti non alimentari<\/p>\n<p style=\"text-align: left;\">4729 - Commercio al dettaglio di altri prodotti alimentari in esercizi specializzati<\/p>\n<p style=\"text-align: left;\">4791 - Vendita al dettaglio per corrispondenza o via Internet<\/p>\n<p style=\"text-align: left;\">5210 - Magazzini<\/p>\n<p style=\"text-align: left;\">5224 - Manipolatori<\/p>\n<p style=\"text-align: left;\">5629 - Altri servizi di ristorazione n.c.a.<\/p>\n<p style=\"text-align: left;\">5630 - Bar e altri luoghi di consumo di alcolici e bevande<\/p>\n<p style=\"text-align: left;\">6311 - Elaborazione dati, gestione pagine web e attivit\u00e0 connesse<\/p>\n<p style=\"text-align: left;\">6312 - Attivit\u00e0 del portale web<\/p>\n<p style=\"text-align: left;\">8292 - Attivit\u00e0 di imballaggio<\/p>\n<h3 style=\"text-align: center;\"><strong><span data-text-color=\"alert\">Nuovo! Clicca e ritira TotalBlue!<\/span><\/strong><\/h3>\n<div dir=\"auto\" style=\"text-align: center;\">Ordinate i vostri prodotti preferiti e ritirate l'ordine quando avete tempo!<\/div>\n<div dir=\"auto\" style=\"text-align: center;\">Con il servizio TotalBlue Click &amp; Collect \u00e8 possibile prenotare i prodotti online e durante gli orari di apertura dei negozi.<br \/>\n( Bd. Uverturii 69A, Settore 6, Bucuresti ) \u00e8 possibile ritirarli.<\/div>\n<div dir=\"auto\" style=\"text-align: center;\">Dopo aver effettuato e registrato l'ordine, sarete avvisati (per telefono, e-mail o SMS) quando potrete venire a ritirare il vostro ordine.<\/div>\n<div dir=\"auto\" style=\"text-align: center;\">Non ci sono costi aggiuntivi per Click &amp; Collect TotalBlue<\/div>\n<div dir=\"auto\" style=\"text-align: center;\"><strong>Il pagamento degli articoli acquistati pu\u00f2 essere effettuato online al momento dell'ordine oppure in contanti o con carta direttamente in negozio al momento del ritiro.<\/strong><\/div>\n<div dir=\"auto\" style=\"text-align: center;\"><\/div>","protected":false},"excerpt":{"rendered":"<p>&nbsp; Conform Ordinulului ANPC privind informarea consumatorilor de catre operatorii economici care desfasoara activitate in mediul online, adaugam urmatoarele informatii referitoare la societatea noastra: Denumire societate : Total Blue Impex SRL Cod TVA : RO 18065665 J2005017776403 Adresa sediu social: Bucuresti, Sector 6, Strada Uverturii 69A Adresa punct de lucru: Bucuresti, Sector 6, Strada Uverturii [&#8230;]\n","protected":false},"author":1,"featured_media":0,"parent":0,"menu_order":0,"comment_status":"closed","ping_status":"closed","template":"","meta":{"_acf_changed":false,"_seopress_robots_primary_cat":"","_seopress_titles_title":"","_seopress_titles_desc":"","_seopress_robots_index":"","footnotes":""},"class_list":["post-1558","page","type-page","status-publish"],"acf":[],"_links":{"self":[{"href":"https:\/\/totalblue.ro\/it\/wp-json\/wp\/v2\/pages\/1558","targetHints":{"allow":["GET"]}}],"collection":[{"href":"https:\/\/totalblue.ro\/it\/wp-json\/wp\/v2\/pages"}],"about":[{"href":"https:\/\/totalblue.ro\/it\/wp-json\/wp\/v2\/types\/page"}],"author":[{"embeddable":true,"href":"https:\/\/totalblue.ro\/it\/wp-json\/wp\/v2\/users\/1"}],"replies":[{"embeddable":true,"href":"https:\/\/totalblue.ro\/it\/wp-json\/wp\/v2\/comments?post=1558"}],"version-history":[{"count":48,"href":"https:\/\/totalblue.ro\/it\/wp-json\/wp\/v2\/pages\/1558\/revisions"}],"predecessor-version":[{"id":254224,"href":"https:\/\/totalblue.ro\/it\/wp-json\/wp\/v2\/pages\/1558\/revisions\/254224"}],"wp:attachment":[{"href":"https:\/\/totalblue.ro\/it\/wp-json\/wp\/v2\/media?parent=1558"}],"curies":[{"name":"wp","href":"https:\/\/api.w.org\/{rel}","templated":true}]}}