{"id":2993,"date":"2019-03-06T12:56:10","date_gmt":"2019-03-06T12:56:10","guid":{"rendered":"https:\/\/racekids.ro\/?page_id=2993"},"modified":"2022-10-14T13:47:51","modified_gmt":"2022-10-14T10:47:51","slug":"programma-fedelta-e-punti-bonus","status":"publish","type":"page","link":"https:\/\/totalblue.ro\/it\/program-fidelizare-si-puncte-bonus\/","title":{"rendered":"Programma fedelt\u00e0 e punti bonus"},"content":{"rendered":"<p>Siamo lieti che siate con noi e abbiamo preparato 2 modi per farvi diventare clienti fedeli:<\/p>\n<p><strong>1.PUNTI BONUS<\/strong><\/p>\n<p><a href=\"https:\/\/totalblue.ro\/wp-content\/uploads\/2020\/08\/bonusshoptrg.jpg\"><img loading=\"lazy\" decoding=\"async\" class=\"size-full wp-image-23947 aligncenter\" src=\"https:\/\/totalblue.ro\/wp-content\/uploads\/2020\/08\/bonusshoptrg.jpg\" alt=\"\" width=\"839\" height=\"193\" srcset=\"https:\/\/totalblue.ro\/wp-content\/uploads\/2020\/08\/bonusshoptrg.jpg 839w, https:\/\/totalblue.ro\/wp-content\/uploads\/2020\/08\/bonusshoptrg-510x117.jpg 510w\" sizes=\"auto, (max-width: 839px) 100vw, 839px\" \/><\/a><\/p>\n\n\t<section class=\"section\" id=\"section_1500308278\">\n\t\t<div class=\"section-bg fill\" >\n\t\t\t\t\t\t\t\t\t\n\t\t\t\n\n\t\t<\/div>\n\n\t\t\n\n\t\t<div class=\"section-content relative\">\n\t\t\t\n<div class=\"row\"  id=\"row-875444633\">\n\n\t<div id=\"col-914030877\" class=\"col medium-4 small-12 large-4\"  >\n\t\t\t\t<div class=\"col-inner\"  >\n\t\t\t\n\t\t\t\n<p style=\"color: #07b7cf\" align=\"center\">Raccogliete punti con ogni ordine<\/p>\n<p align=\"center\">Create un account e godetevi i vantaggi preparati appositamente per voi!<\/p>\n\t\t<\/div>\n\t\t\t\t\t<\/div>\n\n\t\n\n\t<div id=\"col-45259348\" class=\"col medium-4 small-12 large-4\"  >\n\t\t\t\t<div class=\"col-inner\"  >\n\t\t\t\n\t\t\t\n<p style=\"color: #78c68c\" align=\"center\">Guadagnare punti bonus<\/p>\n<p align=\"center\">Calcolo semplice 2,00 LEI = 1 punto bonus.<br \/>\nI punti vengono accreditati dopo il pagamento dell'ordine.<\/p>\n\t\t<\/div>\n\t\t\t\t\t<\/div>\n\n\t\n\n\t<div id=\"col-1214342130\" class=\"col medium-4 small-12 large-4\"  >\n\t\t\t\t<div class=\"col-inner\"  >\n\t\t\t\n\t\t\t\n<p style=\"color: #ff9999\" align=\"center\">Utilizzare i punti<\/p>\n<p align=\"center\">Scegliete il regalo che desiderate e aggiungetelo al carrello.<\/p>\n\t\t<\/div>\n\t\t\t\t\t<\/div>\n\n\t\n<\/div>\n\t\t<\/div>\n\n\t\t\n<style>\n#section_1500308278 {\n  padding-top: 30px;\n  padding-bottom: 30px;\n}\n<\/style>\n\t<\/section>\n\t\n<div align=\"justify\">\n<p>Riassunto delle regole per l'accumulo dei punti:<\/p>\n<p>Per ogni 2,00 LEI del vostro ordine totale, riceverete un punto.<\/p>\n<p>Se il totale dei punti non \u00e8 un numero tondo, verr\u00e0 arrotondato per eccesso a partire da 0,50 LEI. Ad esempio, per un ordine di 46,50 LEI riceverete 23 punti; per un ordine di 49,00 LEI, riceverete 25 punti.<\/p>\n<p>I punti vi saranno accreditati una volta che l'ordine sar\u00e0 stato pagato interamente e il pagamento sar\u00e0 stato registrato nel nostro sistema. Per motivi tecnici, i pagamenti appaiono come registrati nel nostro sistema circa un giorno dopo essere stati inviati al vostro conto.<br \/>Se il valore dell'ordine e del pagamento diminuisce (ad esempio a causa di un reso), riceverete punti solo per l'importo effettivamente pagato.<\/p>\n<p>Per alcune offerte speciali, Total Blue pu\u00f2 regalarvi punti extra. Queste offerte speciali sono pubblicate sul nostro sito web e vi aiutano a guadagnare premi pi\u00f9 velocemente!<\/p>\n<p><strong>2. LOIALIZZAZIONE<\/p>\n<p><a href=\"https:\/\/totalblue.ro\/wp-content\/uploads\/2022\/10\/cooltext421395266547951.png\"><img loading=\"lazy\" decoding=\"async\" class=\"alignnone  wp-image-67107\" src=\"https:\/\/totalblue.ro\/wp-content\/uploads\/2022\/10\/cooltext421395266547951.png\" alt=\"\" width=\"350\" height=\"64\" srcset=\"https:\/\/totalblue.ro\/wp-content\/uploads\/2022\/10\/cooltext421395266547951.png 623w, https:\/\/totalblue.ro\/wp-content\/uploads\/2022\/10\/cooltext421395266547951-510x93.png 510w, https:\/\/totalblue.ro\/wp-content\/uploads\/2022\/10\/cooltext421395266547951-96x18.png 96w, https:\/\/totalblue.ro\/wp-content\/uploads\/2022\/10\/cooltext421395266547951-42x8.png 42w, https:\/\/totalblue.ro\/wp-content\/uploads\/2022\/10\/cooltext421395266547951-60x11.png 60w\" sizes=\"auto, (max-width: 350px) 100vw, 350px\" \/><\/a><br \/><\/strong><\/p>\n<p><strong>Accumulando ordini superiori a 2000 lei, riceverete uno sconto permanente di 2% su tutti gli ordini futuri.<\/strong><\/p>\n<\/div>","protected":false},"excerpt":{"rendered":"<p>Ne bucuram ca sunteti alaturi de noi si v-am pregatit 2 modalitati de fidelizare : 1.PUNCTE BONUS Sumar al regulilor pentru acumularea punctelor: Pentru fiecare 2,00 LEI din totalul comenzii, ve\u0163i primi un punct. Dac\u0103 totalul punctelor nu este un num\u0103r rotund, acesta va fi rotunjit \u00een sus \u00eencep\u00e2nd de la 0,50 LEI. De exemplu [&#8230;]\n","protected":false},"author":2,"featured_media":0,"parent":0,"menu_order":0,"comment_status":"closed","ping_status":"closed","template":"","meta":{"_acf_changed":false,"_seopress_robots_primary_cat":"","_seopress_titles_title":"","_seopress_titles_desc":"","_seopress_robots_index":"","footnotes":""},"class_list":["post-2993","page","type-page","status-publish"],"acf":[],"_links":{"self":[{"href":"https:\/\/totalblue.ro\/it\/wp-json\/wp\/v2\/pages\/2993","targetHints":{"allow":["GET"]}}],"collection":[{"href":"https:\/\/totalblue.ro\/it\/wp-json\/wp\/v2\/pages"}],"about":[{"href":"https:\/\/totalblue.ro\/it\/wp-json\/wp\/v2\/types\/page"}],"author":[{"embeddable":true,"href":"https:\/\/totalblue.ro\/it\/wp-json\/wp\/v2\/users\/2"}],"replies":[{"embeddable":true,"href":"https:\/\/totalblue.ro\/it\/wp-json\/wp\/v2\/comments?post=2993"}],"version-history":[{"count":10,"href":"https:\/\/totalblue.ro\/it\/wp-json\/wp\/v2\/pages\/2993\/revisions"}],"predecessor-version":[{"id":67108,"href":"https:\/\/totalblue.ro\/it\/wp-json\/wp\/v2\/pages\/2993\/revisions\/67108"}],"wp:attachment":[{"href":"https:\/\/totalblue.ro\/it\/wp-json\/wp\/v2\/media?parent=2993"}],"curies":[{"name":"wp","href":"https:\/\/api.w.org\/{rel}","templated":true}]}}