{"id":100959,"date":"2023-09-25T11:18:47","date_gmt":"2023-09-25T08:18:47","guid":{"rendered":"https:\/\/totalblue.ro\/?post_type=product&#038;p=100959"},"modified":"2026-04-18T22:17:39","modified_gmt":"2026-04-18T19:17:39","slug":"heinz-tomato-frito-creations-sos-de-rosii-cu-ceapa-caramelizata-si-salote-465-g-olanda","status":"publish","type":"product","link":"https:\/\/totalblue.ro\/it\/produs\/heinz-tomato-frito-creations-sos-de-rosii-cu-ceapa-caramelizata-si-salote-465-g-olanda\/","title":{"rendered":"Heinz Tomato Frito Creations sos de rosii cu ceapa caramelizata si salote 340 g, Olanda"},"content":{"rendered":"<p>Heinz Tomato Frito Creations \u00e8 composto da tre varianti con ingredienti deliziosi come peperoni arrostiti, cipolle caramellate o erbe mediterranee per aggiungere sapore ai vostri piatti. I nostri ingredienti vengono saltati in olio d'oliva per oltre due ore prima di aggiungere i pomodori 100% maturati al sole. Tomato Frito Creations aggiunge un sapore pi\u00f9 ricco a tutti i vostri piatti come pasta, pizza, verdure e altro ancora. Il vostro piatto sar\u00e0 pronto in 20 minuti e avr\u00e0 il sapore di ore di lavoro in cucina. Tomato Frito Creations render\u00e0 i vostri pasti ancora pi\u00f9 gustosi e semplici!<br \/>\nIngrediente: ro\u0219ie (ro\u0219ii 193 g la 100 g ro\u0219ii frite), agent de fermitate: clorur\u0103 de calciu), ardei pr\u0103jit 8%, ulei de m\u0103sline extravirgin 4,5% (cu extracte de ceap\u0103 pr\u0103jit\u0103 \u0219i usturoi), ceap\u0103 2,4%, zah\u0103r, sare, concentrat de suc de lamaie.<br \/>\nValori nutrizionali per 100 g:<br \/>\nEnergie 410 kJ (99 kcal)<br \/>\nGrasimi 5 g din care grasimi saturate 0,6 g<br \/>\nGlucide 11,5 g din care zaharuri 8,1 g<br \/>\nFibre alimentare 1.7 g<br \/>\nProteine \u200b\u200b1,7 g<br \/>\nSare 0,76 g<\/p>\n<p>Produttore: Heinz Consumentenservice, Gustav Mahlerlaan 1228, 1081 LA Amsterdam<br \/>\nImportatore: Total Blue Impex SRL, Romania, Bucarest.<\/p>","protected":false},"excerpt":{"rendered":"<p>Heinz Tomato Frito Creations consta din trei variante cu ingrediente delicioase, precum ardei prajiti, ceapa caramelizata sau ierburi mediteraneene care ofera un plus de savoare preparatelor tale. Ingredientele noastre sunt fierte in ulei de masline mai mult de doua ore inainte de a adauga rosii 100% coapte la soare. Tomato Frito Creations adauga o aroma [&#8230;]\n","protected":false},"featured_media":186535,"comment_status":"open","ping_status":"closed","template":"","meta":{"_acf_changed":false,"_seopress_robots_primary_cat":"none","_seopress_titles_title":"","_seopress_titles_desc":"","_seopress_robots_index":""},"product_brand":[1851],"product_cat":[1555,1451,3280,1767],"giftcard-category":[],"class_list":{"0":"post-100959","1":"product","2":"type-product","3":"status-publish","4":"has-post-thumbnail","6":"product_brand-heinz","7":"product_cat-bacanie","8":"product_cat-condimente-produse-instant","9":"product_cat-condimente-sosuri","10":"product_cat-produse-olanda","12":"first","13":"instock","14":"taxable","15":"shipping-taxable","16":"purchasable","17":"product-type-simple"},"acf":[],"_links":{"self":[{"href":"https:\/\/totalblue.ro\/it\/wp-json\/wp\/v2\/product\/100959","targetHints":{"allow":["GET"]}}],"collection":[{"href":"https:\/\/totalblue.ro\/it\/wp-json\/wp\/v2\/product"}],"about":[{"href":"https:\/\/totalblue.ro\/it\/wp-json\/wp\/v2\/types\/product"}],"replies":[{"embeddable":true,"href":"https:\/\/totalblue.ro\/it\/wp-json\/wp\/v2\/comments?post=100959"}],"wp:featuredmedia":[{"embeddable":true,"href":"https:\/\/totalblue.ro\/it\/wp-json\/wp\/v2\/media\/186535"}],"wp:attachment":[{"href":"https:\/\/totalblue.ro\/it\/wp-json\/wp\/v2\/media?parent=100959"}],"wp:term":[{"taxonomy":"product_brand","embeddable":true,"href":"https:\/\/totalblue.ro\/it\/wp-json\/wp\/v2\/product_brand?post=100959"},{"taxonomy":"product_cat","embeddable":true,"href":"https:\/\/totalblue.ro\/it\/wp-json\/wp\/v2\/product_cat?post=100959"},{"taxonomy":"giftcard-category","embeddable":true,"href":"https:\/\/totalblue.ro\/it\/wp-json\/wp\/v2\/giftcard-category?post=100959"}],"curies":[{"name":"wp","href":"https:\/\/api.w.org\/{rel}","templated":true}]}}