{"id":106735,"date":"2023-11-20T10:48:21","date_gmt":"2023-11-20T08:48:21","guid":{"rendered":"https:\/\/totalblue.ro\/?post_type=product&#038;p=106735"},"modified":"2026-03-02T13:53:02","modified_gmt":"2026-03-02T11:53:02","slug":"remia-sos-cremos-de-usturoi-500-ml-import-olanda","status":"publish","type":"product","link":"https:\/\/totalblue.ro\/it\/produs\/remia-sos-cremos-de-usturoi-500-ml-import-olanda\/","title":{"rendered":"Remia sos cremos de usturoi 500 ml, Import Olanda"},"content":{"rendered":"<p>Ingrediente : <span class=\"HwtZe\" lang=\"ro\"><span class=\"jCAhz ChMk0b\"><span class=\"ryNqvb\">Apa, ulei de rapita, otet, sirop de glucoza-fructoza, amidon de porumb, zahar, ou de crescatorie si galbenus de ou, amidon de porumb modificat, mustar (apa, seminte de mustar, o\u021bet, condimente), sare si sare de mare, usturoi proaspat tocat 1,3%, ierburi aromatice, acizi alimentari: acid lactic si acid citric, extract de ceapa, agent de ingrosare: guma guar, aroma naturala, conservant: sorbat de potasiu, condimente, indulcitori: acesulfam-K si aspartam, antioxidant: E385.<br \/>\nValori nutritionale la 100 ml :<br \/>\nEnergie 1003 kJ (242 kcal)<br \/>\nGrasimi 20 g din care grasimi saturate 1.6 g<br \/>\nGlucide 13 g din care zaharuri 8.4 g<br \/>\nProteine 0,9 g<br \/>\nSare 1.2 g<br \/>\n<\/span><\/span><\/span>La salsa all'aglio di Remia \u00e8 una salsa cremosa con aglio fresco tritato.<br \/>\nDelizioso con pollo, carne alla griglia o su un panino shoarma<br \/>\nConfezionato in un pratico tubo con tappo dosatore.<br \/>\nSenza glutine.<br \/>\nSalse da tavola Remia: pi\u00f9 buone, pi\u00f9 gustose, pi\u00f9 convenienti.<br \/>\nConservazione: conservare al fresco dopo l'apertura.<\/p>\n<div id=\"tab-description\" class=\"woocommerce-Tabs-panel woocommerce-Tabs-panel--description panel entry-content active\" role=\"tabpanel\" aria-labelledby=\"tab-title-description\">\n<p>Remia Consumenten Service, Antwoordnummer 32, 3720 ZC Den Dolder, Paesi Bassi<br \/>\nImportatore e distributore Total Blue Impex SRL<\/p>\n<\/div>","protected":false},"excerpt":{"rendered":"<p>Ingrediente : Apa, ulei de rapita, otet, sirop de glucoza-fructoza, amidon de porumb, zahar, ou de crescatorie si galbenus de ou, amidon de porumb modificat, mustar (apa, seminte de mustar, o\u021bet, condimente), sare si sare de mare, usturoi proaspat tocat 1,3%, ierburi aromatice, acizi alimentari: acid lactic si acid citric, extract de ceapa, agent de [&#8230;]\n","protected":false},"featured_media":106739,"comment_status":"open","ping_status":"closed","template":"","meta":{"_acf_changed":false,"_seopress_robots_primary_cat":"none","_seopress_titles_title":"","_seopress_titles_desc":"","_seopress_robots_index":""},"product_brand":[2045],"product_cat":[1555,3280,1767],"giftcard-category":[],"class_list":{"0":"post-106735","1":"product","2":"type-product","3":"status-publish","4":"has-post-thumbnail","6":"product_brand-remia","7":"product_cat-bacanie","8":"product_cat-condimente-sosuri","9":"product_cat-produse-olanda","11":"first","12":"instock","13":"taxable","14":"shipping-taxable","15":"purchasable","16":"product-type-simple"},"acf":[],"_links":{"self":[{"href":"https:\/\/totalblue.ro\/it\/wp-json\/wp\/v2\/product\/106735","targetHints":{"allow":["GET"]}}],"collection":[{"href":"https:\/\/totalblue.ro\/it\/wp-json\/wp\/v2\/product"}],"about":[{"href":"https:\/\/totalblue.ro\/it\/wp-json\/wp\/v2\/types\/product"}],"replies":[{"embeddable":true,"href":"https:\/\/totalblue.ro\/it\/wp-json\/wp\/v2\/comments?post=106735"}],"wp:featuredmedia":[{"embeddable":true,"href":"https:\/\/totalblue.ro\/it\/wp-json\/wp\/v2\/media\/106739"}],"wp:attachment":[{"href":"https:\/\/totalblue.ro\/it\/wp-json\/wp\/v2\/media?parent=106735"}],"wp:term":[{"taxonomy":"product_brand","embeddable":true,"href":"https:\/\/totalblue.ro\/it\/wp-json\/wp\/v2\/product_brand?post=106735"},{"taxonomy":"product_cat","embeddable":true,"href":"https:\/\/totalblue.ro\/it\/wp-json\/wp\/v2\/product_cat?post=106735"},{"taxonomy":"giftcard-category","embeddable":true,"href":"https:\/\/totalblue.ro\/it\/wp-json\/wp\/v2\/giftcard-category?post=106735"}],"curies":[{"name":"wp","href":"https:\/\/api.w.org\/{rel}","templated":true}]}}