{"id":125415,"date":"2024-02-15T13:53:06","date_gmt":"2024-02-15T11:53:06","guid":{"rendered":"https:\/\/totalblue.ro\/?post_type=product&#038;p=125415"},"modified":"2025-10-30T14:55:02","modified_gmt":"2025-10-30T12:55:02","slug":"kuhne-dijon-mustar-picant-185-g","status":"publish","type":"product","link":"https:\/\/totalblue.ro\/it\/produs\/kuhne-dijon-mustar-picant-185-g\/","title":{"rendered":"K\u00fchne Dijon Senape piccante 185 g"},"content":{"rendered":"<p>Un mustar picant, macinat grosier.<br \/>\nCondimentul perfect<br \/>\nDelicios cu un bloc de branza<br \/>\nFara coloranti artificiali<br \/>\nSenza glutine<br \/>\nSenza lattosio<br \/>\nVegetariano<br \/>\nIngrediente : Apa, SEMINTE DE MUSTAR, otet natural, sare, condimente, colorant: caramel (E150c).<br \/>\nIngrediente alergene:SEMINTE DE MUSTAR<br \/>\nInformatii nutritionale la 100 ml<br \/>\nEnergie: 479 kJ \/ 115 kcal<br \/>\nGrasimi: 7,6 g din care acizi grasi saturati: 0,3 g<br \/>\nGlucide 2,4 g din care zaharuri: 1,4 g<br \/>\nFibre alimentare: 3,8 g<br \/>\nProteine: 5,6 g<br \/>\nSare 3,5 g<\/p>\n<p>Depozitare: A se pastreaza la rece (max 7\u00b0C). Produs perisabil dupa deschidere. A se feri de razele soarelui.<br \/>\nConsumare prima: vedere sulla confezione.<br \/>\nFabricat de Carl K\u00fchne, K\u00fchneh\u00f6fe 11, 22761 Hamburg, Germany<br \/>\nImportatore e distributore Total Blue Impex SRL<\/p>","protected":false},"excerpt":{"rendered":"<p>Un mustar picant, macinat grosier. Condimentul perfect Delicios cu un bloc de branza Fara coloranti artificiali Fara gluten Fara lactoza Vegetarian Ingrediente : Apa, SEMINTE DE MUSTAR, otet natural, sare, condimente, colorant: caramel (E150c). Ingrediente alergene:SEMINTE DE MUSTAR Informatii nutritionale la 100 ml Energie: 479 kJ \/ 115 kcal Grasimi: 7,6 g din care acizi [&#8230;]\n","protected":false},"featured_media":125421,"comment_status":"open","ping_status":"closed","template":"","meta":{"_acf_changed":false,"_seopress_robots_primary_cat":"none","_seopress_titles_title":"","_seopress_titles_desc":"","_seopress_robots_index":""},"product_brand":[2002],"product_cat":[1555,1451,3280,1767],"giftcard-category":[],"class_list":{"0":"post-125415","1":"product","2":"type-product","3":"status-publish","4":"has-post-thumbnail","6":"product_brand-kuhne","7":"product_cat-bacanie","8":"product_cat-condimente-produse-instant","9":"product_cat-condimente-sosuri","10":"product_cat-produse-olanda","12":"first","13":"outofstock","14":"taxable","15":"shipping-taxable","16":"purchasable","17":"product-type-simple"},"acf":[],"_links":{"self":[{"href":"https:\/\/totalblue.ro\/it\/wp-json\/wp\/v2\/product\/125415","targetHints":{"allow":["GET"]}}],"collection":[{"href":"https:\/\/totalblue.ro\/it\/wp-json\/wp\/v2\/product"}],"about":[{"href":"https:\/\/totalblue.ro\/it\/wp-json\/wp\/v2\/types\/product"}],"replies":[{"embeddable":true,"href":"https:\/\/totalblue.ro\/it\/wp-json\/wp\/v2\/comments?post=125415"}],"wp:featuredmedia":[{"embeddable":true,"href":"https:\/\/totalblue.ro\/it\/wp-json\/wp\/v2\/media\/125421"}],"wp:attachment":[{"href":"https:\/\/totalblue.ro\/it\/wp-json\/wp\/v2\/media?parent=125415"}],"wp:term":[{"taxonomy":"product_brand","embeddable":true,"href":"https:\/\/totalblue.ro\/it\/wp-json\/wp\/v2\/product_brand?post=125415"},{"taxonomy":"product_cat","embeddable":true,"href":"https:\/\/totalblue.ro\/it\/wp-json\/wp\/v2\/product_cat?post=125415"},{"taxonomy":"giftcard-category","embeddable":true,"href":"https:\/\/totalblue.ro\/it\/wp-json\/wp\/v2\/giftcard-category?post=125415"}],"curies":[{"name":"wp","href":"https:\/\/api.w.org\/{rel}","templated":true}]}}