{"id":128189,"date":"2024-02-19T12:33:11","date_gmt":"2024-02-19T10:33:11","guid":{"rendered":"https:\/\/totalblue.ro\/?post_type=product&#038;p=128189"},"modified":"2025-11-18T07:58:24","modified_gmt":"2025-11-18T05:58:24","slug":"sunlife-magnesio-300mg-150-compresse-importazione-germania","status":"publish","type":"product","link":"https:\/\/totalblue.ro\/it\/produs\/sunlife-magneziu-300mg-150-tablete-import-germania\/","title":{"rendered":"Sunlife Magnesio 300mg, 150 compresse, Importazione Germania"},"content":{"rendered":"<div id=\"description-body\" class=\"collapse-offset in\">\n<p>Per prestazioni elevate: il magnesio controlla numerosi processi del metabolismo energetico, sostiene il sistema nervoso, aiuta la costruzione e la rigenerazione muscolare dopo l'esercizio.<br \/>\nPreparato di alta qualit\u00e0: con le compresse di magnesio Sunlife \u00e8 possibile integrare in modo ottimale il metabolismo con dosi elevate di magnesio.<br \/>\nDose giornaliera: per un buon apporto di magnesio, assumere una compressa al giorno.<br \/>\nIntegratore alimentare pratico: 150 compresse<br \/>\nMade in Germany: gli integratori alimentari Sunlife sono prodotti e controllati secondo i pi\u00f9 severi standard di qualit\u00e0.<br \/>\nMagnesio 300<\/p>\n<p>Per i muscoli, i nervi e il metabolismo energetico*.<\/p>\n<p>I minerali sono particolarmente importanti per il funzionamento del corpo umano. L'esercizio fisico intenso, una dieta squilibrata, lo sforzo fisico e le situazioni di stress possono determinare un aumento del fabbisogno di magnesio. Il magnesio non pu\u00f2 essere prodotto dall'organismo e pu\u00f2 essere immagazzinato solo in misura limitata.<\/p>\n<p>* Il magnesio favorisce la normale funzione muscolare e del sistema nervoso. Contribuisce all'equilibrio elettrolitico e al normale metabolismo energetico.<\/p>\n<p>Le compresse di SUNLIFE\u00ae Magnesium 300 mg sono un integratore alimentare di alta qualit\u00e0, sviluppato secondo le pi\u00f9 recenti scoperte scientifiche e prodotto secondo i pi\u00f9 alti standard qualitativi.<\/p>\n<p>Composizione per dose giornaliera (1 compressa):<br \/>\nMagnesio - 300 mg (80% VNR*)<\/p>\n<p>* NRV = Valore Nutritivo di Riferimento secondo l'Ordinanza sulle Informazioni Alimentari.<\/p>\n<p><strong>Controindicazioni:<\/strong><\/p>\n<ul>\n<li>Gli integratori alimentari non devono sostituire una dieta equilibrata e varia e uno stile di vita sano.<\/li>\n<li>Non superare la dose giornaliera raccomandata.<\/li>\n<li>Tenere fuori dalla portata dei bambini piccoli.<\/li>\n<li>Conservare il prodotto non aperto in un luogo fresco e asciutto, al riparo dalla luce.<\/li>\n<li>Non superare la dose raccomandata.<\/li>\n<\/ul>\n<\/div>","protected":false},"excerpt":{"rendered":"<p>Pentru performanta ridicata: magneziul controleaza numeroase procese ale metabolismului energetic, sustine sistemul nervos, ajuta la construirea musculara si la regenerarea dupa efort. Preparat de inalta calitate: cu tabletele de magneziu Sunlife, va puteti completa in mod optim metabolismul cu doze mari de magneziu Doza zilnica: pentru un aport bun de magneziu, luati o tableta pe [&#8230;]\n","protected":false},"featured_media":128196,"comment_status":"open","ping_status":"closed","template":"","meta":{"_acf_changed":false,"_seopress_robots_primary_cat":"none","_seopress_titles_title":"","_seopress_titles_desc":"","_seopress_robots_index":""},"product_brand":[6404],"product_cat":[21826,1950,1767,6416,22124,6402,6390],"giftcard-category":[],"class_list":{"0":"post-128189","1":"product","2":"type-product","3":"status-publish","4":"has-post-thumbnail","6":"product_brand-sunlife","7":"product_cat-produse-bio-dietetice","8":"product_cat-produse-germania","9":"product_cat-produse-olanda","10":"product_cat-suplimente-alimentare-bacanie","11":"product_cat-suplimente-vitamine","12":"product_cat-suplimente-alimentare-produse-olanda","13":"product_cat-suplimente-alimentare","15":"first","16":"outofstock","17":"taxable","18":"shipping-taxable","19":"purchasable","20":"product-type-simple"},"acf":[],"_links":{"self":[{"href":"https:\/\/totalblue.ro\/it\/wp-json\/wp\/v2\/product\/128189","targetHints":{"allow":["GET"]}}],"collection":[{"href":"https:\/\/totalblue.ro\/it\/wp-json\/wp\/v2\/product"}],"about":[{"href":"https:\/\/totalblue.ro\/it\/wp-json\/wp\/v2\/types\/product"}],"replies":[{"embeddable":true,"href":"https:\/\/totalblue.ro\/it\/wp-json\/wp\/v2\/comments?post=128189"}],"wp:featuredmedia":[{"embeddable":true,"href":"https:\/\/totalblue.ro\/it\/wp-json\/wp\/v2\/media\/128196"}],"wp:attachment":[{"href":"https:\/\/totalblue.ro\/it\/wp-json\/wp\/v2\/media?parent=128189"}],"wp:term":[{"taxonomy":"product_brand","embeddable":true,"href":"https:\/\/totalblue.ro\/it\/wp-json\/wp\/v2\/product_brand?post=128189"},{"taxonomy":"product_cat","embeddable":true,"href":"https:\/\/totalblue.ro\/it\/wp-json\/wp\/v2\/product_cat?post=128189"},{"taxonomy":"giftcard-category","embeddable":true,"href":"https:\/\/totalblue.ro\/it\/wp-json\/wp\/v2\/giftcard-category?post=128189"}],"curies":[{"name":"wp","href":"https:\/\/api.w.org\/{rel}","templated":true}]}}