{"id":128339,"date":"2024-02-19T15:28:57","date_gmt":"2024-02-19T13:28:57","guid":{"rendered":"https:\/\/totalblue.ro\/?post_type=product&#038;p=128339"},"modified":"2026-03-16T10:28:40","modified_gmt":"2026-03-16T08:28:40","slug":"maggi-5-minute-noodles-hot-chili-59-g-import-germania","status":"publish","type":"product","link":"https:\/\/totalblue.ro\/it\/produs\/maggi-5-minute-noodles-hot-chili-59-g-import-germania\/","title":{"rendered":"Maggi 5 Minute Noodles Hot Chili, 59 g importato dalla Germania"},"content":{"rendered":"<p>Ingrediente : <span class=\"HwtZe\" lang=\"ro\"><span class=\"jCAhz ChMk0b\"><span class=\"ryNqvb\">61% paste (faina de grau, oua), amidon, 5,9% ro\u0219ii, 4,1% ardei verzi, 3,9% ardei ro\u0219u, faina de grau, sare iodat\u0103 (sare, iod de potasiu), gr\u0103sime de palmier, ardei iute jalape\u00f1o, condimente, p\u0103trunjel , praf de suc de lamaie, ulei de floarea soarelui, ulei de boia de ardei, amidon de grau, sare, condimente (din grau), arome (cu grau), zahar, extract de drojdie Poate contine TELINA, LAPTE, MUSTAR si SOIA.<br \/>\nValori nutrizionali \/ 100 g:<br \/>\nEnergie 366 kJ (87 kcal)<br \/>\nGrasime 1.1 g din care saturati 0.5 g<br \/>\nCarbohidrati 15.2 g din care zaharuri 1.7 g<br \/>\nFibre 1.6 g<br \/>\nProteine 3 g<br \/>\nSale 0,80 g<br \/>\n<\/span><\/span> <\/span><\/p>\n<p>Instructiuni de preparare:<br \/>\n1. Turnati apa clocotita pana la linia de umplere.<br \/>\n2. Acum amestecati bine imediat.<br \/>\n3. Lasati 5 minute. Se amesteca din cand in cand.<br \/>\nProduttore: Maggi GmbH, Julius-B\u00fchrer-Stra\u00dfe 8, 78224 Singen (Hohentwiel)<br \/>\nImportatore : Total Blue Impex SRL<\/p>","protected":false},"excerpt":{"rendered":"<p>Ingrediente : 61% paste (faina de grau, oua), amidon, 5,9% ro\u0219ii, 4,1% ardei verzi, 3,9% ardei ro\u0219u, faina de grau, sare iodat\u0103 (sare, iod de potasiu), gr\u0103sime de palmier, ardei iute jalape\u00f1o, condimente, p\u0103trunjel , praf de suc de lamaie, ulei de floarea soarelui, ulei de boia de ardei, amidon de grau, sare, condimente (din [&#8230;]\n","protected":false},"featured_media":128349,"comment_status":"open","ping_status":"closed","template":"","meta":{"_acf_changed":false,"_seopress_robots_primary_cat":"1950","_seopress_titles_title":"","_seopress_titles_desc":"","_seopress_robots_index":""},"product_brand":[1869],"product_cat":[1555,1683,3372,3272,17494,21594,3428,3328,1950,1767,1954],"giftcard-category":[],"class_list":{"0":"post-128339","1":"product","2":"type-product","3":"status-publish","4":"has-post-thumbnail","6":"product_brand-maggi","7":"product_cat-bacanie","8":"product_cat-conserve-mancare-gatita","9":"product_cat-conserve-produse-germania","10":"product_cat-conserve","11":"product_cat-influente-asiatice","12":"product_cat-noodles-supe-instant","13":"product_cat-paste-orez-ulei-otet-produse-germania","14":"product_cat-paste-orez-ulei-otet","15":"product_cat-produse-germania","16":"product_cat-produse-olanda","17":"product_cat-semipreparate","19":"first","20":"outofstock","21":"taxable","22":"shipping-taxable","23":"purchasable","24":"product-type-simple"},"acf":[],"_links":{"self":[{"href":"https:\/\/totalblue.ro\/it\/wp-json\/wp\/v2\/product\/128339","targetHints":{"allow":["GET"]}}],"collection":[{"href":"https:\/\/totalblue.ro\/it\/wp-json\/wp\/v2\/product"}],"about":[{"href":"https:\/\/totalblue.ro\/it\/wp-json\/wp\/v2\/types\/product"}],"replies":[{"embeddable":true,"href":"https:\/\/totalblue.ro\/it\/wp-json\/wp\/v2\/comments?post=128339"}],"wp:featuredmedia":[{"embeddable":true,"href":"https:\/\/totalblue.ro\/it\/wp-json\/wp\/v2\/media\/128349"}],"wp:attachment":[{"href":"https:\/\/totalblue.ro\/it\/wp-json\/wp\/v2\/media?parent=128339"}],"wp:term":[{"taxonomy":"product_brand","embeddable":true,"href":"https:\/\/totalblue.ro\/it\/wp-json\/wp\/v2\/product_brand?post=128339"},{"taxonomy":"product_cat","embeddable":true,"href":"https:\/\/totalblue.ro\/it\/wp-json\/wp\/v2\/product_cat?post=128339"},{"taxonomy":"giftcard-category","embeddable":true,"href":"https:\/\/totalblue.ro\/it\/wp-json\/wp\/v2\/giftcard-category?post=128339"}],"curies":[{"name":"wp","href":"https:\/\/api.w.org\/{rel}","templated":true}]}}