{"id":128413,"date":"2024-02-19T15:49:09","date_gmt":"2024-02-19T13:49:09","guid":{"rendered":"https:\/\/totalblue.ro\/?post_type=product&#038;p=128413"},"modified":"2026-03-16T10:28:40","modified_gmt":"2026-03-16T08:28:40","slug":"maggi-5-minute-paste-cu-pui-41g-import-germania","status":"publish","type":"product","link":"https:\/\/totalblue.ro\/it\/produs\/maggi-5-minute-paste-cu-pui-41g-import-germania\/","title":{"rendered":"Maggi 5 minuti Pasta con pollo 41g import Germania"},"content":{"rendered":"<p><span class=\"HwtZe\" lang=\"ro\"><span class=\"jCAhz ChMk0b\"><span class=\"ryNqvb\">Ingrediente : 57% T\u0103i\u021bei cu pui la oal\u0103, 2% legume. Ingrediente: 68,3% paste f\u0103inoase (gri\u0219 de gr\u00e2u dur, ou\u0103), amidon, 6,2% pui, arome, extract de drojdie, sare iodat\u0103 (sare, iodat de potasiu), ceap\u0103, 1,3% morcovi, 0,6% praz, p\u0103trunjel, gr\u0103sime de pui, turmeric, sare, zah\u0103r, antioxidant: extract de rozmarin.<\/span><\/span> <span class=\"jCAhz ChMk0b\"><span class=\"ryNqvb\">Poate con\u021bine \u021belin\u0103, lapte, mu\u0219tar \u0219i soia.<br \/>\nValori nutrizionali \/ 100 g:<br \/>\nEnergie 271 kJ (64 kcal)<br \/>\nGrasime 0.9 g din care saturati 0.3 g<br \/>\nCarbohidrati 10.3 g din care zaharuri 0.5 g<br \/>\nFibre 0.8 g<br \/>\nProteine 3 g<br \/>\nSare 0.81 g<br \/>\n<\/span><\/span><\/span><\/p>\n<p>Instructiuni de preparare:<br \/>\n1. Turnati apa clocotita pana la linia de umplere.<br \/>\n2. Acum amestecati bine imediat.<br \/>\n3. Lasati 5 minute. Se amesteca din cand in cand.<br \/>\nProduttore: Maggi GmbH, Julius-B\u00fchrer-Stra\u00dfe 8, 78224 Singen (Hohentwiel)<br \/>\nImportatore : Total Blue Impex SRL<\/p>","protected":false},"excerpt":{"rendered":"<p>Ingrediente : 57% T\u0103i\u021bei cu pui la oal\u0103, 2% legume. Ingrediente: 68,3% paste f\u0103inoase (gri\u0219 de gr\u00e2u dur, ou\u0103), amidon, 6,2% pui, arome, extract de drojdie, sare iodat\u0103 (sare, iodat de potasiu), ceap\u0103, 1,3% morcovi, 0,6% praz, p\u0103trunjel, gr\u0103sime de pui, turmeric, sare, zah\u0103r, antioxidant: extract de rozmarin. Poate con\u021bine \u021belin\u0103, lapte, mu\u0219tar \u0219i soia. [&#8230;]\n","protected":false},"featured_media":128422,"comment_status":"open","ping_status":"closed","template":"","meta":{"_acf_changed":false,"_seopress_robots_primary_cat":"1950","_seopress_titles_title":"","_seopress_titles_desc":"","_seopress_robots_index":""},"product_brand":[1869],"product_cat":[1555,1683,3372,3272,17494,21594,3428,3328,1950,1767,1954],"giftcard-category":[],"class_list":{"0":"post-128413","1":"product","2":"type-product","3":"status-publish","4":"has-post-thumbnail","6":"product_brand-maggi","7":"product_cat-bacanie","8":"product_cat-conserve-mancare-gatita","9":"product_cat-conserve-produse-germania","10":"product_cat-conserve","11":"product_cat-influente-asiatice","12":"product_cat-noodles-supe-instant","13":"product_cat-paste-orez-ulei-otet-produse-germania","14":"product_cat-paste-orez-ulei-otet","15":"product_cat-produse-germania","16":"product_cat-produse-olanda","17":"product_cat-semipreparate","19":"first","20":"outofstock","21":"taxable","22":"shipping-taxable","23":"purchasable","24":"product-type-simple"},"acf":[],"_links":{"self":[{"href":"https:\/\/totalblue.ro\/it\/wp-json\/wp\/v2\/product\/128413","targetHints":{"allow":["GET"]}}],"collection":[{"href":"https:\/\/totalblue.ro\/it\/wp-json\/wp\/v2\/product"}],"about":[{"href":"https:\/\/totalblue.ro\/it\/wp-json\/wp\/v2\/types\/product"}],"replies":[{"embeddable":true,"href":"https:\/\/totalblue.ro\/it\/wp-json\/wp\/v2\/comments?post=128413"}],"wp:featuredmedia":[{"embeddable":true,"href":"https:\/\/totalblue.ro\/it\/wp-json\/wp\/v2\/media\/128422"}],"wp:attachment":[{"href":"https:\/\/totalblue.ro\/it\/wp-json\/wp\/v2\/media?parent=128413"}],"wp:term":[{"taxonomy":"product_brand","embeddable":true,"href":"https:\/\/totalblue.ro\/it\/wp-json\/wp\/v2\/product_brand?post=128413"},{"taxonomy":"product_cat","embeddable":true,"href":"https:\/\/totalblue.ro\/it\/wp-json\/wp\/v2\/product_cat?post=128413"},{"taxonomy":"giftcard-category","embeddable":true,"href":"https:\/\/totalblue.ro\/it\/wp-json\/wp\/v2\/giftcard-category?post=128413"}],"curies":[{"name":"wp","href":"https:\/\/api.w.org\/{rel}","templated":true}]}}