{"id":128586,"date":"2024-02-19T16:43:09","date_gmt":"2024-02-19T14:43:09","guid":{"rendered":"https:\/\/totalblue.ro\/?post_type=product&#038;p=128586"},"modified":"2025-09-05T11:03:28","modified_gmt":"2025-09-05T08:03:28","slug":"maggi-5-minute-paste-cu-branza-si-carne-tocata-51g-import-germania","status":"publish","type":"product","link":"https:\/\/totalblue.ro\/it\/produs\/maggi-5-minute-paste-cu-branza-si-carne-tocata-51g-import-germania\/","title":{"rendered":"Maggi 5 minute Paste cu branza si carne tocata 51g import Germania"},"content":{"rendered":"<p>Ingrediente : <span class=\"HwtZe\" lang=\"ro\"><span class=\"jCAhz ChMk0b\"><span class=\"ryNqvb\">58,8% paste f\u0103inoase, amidon, 4,2% br\u00e2nz\u0103, 3,9% carne de vit\u0103, sare iodat\u0103, 2% condimente (piper, nuc\u0219oar\u0103, turmeric), ulei de floarea soarelui, produs lactat praf, produs din zer, sare, condimente, gr\u0103sime de vit\u0103, arom\u0103 natural\u0103, antioxidant, extract de rozmarin, poate con\u021bine \u021belin\u0103, mu\u0219tar \u0219i soia.<br \/>\nValori nutrizionali \/ 100 g:<br \/>\nEnergie 326 kJ (77 kcal)<br \/>\nGrasime 1.3 g din care saturati 0.6 g<br \/>\nCarbohidrati 13.1 g din care zaharuri 0.5 g<br \/>\nFibra 0,7 g<br \/>\nProteine 2.9 g<br \/>\nSare 0.79 g<\/span><\/span><\/span><br \/>\nInstructiuni de preparare:<br \/>\n1. Turnati apa clocotita pana la linia de umplere.<br \/>\n2. Acum amestecati bine imediat.<br \/>\n3. Lasati 5 minute. Se amesteca din cand in cand.<br \/>\nProduttore: Maggi GmbH, Julius-B\u00fchrer-Stra\u00dfe 8, 78224 Singen (Hohentwiel)<br \/>\nImportatore : Total Blue Impex SRL<\/p>","protected":false},"excerpt":{"rendered":"<p>Ingrediente : 58,8% paste f\u0103inoase, amidon, 4,2% br\u00e2nz\u0103, 3,9% carne de vit\u0103, sare iodat\u0103, 2% condimente (piper, nuc\u0219oar\u0103, turmeric), ulei de floarea soarelui, produs lactat praf, produs din zer, sare, condimente, gr\u0103sime de vit\u0103, arom\u0103 natural\u0103, antioxidant, extract de rozmarin, poate con\u021bine \u021belin\u0103, mu\u0219tar \u0219i soia. Valori nutritionale \/ 100 g: Energie 326 kJ (77 [&#8230;]\n","protected":false},"featured_media":128595,"comment_status":"open","ping_status":"closed","template":"","meta":{"_acf_changed":false,"_seopress_robots_primary_cat":"1950","_seopress_titles_title":"","_seopress_titles_desc":"","_seopress_robots_index":""},"product_brand":[1869],"product_cat":[1555,1683,3372,3272,17494,21594,3428,3328,1950,1767,1954],"giftcard-category":[],"class_list":{"0":"post-128586","1":"product","2":"type-product","3":"status-publish","4":"has-post-thumbnail","6":"product_brand-maggi","7":"product_cat-bacanie","8":"product_cat-conserve-mancare-gatita","9":"product_cat-conserve-produse-germania","10":"product_cat-conserve","11":"product_cat-influente-asiatice","12":"product_cat-noodles-supe-instant","13":"product_cat-paste-orez-ulei-otet-produse-germania","14":"product_cat-paste-orez-ulei-otet","15":"product_cat-produse-germania","16":"product_cat-produse-olanda","17":"product_cat-semipreparate","19":"first","20":"outofstock","21":"taxable","22":"shipping-taxable","23":"purchasable","24":"product-type-simple"},"acf":[],"_links":{"self":[{"href":"https:\/\/totalblue.ro\/it\/wp-json\/wp\/v2\/product\/128586","targetHints":{"allow":["GET"]}}],"collection":[{"href":"https:\/\/totalblue.ro\/it\/wp-json\/wp\/v2\/product"}],"about":[{"href":"https:\/\/totalblue.ro\/it\/wp-json\/wp\/v2\/types\/product"}],"replies":[{"embeddable":true,"href":"https:\/\/totalblue.ro\/it\/wp-json\/wp\/v2\/comments?post=128586"}],"wp:featuredmedia":[{"embeddable":true,"href":"https:\/\/totalblue.ro\/it\/wp-json\/wp\/v2\/media\/128595"}],"wp:attachment":[{"href":"https:\/\/totalblue.ro\/it\/wp-json\/wp\/v2\/media?parent=128586"}],"wp:term":[{"taxonomy":"product_brand","embeddable":true,"href":"https:\/\/totalblue.ro\/it\/wp-json\/wp\/v2\/product_brand?post=128586"},{"taxonomy":"product_cat","embeddable":true,"href":"https:\/\/totalblue.ro\/it\/wp-json\/wp\/v2\/product_cat?post=128586"},{"taxonomy":"giftcard-category","embeddable":true,"href":"https:\/\/totalblue.ro\/it\/wp-json\/wp\/v2\/giftcard-category?post=128586"}],"curies":[{"name":"wp","href":"https:\/\/api.w.org\/{rel}","templated":true}]}}