{"id":129812,"date":"2024-02-21T11:04:51","date_gmt":"2024-02-21T09:04:51","guid":{"rendered":"https:\/\/totalblue.ro\/?post_type=product&#038;p=129812"},"modified":"2025-08-04T12:55:18","modified_gmt":"2025-08-04T09:55:18","slug":"zuppa-di-pollo-istantanea-gwoon-3-x-12-g-2","status":"publish","type":"product","link":"https:\/\/totalblue.ro\/it\/produs\/gwoon-supa-instant-de-pui-3-x-12-g-2\/","title":{"rendered":"G'woon Zuppa di pollo istantanea 3 x 12 g"},"content":{"rendered":"<p>G'woon Zuppa di pollo istantanea 3 x 12 g<br \/>\n<span class=\"HwtZe\" lang=\"ro\"><span class=\"jCAhz JxVs2d ChMk0b\"><span class=\"ryNqvb\">Ingredienti: 24% tagliatelle (farina GRAU, acqua, sale), maltodestrina, fecola di patate, cloruro di potassio, aroma naturale, sale, pezzi di carota, estratto di lievito, zucchero, 2% carne di pollo bollita, 1% grasso di pollo (grasso di pollo, antiossidante: E392), cipolla in polvere, olio di girasole, spezie (curcuma, grano saraceno), granuli di porro, prezzemolo, antiagglomerante: E551.<\/span><\/span> <span class=\"jCAhz JxVs2d ChMk0b\"><span class=\"ryNqvb\">Pu\u00f2 contenere uova, latte, sedano e senape.<\/span><\/span><\/span><br \/>\nValori nutrizionali \/ 100 g:<br \/>\nEnergia 1305 kJ (308 kcal)<br \/>\nGrassi 2,6 g di cui grassi saturi 0,6 g<br \/>\nCarboidrati 62,3 g di cui zuccheri 7,5 g<br \/>\nFibra alimentare 2,6 g<br \/>\nProteine 7,6 g<br \/>\nSale 9,69 g<\/p>\n<p>Preparazione:<br \/>\n1. Versare il contenuto di una bustina di zuppa istantanea in una tazza.<br \/>\n2. Aggiungere 175 ml di acqua bollita a 100\u00b0C e lasciare riposare per 1 minuto.<br \/>\n3. Pronto da bere!<\/p>\n<p>Nota: la tazza pu\u00f2 essere calda! La zuppa pu\u00f2 essere calda!<\/p>\n<p>&nbsp;<\/p>\n<p>&nbsp;<\/p>","protected":false},"excerpt":{"rendered":"<p>G&#8217;woon Supa instant de pui 3 x 12 g Ingrediente: 24% t\u0103i\u021bei (f\u0103in\u0103 de GRAU, ap\u0103, sare), maltodextrin\u0103, amidon de cartofi, clorur\u0103 de potasiu, arom\u0103 natural\u0103, sare, buc\u0103\u021bi de morcov, extract de drojdie, zah\u0103r, 2% carne de pui fiart\u0103, 1% gr\u0103sime de pui (gr\u0103sime de pui, antioxidant : E392), praf de ceapa, ulei de floarea [&#8230;]\n","protected":false},"featured_media":129818,"comment_status":"open","ping_status":"closed","template":"","meta":{"_acf_changed":false,"_seopress_robots_primary_cat":"none","_seopress_titles_title":"G'woon Supa instant de pui 3 x 12 g","_seopress_titles_desc":"Cumpara online supa de legume, supe legume, ciorbe legume, supe olandeze legume. Magazin online supe si produse olandeze cu livrare rapida.","_seopress_robots_index":""},"product_brand":[1971],"product_cat":[1555,1683,3272,17494,21594,1362,1767],"giftcard-category":[],"class_list":{"0":"post-129812","1":"product","2":"type-product","3":"status-publish","4":"has-post-thumbnail","6":"product_brand-gwoon","7":"product_cat-bacanie","8":"product_cat-conserve-mancare-gatita","9":"product_cat-conserve","10":"product_cat-influente-asiatice","11":"product_cat-noodles-supe-instant","12":"product_cat-ulei-orez-faina-zahar","13":"product_cat-produse-olanda","15":"first","16":"outofstock","17":"taxable","18":"shipping-taxable","19":"purchasable","20":"product-type-simple"},"acf":[],"_links":{"self":[{"href":"https:\/\/totalblue.ro\/it\/wp-json\/wp\/v2\/product\/129812","targetHints":{"allow":["GET"]}}],"collection":[{"href":"https:\/\/totalblue.ro\/it\/wp-json\/wp\/v2\/product"}],"about":[{"href":"https:\/\/totalblue.ro\/it\/wp-json\/wp\/v2\/types\/product"}],"replies":[{"embeddable":true,"href":"https:\/\/totalblue.ro\/it\/wp-json\/wp\/v2\/comments?post=129812"}],"wp:featuredmedia":[{"embeddable":true,"href":"https:\/\/totalblue.ro\/it\/wp-json\/wp\/v2\/media\/129818"}],"wp:attachment":[{"href":"https:\/\/totalblue.ro\/it\/wp-json\/wp\/v2\/media?parent=129812"}],"wp:term":[{"taxonomy":"product_brand","embeddable":true,"href":"https:\/\/totalblue.ro\/it\/wp-json\/wp\/v2\/product_brand?post=129812"},{"taxonomy":"product_cat","embeddable":true,"href":"https:\/\/totalblue.ro\/it\/wp-json\/wp\/v2\/product_cat?post=129812"},{"taxonomy":"giftcard-category","embeddable":true,"href":"https:\/\/totalblue.ro\/it\/wp-json\/wp\/v2\/giftcard-category?post=129812"}],"curies":[{"name":"wp","href":"https:\/\/api.w.org\/{rel}","templated":true}]}}