{"id":129881,"date":"2024-02-21T11:16:33","date_gmt":"2024-02-21T09:16:33","guid":{"rendered":"https:\/\/totalblue.ro\/?post_type=product&#038;p=129881"},"modified":"2025-08-04T12:55:11","modified_gmt":"2025-08-04T09:55:11","slug":"gwoon-supa-instant-chinezeasca-de-rosii-3-x-17-g","status":"publish","type":"product","link":"https:\/\/totalblue.ro\/it\/produs\/gwoon-supa-instant-chinezeasca-de-rosii-3-x-17-g\/","title":{"rendered":"G&#8217;woon Supa instant chinezeasca de rosii 3 x 17 g"},"content":{"rendered":"<p><span class=\"HwtZe\" lang=\"ro\"><span class=\"jCAhz JxVs2d ChMk0b\"><span class=\"ryNqvb\">Ingrediente: 30% ro\u0219ii, zah\u0103r, 11% f\u00e2\u0219ii de omlet\u0103 (f\u0103in\u0103 de gr\u00e2u, ou\u0103 de g\u0103in\u0103, lapte praf integral, sare, amidon de porumb, condimente (nuc\u0219oar\u0103, turmeric), extract de drojdie), amidon de cartofi, sare, maltodextrin\u0103, 5 % taitei (faina de GRAU, apa, sare), fasole mung, extract de drojdie, ceapa, condimente (ghimbir, seminte de coriandru, cayenne, cardamom), pudra de mere, ulei de floarea soarelui, arpagic, praf de suc de lamaie.<br \/>\nValori nutrizionali \/ 100 g:<br \/>\nEnergie 1432 kJ (338 kcal)<br \/>\nGrasimi 1.9 g din care grasimi saturate 0.3 g<br \/>\nGlucide 68.1 g din care zaharuri 36.3 g<br \/>\nFibre alimentare 6.1 g<br \/>\nProteine \u200b\u200b9.1 g<br \/>\nSare 7.83 g<\/span><\/span><\/span><\/p>\n<p>Preparazione:<br \/>\n1. Turnati continutul unui plic de supa intr-o cana.<br \/>\n2. Aggiungere 175 ml di acqua bollita a 100\u00b0C e lasciare riposare per 1 minuto.<br \/>\n3. Pronto da bere!<\/p>\n<p>Nota: la tazza pu\u00f2 essere calda! La zuppa pu\u00f2 essere calda!<\/p>\n<p>&nbsp;<\/p>\n<p><a href=\"https:\/\/totalblue.ro\/wp-content\/uploads\/2021\/02\/vegetarian.jpeg\"><img loading=\"lazy\" decoding=\"async\" class=\"alignnone wp-image-27413\" src=\"https:\/\/totalblue.ro\/wp-content\/uploads\/2021\/02\/vegetarian.jpeg\" alt=\"\" width=\"100\" height=\"100\" srcset=\"https:\/\/totalblue.ro\/wp-content\/uploads\/2021\/02\/vegetarian.jpeg 225w, https:\/\/totalblue.ro\/wp-content\/uploads\/2021\/02\/vegetarian-100x100.jpeg 100w\" sizes=\"auto, (max-width: 100px) 100vw, 100px\" \/><\/a><\/p>","protected":false},"excerpt":{"rendered":"<p>Ingrediente: 30% ro\u0219ii, zah\u0103r, 11% f\u00e2\u0219ii de omlet\u0103 (f\u0103in\u0103 de gr\u00e2u, ou\u0103 de g\u0103in\u0103, lapte praf integral, sare, amidon de porumb, condimente (nuc\u0219oar\u0103, turmeric), extract de drojdie), amidon de cartofi, sare, maltodextrin\u0103, 5 % taitei (faina de GRAU, apa, sare), fasole mung, extract de drojdie, ceapa, condimente (ghimbir, seminte de coriandru, cayenne, cardamom), pudra de [&#8230;]\n","protected":false},"featured_media":129904,"comment_status":"open","ping_status":"closed","template":"","meta":{"_acf_changed":false,"_seopress_robots_primary_cat":"none","_seopress_titles_title":"","_seopress_titles_desc":"Cumpara online supa de legume, supe legume, ciorbe legume, supe olandeze legume. Magazin online supe si produse olandeze cu livrare rapida.","_seopress_robots_index":""},"product_brand":[1971],"product_cat":[1555,1683,3272,17494,21594,21826,1362,1767,21880,22064],"giftcard-category":[],"class_list":{"0":"post-129881","1":"product","2":"type-product","3":"status-publish","4":"has-post-thumbnail","6":"product_brand-gwoon","7":"product_cat-bacanie","8":"product_cat-conserve-mancare-gatita","9":"product_cat-conserve","10":"product_cat-influente-asiatice","11":"product_cat-noodles-supe-instant","12":"product_cat-produse-bio-dietetice","13":"product_cat-ulei-orez-faina-zahar","14":"product_cat-produse-olanda","15":"product_cat-vegan","16":"product_cat-vegetarian","18":"first","19":"outofstock","20":"taxable","21":"shipping-taxable","22":"purchasable","23":"product-type-simple"},"acf":[],"_links":{"self":[{"href":"https:\/\/totalblue.ro\/it\/wp-json\/wp\/v2\/product\/129881","targetHints":{"allow":["GET"]}}],"collection":[{"href":"https:\/\/totalblue.ro\/it\/wp-json\/wp\/v2\/product"}],"about":[{"href":"https:\/\/totalblue.ro\/it\/wp-json\/wp\/v2\/types\/product"}],"replies":[{"embeddable":true,"href":"https:\/\/totalblue.ro\/it\/wp-json\/wp\/v2\/comments?post=129881"}],"wp:featuredmedia":[{"embeddable":true,"href":"https:\/\/totalblue.ro\/it\/wp-json\/wp\/v2\/media\/129904"}],"wp:attachment":[{"href":"https:\/\/totalblue.ro\/it\/wp-json\/wp\/v2\/media?parent=129881"}],"wp:term":[{"taxonomy":"product_brand","embeddable":true,"href":"https:\/\/totalblue.ro\/it\/wp-json\/wp\/v2\/product_brand?post=129881"},{"taxonomy":"product_cat","embeddable":true,"href":"https:\/\/totalblue.ro\/it\/wp-json\/wp\/v2\/product_cat?post=129881"},{"taxonomy":"giftcard-category","embeddable":true,"href":"https:\/\/totalblue.ro\/it\/wp-json\/wp\/v2\/giftcard-category?post=129881"}],"curies":[{"name":"wp","href":"https:\/\/api.w.org\/{rel}","templated":true}]}}