{"id":130832,"date":"2024-02-21T16:02:41","date_gmt":"2024-02-21T14:02:41","guid":{"rendered":"https:\/\/totalblue.ro\/?post_type=product&#038;p=130832"},"modified":"2025-09-05T11:00:42","modified_gmt":"2025-09-05T08:00:42","slug":"nissin-supa-instant-spicy-100g-import-germania","status":"publish","type":"product","link":"https:\/\/totalblue.ro\/it\/produs\/nissin-supa-instant-spicy-100g-import-germania\/","title":{"rendered":"Zuppa istantanea piccante Nissin 100g, importata dalla Germania"},"content":{"rendered":"<p><span class=\"HwtZe\" lang=\"ro\"><span class=\"jCAhz ChMk0b\"><span class=\"ryNqvb\">Ingrediente : Fidea 89,7% [f\u0103in\u0103 de gr\u00e2u, ulei de palmier, sare, agen\u021bi de tratare a f\u0103inii (E500, E451) <\/span><\/span> <span class=\"jCAhz ChMk0b\"><span class=\"ryNqvb\">Stabilizator E501 <\/span><\/span> <span class=\"jCAhz ChMk0b\"><span class=\"ryNqvb\">Agent de \u00eengro\u0219are E412 <\/span><\/span> <span class=\"jCAhz ChMk0b\"><span class=\"ryNqvb\">Antioxidart [E306] <\/span><\/span> <span class=\"jCAhz ChMk0b\"><span class=\"ryNqvb\">Pulbere de condimente 8,3% [sare, poten\u021biatori de arom\u0103 (E621, E635), zah\u0103r, pudr\u0103 de sos de soia (soia, gr\u00e2u, sare, maltodextrin\u0103), arome (podatori de arom\u0103 E631; gr\u00e2u, soia), ardei iute (7% \u00een pudr\u0103 de condimente),<\/span><\/span> <span class=\"jCAhz ChMk0b\"><span class=\"ryNqvb\">condimente, extract de drojdie, coloran\u021bi: extract de boia de ardei \u0219i caramel simplu, praz,<\/span><\/span> <span class=\"jCAhz\"><span class=\"ryNqvb\">agent antiaglomerant E551, regulator de aciditate: acid citric] <\/span><\/span> <span class=\"jCAhz ChMk0b\"><span class=\"ryNqvb\">Ulei de condimente 2,0% (ulei de seame, ulei de rapi\u021b\u0103, colorant: extract de boia de ardei, condimente, ulei de usturoi).<br \/>\nValori nutritionale la 100g :<br \/>\nEnergie 382 kJ \/ 91 kcal<br \/>\nGrasimi 4.1 g din care acizi grasi saturati 2 g<br \/>\nGlucide 11.1 g din care zaharuri 0.6 g<br \/>\nAlbus de ou 1.9 g<br \/>\nSare 1 g<br \/>\n<\/span><\/span><\/span><\/p>\n<p>Mod de preparare:<br \/>\nPuneti continutul plicului intr-o farfurie sau bol.<br \/>\nTurnati peste ingrediente 500 ml de apa fierbinte.<br \/>\nAcoperiti cu un capac timp de 3 minute.<br \/>\nSe serveste calda.<\/p>\n<p>Mod de pastrare: A se pastra la loc uscat si racoros.<\/p>\n<p>Importator : Total Blue Impex SRL<\/p>\n","protected":false},"excerpt":{"rendered":"<p>Ingrediente : Fidea 89,7% [f\u0103in\u0103 de gr\u00e2u, ulei de palmier, sare, agen\u021bi de tratare a f\u0103inii (E500, E451) Stabilizator E501 Agent de \u00eengro\u0219are E412 Antioxidart [E306] Pulbere de condimente 8,3% [sare, poten\u021biatori de arom\u0103 (E621, E635), zah\u0103r, pudr\u0103 de sos de soia (soia, gr\u00e2u, sare, maltodextrin\u0103), arome (podatori de arom\u0103 E631; gr\u00e2u, soia), ardei iute [&#8230;]\n","protected":false},"featured_media":130838,"comment_status":"open","ping_status":"closed","template":"","meta":{"_acf_changed":false,"_seopress_robots_primary_cat":"1950","_seopress_titles_title":"","_seopress_titles_desc":"","_seopress_robots_index":""},"product_brand":[22913],"product_cat":[1555,1683,3372,17494,21594,3428,21826,1950,1954,22064],"giftcard-category":[],"class_list":{"0":"post-130832","1":"product","2":"type-product","3":"status-publish","4":"has-post-thumbnail","6":"product_brand-nissin","7":"product_cat-bacanie","8":"product_cat-conserve-mancare-gatita","9":"product_cat-conserve-produse-germania","10":"product_cat-influente-asiatice","11":"product_cat-noodles-supe-instant","12":"product_cat-paste-orez-ulei-otet-produse-germania","13":"product_cat-produse-bio-dietetice","14":"product_cat-produse-germania","15":"product_cat-semipreparate","16":"product_cat-vegetarian","18":"first","19":"outofstock","20":"taxable","21":"shipping-taxable","22":"purchasable","23":"product-type-simple"},"acf":[],"_links":{"self":[{"href":"https:\/\/totalblue.ro\/it\/wp-json\/wp\/v2\/product\/130832","targetHints":{"allow":["GET"]}}],"collection":[{"href":"https:\/\/totalblue.ro\/it\/wp-json\/wp\/v2\/product"}],"about":[{"href":"https:\/\/totalblue.ro\/it\/wp-json\/wp\/v2\/types\/product"}],"replies":[{"embeddable":true,"href":"https:\/\/totalblue.ro\/it\/wp-json\/wp\/v2\/comments?post=130832"}],"wp:featuredmedia":[{"embeddable":true,"href":"https:\/\/totalblue.ro\/it\/wp-json\/wp\/v2\/media\/130838"}],"wp:attachment":[{"href":"https:\/\/totalblue.ro\/it\/wp-json\/wp\/v2\/media?parent=130832"}],"wp:term":[{"taxonomy":"product_brand","embeddable":true,"href":"https:\/\/totalblue.ro\/it\/wp-json\/wp\/v2\/product_brand?post=130832"},{"taxonomy":"product_cat","embeddable":true,"href":"https:\/\/totalblue.ro\/it\/wp-json\/wp\/v2\/product_cat?post=130832"},{"taxonomy":"giftcard-category","embeddable":true,"href":"https:\/\/totalblue.ro\/it\/wp-json\/wp\/v2\/giftcard-category?post=130832"}],"curies":[{"name":"wp","href":"https:\/\/api.w.org\/{rel}","templated":true}]}}