{"id":130873,"date":"2024-02-21T16:08:50","date_gmt":"2024-02-21T14:08:50","guid":{"rendered":"https:\/\/totalblue.ro\/?post_type=product&#038;p=130873"},"modified":"2026-01-24T20:31:02","modified_gmt":"2026-01-24T18:31:02","slug":"yum-yum-supa-instant-vita-60g","status":"publish","type":"product","link":"https:\/\/totalblue.ro\/it\/produs\/yum-yum-supa-instant-vita-60g\/","title":{"rendered":"Yum Yum Supa instant Vita 60g"},"content":{"rendered":"<p>Ingrediente : <span class=\"HwtZe\" lang=\"ro\"><span class=\"jCAhz ChMk0b\"><span class=\"ryNqvb\">F\u0103in\u0103 de gr\u00e2u, ulei de palmier, sare, zah\u0103r, sos de soia pudr\u0103, poten\u021biatori de arom\u0103 (E621, E627, E631), pudr\u0103 de vit\u0103, pudr\u0103 de usturoi, pudr\u0103 de ceap\u0103, condimente, regulatori de aciditate (E330, E331), agen\u021bi de \u00eengro\u0219are (E415, E412).<br \/>\nValori nutrizionali \/ 100 g:<br \/>\nEnergie 319 kJ (76 kcal)<br \/>\nGrasimi 3.8 g din care saturate 1.7 g<br \/>\nGlucide 9 g din care zaharuri 0.4 g<br \/>\nProteine 1,4 g<br \/>\nSare 0.86 g<\/span><\/span><\/span><br \/>\nPreparazione:<br \/>\nMettere il contenuto della bustina in un piatto o in una ciotola.<br \/>\nVersare 320 ml di acqua calda sugli ingredienti e coprire con un coperchio per 3 minuti.<br \/>\nServire caldo.<\/p>\n<p>Importatore : Total Blue Impex SRL<\/p>","protected":false},"excerpt":{"rendered":"<p>Ingrediente : F\u0103in\u0103 de gr\u00e2u, ulei de palmier, sare, zah\u0103r, sos de soia pudr\u0103, poten\u021biatori de arom\u0103 (E621, E627, E631), pudr\u0103 de vit\u0103, pudr\u0103 de usturoi, pudr\u0103 de ceap\u0103, condimente, regulatori de aciditate (E330, E331), agen\u021bi de \u00eengro\u0219are (E415, E412). Valori nutritionale \/ 100 g: Energie 319 kJ (76 kcal) Grasimi 3.8 g din care [&#8230;]\n","protected":false},"featured_media":130879,"comment_status":"open","ping_status":"closed","template":"","meta":{"_acf_changed":false,"_seopress_robots_primary_cat":"1950","_seopress_titles_title":"","_seopress_titles_desc":"","_seopress_robots_index":""},"product_brand":[22881],"product_cat":[1555,1683,3372,17494,21594,3428,1950,1954],"giftcard-category":[],"class_list":{"0":"post-130873","1":"product","2":"type-product","3":"status-publish","4":"has-post-thumbnail","6":"product_brand-yum-yum","7":"product_cat-bacanie","8":"product_cat-conserve-mancare-gatita","9":"product_cat-conserve-produse-germania","10":"product_cat-influente-asiatice","11":"product_cat-noodles-supe-instant","12":"product_cat-paste-orez-ulei-otet-produse-germania","13":"product_cat-produse-germania","14":"product_cat-semipreparate","16":"first","17":"instock","18":"taxable","19":"shipping-taxable","20":"purchasable","21":"product-type-simple"},"acf":[],"_links":{"self":[{"href":"https:\/\/totalblue.ro\/it\/wp-json\/wp\/v2\/product\/130873","targetHints":{"allow":["GET"]}}],"collection":[{"href":"https:\/\/totalblue.ro\/it\/wp-json\/wp\/v2\/product"}],"about":[{"href":"https:\/\/totalblue.ro\/it\/wp-json\/wp\/v2\/types\/product"}],"replies":[{"embeddable":true,"href":"https:\/\/totalblue.ro\/it\/wp-json\/wp\/v2\/comments?post=130873"}],"wp:featuredmedia":[{"embeddable":true,"href":"https:\/\/totalblue.ro\/it\/wp-json\/wp\/v2\/media\/130879"}],"wp:attachment":[{"href":"https:\/\/totalblue.ro\/it\/wp-json\/wp\/v2\/media?parent=130873"}],"wp:term":[{"taxonomy":"product_brand","embeddable":true,"href":"https:\/\/totalblue.ro\/it\/wp-json\/wp\/v2\/product_brand?post=130873"},{"taxonomy":"product_cat","embeddable":true,"href":"https:\/\/totalblue.ro\/it\/wp-json\/wp\/v2\/product_cat?post=130873"},{"taxonomy":"giftcard-category","embeddable":true,"href":"https:\/\/totalblue.ro\/it\/wp-json\/wp\/v2\/giftcard-category?post=130873"}],"curies":[{"name":"wp","href":"https:\/\/api.w.org\/{rel}","templated":true}]}}