{"id":130885,"date":"2024-02-21T16:13:12","date_gmt":"2024-02-21T14:13:12","guid":{"rendered":"https:\/\/totalblue.ro\/?post_type=product&#038;p=130885"},"modified":"2026-01-21T11:41:02","modified_gmt":"2026-01-21T09:41:02","slug":"nissin-supa-instant-miso-100g-import-germania","status":"publish","type":"product","link":"https:\/\/totalblue.ro\/it\/produs\/nissin-supa-instant-miso-100g-import-germania\/","title":{"rendered":"Zuppa di miso istantanea Nissin 100g, importata dalla Germania"},"content":{"rendered":"<p>Ingrediente : T\u0103i\u021bei 90,8% [f\u0103in\u0103 de gr\u00e2u, ulei de palmier, sare, amelioratori de faina (E500, E451), E501 stabilizator, E412 agent de \u00eengro\u0219are, E306 antioxidant], pudra de condimente 9,2% [sare, zahar, poten\u021biator de arom\u0103 (E621, E631, E627), sirop de glucoz\u0103, pudra miso(soia, orez, sare) 7.6% din pudra de condimente, condimente, agent de ingrosare E412, pudra de ceapa, arome(contine gr\u00e2u, soia, susan), colorant(E150c extract de ardei), pudra de sos de soia(soia, grau, sare, maltodextrina), agent antiaglomerant E551, extract de drojdie, proteina de porumb hidrolizata, regulator de aciditate(acid succinic).<br \/>\nValori nutritionale \/ 100 g:<br \/>\nEnergie 378 kJ \/ 90 kcal<br \/>\nGrasimi 3.7 g din care acizi saturati 2 g<br \/>\nCarbohidrati 11.6 g din care zaharuri 0.8 g<br \/>\nProteine 2 g<br \/>\nSare 0.97 g<br \/>\nMod de preparare:<br \/>\nPuneti continutul plicului intr-o farfurie sau bol.<br \/>\nTurnati peste ingrediente 500 ml de apa fierbinte.<br \/>\nAcoperiti cu un capac timp de 3 minute.<br \/>\nSe serveste calda.<\/p>\n<p>Mod de pastrare: A se pastra la loc uscat si racoros.<\/p>\n<p>Importator : Total Blue Impex SRL<\/p>\n","protected":false},"excerpt":{"rendered":"<p>Ingrediente : T\u0103i\u021bei 90,8% [f\u0103in\u0103 de gr\u00e2u, ulei de palmier, sare, amelioratori de faina (E500, E451), E501 stabilizator, E412 agent de \u00eengro\u0219are, E306 antioxidant], pudra de condimente 9,2% [sare, zahar, poten\u021biator de arom\u0103 (E621, E631, E627), sirop de glucoz\u0103, pudra miso(soia, orez, sare) 7.6% din pudra de condimente, condimente, agent de ingrosare E412, pudra de [&#8230;]\n","protected":false},"featured_media":130891,"comment_status":"open","ping_status":"closed","template":"","meta":{"_acf_changed":false,"_seopress_robots_primary_cat":"1950","_seopress_titles_title":"","_seopress_titles_desc":"","_seopress_robots_index":""},"product_brand":[22913],"product_cat":[1555,1683,3372,17494,21594,3428,21826,1950,1954,22064],"giftcard-category":[],"class_list":{"0":"post-130885","1":"product","2":"type-product","3":"status-publish","4":"has-post-thumbnail","6":"product_brand-nissin","7":"product_cat-bacanie","8":"product_cat-conserve-mancare-gatita","9":"product_cat-conserve-produse-germania","10":"product_cat-influente-asiatice","11":"product_cat-noodles-supe-instant","12":"product_cat-paste-orez-ulei-otet-produse-germania","13":"product_cat-produse-bio-dietetice","14":"product_cat-produse-germania","15":"product_cat-semipreparate","16":"product_cat-vegetarian","18":"first","19":"outofstock","20":"taxable","21":"shipping-taxable","22":"purchasable","23":"product-type-simple"},"acf":[],"_links":{"self":[{"href":"https:\/\/totalblue.ro\/it\/wp-json\/wp\/v2\/product\/130885","targetHints":{"allow":["GET"]}}],"collection":[{"href":"https:\/\/totalblue.ro\/it\/wp-json\/wp\/v2\/product"}],"about":[{"href":"https:\/\/totalblue.ro\/it\/wp-json\/wp\/v2\/types\/product"}],"replies":[{"embeddable":true,"href":"https:\/\/totalblue.ro\/it\/wp-json\/wp\/v2\/comments?post=130885"}],"wp:featuredmedia":[{"embeddable":true,"href":"https:\/\/totalblue.ro\/it\/wp-json\/wp\/v2\/media\/130891"}],"wp:attachment":[{"href":"https:\/\/totalblue.ro\/it\/wp-json\/wp\/v2\/media?parent=130885"}],"wp:term":[{"taxonomy":"product_brand","embeddable":true,"href":"https:\/\/totalblue.ro\/it\/wp-json\/wp\/v2\/product_brand?post=130885"},{"taxonomy":"product_cat","embeddable":true,"href":"https:\/\/totalblue.ro\/it\/wp-json\/wp\/v2\/product_cat?post=130885"},{"taxonomy":"giftcard-category","embeddable":true,"href":"https:\/\/totalblue.ro\/it\/wp-json\/wp\/v2\/giftcard-category?post=130885"}],"curies":[{"name":"wp","href":"https:\/\/api.w.org\/{rel}","templated":true}]}}