{"id":133754,"date":"2024-02-26T10:55:07","date_gmt":"2024-02-26T08:55:07","guid":{"rendered":"https:\/\/totalblue.ro\/?post_type=product&#038;p=133754"},"modified":"2025-09-03T21:29:21","modified_gmt":"2025-09-03T18:29:21","slug":"sacla-pesto-chilli-bio-190-grame","status":"publish","type":"product","link":"https:\/\/totalblue.ro\/it\/produs\/sacla-pesto-chilli-bio-190-grame\/","title":{"rendered":"Sacla Pesto Chilli Bio, 190 grame"},"content":{"rendered":"<p>Vegetariano<br \/>\nOrganic<br \/>\nSenza glutine<br \/>\nIngrediente: Piure de rosii*, boia dulce* 28%, ulei de floarea soarelui*, patrunjel*, caju* (NUCI), usturoi, piper cayenne* 1,1%, sare, fulgi de piper*, sirop de orez*, regulator de aciditate: acid lactic, cimbru*, anason lichior*. *Ingrediente organice.<br \/>\nContine nuci<br \/>\nValori nutrizionali \/ 100 g:<br \/>\nEnergie: 1199 kJ\/ 290 kcal<br \/>\nGrasimi: 28 g din care acizi grasi saturati: 3.4 g<br \/>\nCarbohidrati 7.2 g sau care zaharuri 3.7 g<br \/>\nProteine: 1.9 g<br \/>\nSare: 1.2 g<br \/>\nSacl\u00e0 unisce passione, tradizione e i migliori ingredienti per portare in tavola i migliori prodotti italiani. I prodotti italiani Sacl\u00e0 sono preparati sulla base di ricette originali italiane e convincono per il loro sapore e la loro qualit\u00e0. Che si tratti di pesto, salse, antipasti, oli d'oliva, qualit\u00e0 biologica o ricette vegane: Sacl\u00e0 offre una vasta gamma di prelibatezze italiane e porta il piacere italiano nella vostra cucina!<br \/>\n<a href=\"https:\/\/totalblue.ro\/wp-content\/uploads\/2021\/02\/bio01.jpg\"><img loading=\"lazy\" decoding=\"async\" class=\"alignnone wp-image-27484\" src=\"https:\/\/totalblue.ro\/wp-content\/uploads\/2021\/02\/bio01.jpg\" alt=\"\" width=\"64\" height=\"64\" \/><\/a> <a href=\"https:\/\/totalblue.ro\/wp-content\/uploads\/2021\/02\/bio-badge.png\"><img loading=\"lazy\" decoding=\"async\" class=\"alignnone wp-image-27470\" src=\"https:\/\/totalblue.ro\/wp-content\/uploads\/2021\/02\/bio-badge.png\" alt=\"\" width=\"63\" height=\"63\" \/><\/a><\/p>","protected":false},"excerpt":{"rendered":"<p>Vegetarian Organic Fara gluten Ingrediente: Piure de rosii*, boia dulce* 28%, ulei de floarea soarelui*, patrunjel*, caju* (NUCI), usturoi, piper cayenne* 1,1%, sare, fulgi de piper*, sirop de orez*, regulator de aciditate: acid lactic, cimbru*, anason lichior*. *Ingrediente organice. Contine nuci Valori nutritionale \/ 100 g: Energie: 1199 kJ\/ 290 kcal Grasimi: 28 g din [&#8230;]\n","protected":false},"featured_media":133758,"comment_status":"open","ping_status":"closed","template":"","meta":{"_acf_changed":false,"_seopress_robots_primary_cat":"none","_seopress_titles_title":"","_seopress_titles_desc":"","_seopress_robots_index":""},"product_brand":[12251],"product_cat":[1555,21858,1451,21410,3380,22076,21826,1950,18062,22064],"giftcard-category":[],"class_list":{"0":"post-133754","1":"product","2":"type-product","3":"status-publish","4":"has-post-thumbnail","6":"product_brand-sacla","7":"product_cat-bacanie","8":"product_cat-bio","9":"product_cat-condimente-produse-instant","10":"product_cat-condimente-sosuri-produse-italia","11":"product_cat-condimente-sosuri-produse-germania","12":"product_cat-fara-gluten","13":"product_cat-produse-bio-dietetice","14":"product_cat-produse-germania","15":"product_cat-produse-italia","16":"product_cat-vegetarian","18":"first","19":"outofstock","20":"taxable","21":"shipping-taxable","22":"purchasable","23":"product-type-simple"},"acf":[],"_links":{"self":[{"href":"https:\/\/totalblue.ro\/it\/wp-json\/wp\/v2\/product\/133754","targetHints":{"allow":["GET"]}}],"collection":[{"href":"https:\/\/totalblue.ro\/it\/wp-json\/wp\/v2\/product"}],"about":[{"href":"https:\/\/totalblue.ro\/it\/wp-json\/wp\/v2\/types\/product"}],"replies":[{"embeddable":true,"href":"https:\/\/totalblue.ro\/it\/wp-json\/wp\/v2\/comments?post=133754"}],"wp:featuredmedia":[{"embeddable":true,"href":"https:\/\/totalblue.ro\/it\/wp-json\/wp\/v2\/media\/133758"}],"wp:attachment":[{"href":"https:\/\/totalblue.ro\/it\/wp-json\/wp\/v2\/media?parent=133754"}],"wp:term":[{"taxonomy":"product_brand","embeddable":true,"href":"https:\/\/totalblue.ro\/it\/wp-json\/wp\/v2\/product_brand?post=133754"},{"taxonomy":"product_cat","embeddable":true,"href":"https:\/\/totalblue.ro\/it\/wp-json\/wp\/v2\/product_cat?post=133754"},{"taxonomy":"giftcard-category","embeddable":true,"href":"https:\/\/totalblue.ro\/it\/wp-json\/wp\/v2\/giftcard-category?post=133754"}],"curies":[{"name":"wp","href":"https:\/\/api.w.org\/{rel}","templated":true}]}}